{"id":310,"date":"2024-02-06T00:23:26","date_gmt":"2024-02-05T21:23:26","guid":{"rendered":"https:\/\/wordpress1707176168692.app.runonflux.io\/gizlilik-politikasi\/"},"modified":"2024-02-21T02:04:57","modified_gmt":"2024-02-20T23:04:57","slug":"gizlilik-politikasi","status":"publish","type":"page","link":"https:\/\/ridermade.com\/tr\/gizlilik-politikasi\/","title":{"rendered":"Gizlilik Politikas\u0131"},"content":{"rendered":"\n<p>https:\/\/ridermade.com adresinden eri\u015filebilen RiderMade&#8217;de temel \u00f6nceliklerimizden biri ziyaret\u00e7ilerimizin gizlili\u011fidir. Bu Gizlilik Politikas\u0131 belgesi, RiderMade taraf\u0131ndan toplanan ve kaydedilen bilgi t\u00fcrlerini ve bunlar\u0131 nas\u0131l kulland\u0131\u011f\u0131m\u0131z\u0131 i\u00e7erir.<\/p>\n\n<p>Ek sorular\u0131n\u0131z varsa veya Gizlilik Politikam\u0131z hakk\u0131nda daha fazla bilgiye ihtiyac\u0131n\u0131z varsa, bizimle ileti\u015fime ge\u00e7mekten \u00e7ekinmeyin.<\/p>\n\n<p style=\"margin-bottom:var(--wp--preset--spacing--50)\">Bu Gizlilik Politikas\u0131 yaln\u0131zca \u00e7evrimi\u00e7i faaliyetlerimiz i\u00e7in ge\u00e7erlidir ve RiderMade&#8217;de payla\u015ft\u0131klar\u0131 ve\/veya toplad\u0131klar\u0131 bilgilerle ilgili olarak web sitemizi ziyaret edenler i\u00e7in ge\u00e7erlidir. Bu politika, \u00e7evrimd\u0131\u015f\u0131 olarak veya bu web sitesi d\u0131\u015f\u0131ndaki kanallar arac\u0131l\u0131\u011f\u0131yla toplanan bilgiler i\u00e7in ge\u00e7erli de\u011fildir.<\/p>\n\n<h2 class=\"wp-block-heading\" id=\"consent\">R\u0131za<\/h2>\n\n<p style=\"margin-bottom:var(--wp--preset--spacing--40)\">Web sitemizi kullanarak, Gizlilik Politikam\u0131z\u0131 onaylam\u0131\u015f ve \u015fartlar\u0131n\u0131 kabul etmi\u015f olursunuz.<\/p>\n\n<h3 class=\"wp-block-heading\" id=\"information-we-collect\">Toplad\u0131\u011f\u0131m\u0131z bilgiler<\/h3>\n\n<p>Vermeniz istenen ki\u015fisel bilgiler ve bunlar\u0131 vermenizin istenmesinin nedenleri, ki\u015fisel bilgilerinizi vermenizi istedi\u011fimiz noktada size a\u00e7\u0131k\u00e7a belirtilecektir.<\/p>\n\n<p>Bizimle do\u011frudan ileti\u015fime ge\u00e7erseniz, ad\u0131n\u0131z, e-posta adresiniz, telefon numaran\u0131z, bize g\u00f6nderebilece\u011finiz mesaj\u0131n ve\/veya eklerin i\u00e7eri\u011fi ve vermeyi tercih edebilece\u011finiz di\u011fer bilgiler gibi sizinle ilgili ek bilgiler alabiliriz.<\/p>\n\n<p style=\"margin-bottom:var(--wp--preset--spacing--50)\">Bir Hesap i\u00e7in kaydoldu\u011funuzda, ad, \u015firket ad\u0131, adres, e-posta adresi ve telefon numaras\u0131 gibi \u00f6\u011feler dahil olmak \u00fczere ileti\u015fim bilgilerinizi isteyebiliriz. Sat\u0131n ald\u0131\u011f\u0131n\u0131z \u00fcr\u00fcnlerin teslim edildi\u011finden emin olabilmek ve web sitemizden verdi\u011finiz sipari\u015fler hakk\u0131nda sizinle ileti\u015fime ge\u00e7ip g\u00fcncelleme yapabilmek i\u00e7in bu bilgilere ihtiyac\u0131m\u0131z var.<\/p>\n\n<h3 class=\"wp-block-heading\" id=\"how-we-use-your-information\">Bilgilerinizi nas\u0131l kullan\u0131yoruz<\/h3>\n\n<p>Toplad\u0131\u011f\u0131m\u0131z bilgileri a\u015fa\u011f\u0131dakiler de dahil olmak \u00fczere \u00e7e\u015fitli \u015fekillerde kullan\u0131r\u0131z:<\/p>\n\n<ul class=\"wp-block-list\">\n<li>Web sitemizi sa\u011flamak, i\u015fletmek ve bak\u0131m\u0131n\u0131 yapmak<\/li>\n\n\n\n<li>Web sitemizi iyile\u015ftirmek, ki\u015fiselle\u015ftirmek ve geni\u015fletmek<\/li>\n\n\n\n<li>Web sitemizi nas\u0131l kulland\u0131\u011f\u0131n\u0131z\u0131 anlamak ve analiz etmek<\/li>\n\n\n\n<li>Yeni \u00fcr\u00fcnler, hizmetler, \u00f6zellikler ve i\u015flevler geli\u015ftirmek<\/li>\n\n\n\n<li>M\u00fc\u015fteri hizmetleri, web sitesi ile ilgili g\u00fcncellemeler ve di\u011fer bilgileri sa\u011flamak ve pazarlama ve tan\u0131t\u0131m ama\u00e7lar\u0131 da dahil olmak \u00fczere, do\u011frudan veya ortaklar\u0131m\u0131zdan biri arac\u0131l\u0131\u011f\u0131yla sizinle ileti\u015fim kurmak<\/li>\n\n\n\n<li>Size e-posta g\u00f6ndermek<\/li>\n\n\n\n<li style=\"margin-bottom:var(--wp--preset--spacing--50)\">Doland\u0131r\u0131c\u0131l\u0131\u011f\u0131 bulma ve \u00f6nleme<\/li>\n<\/ul>\n\n<h3 class=\"wp-block-heading\" id=\"log-files\">G\u00fcnl\u00fck Dosyalar\u0131<\/h3>\n\n<p style=\"margin-bottom:var(--wp--preset--spacing--50)\">RiderMade g\u00fcnl\u00fck dosyalar\u0131n\u0131 kullanmak i\u00e7in standart bir prosed\u00fcr izler. Bu dosyalar ziyaret\u00e7ilerin web sitelerini ziyaret ettiklerinde kay\u0131tlar\u0131n\u0131 tutar. T\u00fcm bar\u0131nd\u0131rma \u015firketleri bunu yapar ve bar\u0131nd\u0131rma hizmetlerinin analizlerinin bir par\u00e7as\u0131d\u0131r. G\u00fcnl\u00fck dosyalar\u0131 taraf\u0131ndan toplanan bilgiler aras\u0131nda internet protokol\u00fc (IP) adresleri, taray\u0131c\u0131 t\u00fcr\u00fc, \u0130nternet Servis Sa\u011flay\u0131c\u0131s\u0131 (ISP), tarih ve saat damgas\u0131, y\u00f6nlendirme\/\u00e7\u0131k\u0131\u015f sayfalar\u0131 ve muhtemelen t\u0131klama say\u0131s\u0131 bulunur. Bunlar ki\u015fisel olarak tan\u0131mlanabilir herhangi bir bilgi ile ba\u011flant\u0131l\u0131 de\u011fildir. Bilgilerin amac\u0131, e\u011filimleri analiz etmek, siteyi y\u00f6netmek, kullan\u0131c\u0131lar\u0131n web sitesindeki hareketlerini izlemek ve demografik bilgi toplamakt\u0131r.<\/p>\n\n<h3 class=\"wp-block-heading\" id=\"cookies-and-web-beacons\">\u00c7erezler ve Web \u0130\u015faret\u00e7ileri<\/h3>\n\n<p style=\"margin-bottom:var(--wp--preset--spacing--50)\">Di\u011fer t\u00fcm web siteleri gibi RiderMade de &#8220;\u00e7erezler&#8221; kullan\u0131r. Bu \u00e7erezler, ziyaret\u00e7ilerin tercihleri ve ziyaret\u00e7inin web sitesinde eri\u015fti\u011fi veya ziyaret etti\u011fi sayfalar dahil olmak \u00fczere bilgileri saklamak i\u00e7in kullan\u0131l\u0131r. Bu bilgiler, web sayfas\u0131 i\u00e7eri\u011fimizi ziyaret\u00e7ilerin taray\u0131c\u0131 t\u00fcr\u00fcne ve\/veya di\u011fer bilgilerine g\u00f6re \u00f6zelle\u015ftirerek kullan\u0131c\u0131lar\u0131n deneyimini optimize etmek i\u00e7in kullan\u0131l\u0131r.<\/p>\n\n<h3 class=\"wp-block-heading\" id=\"advertising-partners-privacy-policies\">Reklam Ortaklar\u0131 Gizlilik Politikalar\u0131<\/h3>\n\n<p>RiderMade&#8217;in reklam ortaklar\u0131n\u0131n her birinin Gizlilik Politikas\u0131n\u0131 bulmak i\u00e7in bu listeye ba\u015fvurabilirsiniz.<\/p>\n\n<p>\u00dc\u00e7\u00fcnc\u00fc taraf reklam sunucular\u0131 veya reklam a\u011flar\u0131, RiderMade&#8217;de g\u00f6r\u00fcnen ve do\u011frudan kullan\u0131c\u0131lar\u0131n taray\u0131c\u0131s\u0131na g\u00f6nderilen ilgili reklamlar\u0131nda ve ba\u011flant\u0131lar\u0131nda kullan\u0131lan \u00e7erezler, JavaScript veya Web \u0130\u015faret\u00e7ileri gibi teknolojileri kullan\u0131r. Bu ger\u00e7ekle\u015fti\u011finde IP adresinizi otomatik olarak al\u0131rlar. Bu teknolojiler, reklam kampanyalar\u0131n\u0131n etkinli\u011fini \u00f6l\u00e7mek ve\/veya ziyaret etti\u011finiz web sitelerinde g\u00f6rd\u00fc\u011f\u00fcn\u00fcz reklam i\u00e7eri\u011fini ki\u015fiselle\u015ftirmek i\u00e7in kullan\u0131l\u0131r.<\/p>\n\n<p style=\"margin-bottom:var(--wp--preset--spacing--50)\">RiderMade&#8217;in \u00fc\u00e7\u00fcnc\u00fc taraf reklamc\u0131lar taraf\u0131ndan kullan\u0131lan bu \u00e7erezlere eri\u015fimi veya kontrol\u00fc olmad\u0131\u011f\u0131n\u0131 unutmay\u0131n.<\/p>\n\n<h3 class=\"wp-block-heading\" id=\"third-party-privacy-policies\">\u00dc\u00e7\u00fcnc\u00fc Taraf Gizlilik Politikalar\u0131<\/h3>\n\n<p>RiderMade&#8217;in Gizlilik Politikas\u0131 di\u011fer reklamc\u0131lar veya web siteleri i\u00e7in ge\u00e7erli de\u011fildir. Bu nedenle, daha ayr\u0131nt\u0131l\u0131 bilgi i\u00e7in bu \u00fc\u00e7\u00fcnc\u00fc taraf reklam sunucular\u0131n\u0131n ilgili Gizlilik Politikalar\u0131na ba\u015fvurman\u0131z\u0131 tavsiye ederiz. Uygulamalar\u0131n\u0131 ve belirli se\u00e7eneklerden nas\u0131l vazge\u00e7ilece\u011fine ili\u015fkin talimatlar\u0131 i\u00e7erebilir.<\/p>\n\n<p style=\"margin-bottom:var(--wp--preset--spacing--50)\">Bireysel taray\u0131c\u0131 se\u00e7enekleriniz arac\u0131l\u0131\u011f\u0131yla \u00e7erezleri devre d\u0131\u015f\u0131 b\u0131rakmay\u0131 se\u00e7ebilirsiniz. Belirli web taray\u0131c\u0131lar\u0131 ile \u00e7erez y\u00f6netimi hakk\u0131nda daha ayr\u0131nt\u0131l\u0131 bilgi edinmek i\u00e7in, taray\u0131c\u0131lar\u0131n ilgili web sitelerinde bulunabilir.<\/p>\n\n<h2 class=\"wp-block-heading\" id=\"ccpa-privacy-rights-do-not-sell-my-personal-information\">CCPA Gizlilik Haklar\u0131 (Ki\u015fisel Bilgilerimi Satmay\u0131n)<\/h2>\n\n<p>CCPA kapsam\u0131nda, di\u011fer haklar\u0131n yan\u0131 s\u0131ra, Kaliforniyal\u0131 t\u00fcketiciler \u015fu haklara sahiptir:<\/p>\n\n<p>Bir t\u00fcketicinin ki\u015fisel verilerini toplayan bir i\u015fletmenin, t\u00fcketiciler hakk\u0131nda toplad\u0131\u011f\u0131 ki\u015fisel verilerin kategorilerini ve belirli par\u00e7alar\u0131n\u0131 a\u00e7\u0131klamas\u0131n\u0131 talep edin.<\/p>\n\n<p>Bir i\u015fletmenin t\u00fcketici hakk\u0131nda toplad\u0131\u011f\u0131 t\u00fcm ki\u015fisel verileri silmesini talep etme.<\/p>\n\n<p>T\u00fcketicinin ki\u015fisel verilerini satan bir i\u015fletmenin, t\u00fcketicinin ki\u015fisel verilerini satmamas\u0131n\u0131 talep edin.<\/p>\n\n<p style=\"margin-bottom:var(--wp--preset--spacing--50)\">Bir talepte bulunursan\u0131z, size yan\u0131t vermek i\u00e7in bir ay s\u00fcremiz vard\u0131r. Bu haklardan herhangi birini kullanmak isterseniz, l\u00fctfen bizimle ileti\u015fime ge\u00e7in.<\/p>\n\n<h2 class=\"wp-block-heading\" id=\"gdpr-data-protection-rights\">GDPR Veri Koruma Haklar\u0131<\/h2>\n\n<p>T\u00fcm veri koruma haklar\u0131n\u0131zdan tam olarak haberdar oldu\u011funuzdan emin olmak isteriz. Her kullan\u0131c\u0131 a\u015fa\u011f\u0131daki haklara sahiptir:<\/p>\n\n<p>Eri\u015fim hakk\u0131 - Ki\u015fisel verilerinizin kopyalar\u0131n\u0131 talep etme hakk\u0131na sahipsiniz. Bu hizmet i\u00e7in sizden k\u00fc\u00e7\u00fck bir \u00fccret talep edebiliriz.<\/p>\n\n<p>D\u00fczeltme hakk\u0131 - Yanl\u0131\u015f oldu\u011funa inand\u0131\u011f\u0131n\u0131z herhangi bir bilgiyi d\u00fczeltmemizi talep etme hakk\u0131na sahipsiniz. Ayr\u0131ca, eksik oldu\u011funu d\u00fc\u015f\u00fcnd\u00fc\u011f\u00fcn\u00fcz bilgileri tamamlamam\u0131z\u0131 talep etme hakk\u0131na da sahipsiniz.<\/p>\n\n<p>Silme hakk\u0131 - Belirli ko\u015fullar alt\u0131nda ki\u015fisel verilerinizi silmemizi talep etme hakk\u0131na sahipsiniz.<\/p>\n\n<p>\u0130\u015flemeyi k\u0131s\u0131tlama hakk\u0131 - Belirli ko\u015fullar alt\u0131nda ki\u015fisel verilerinizin i\u015flenmesini k\u0131s\u0131tlamam\u0131z\u0131 talep etme hakk\u0131na sahipsiniz.<\/p>\n\n<p>\u0130\u015flemeye itiraz etme hakk\u0131 - Belirli ko\u015fullar alt\u0131nda ki\u015fisel verilerinizin taraf\u0131m\u0131zca i\u015flenmesine itiraz etme hakk\u0131na sahipsiniz.<\/p>\n\n<p>Veri ta\u015f\u0131nabilirli\u011fi hakk\u0131 - Toplad\u0131\u011f\u0131m\u0131z verileri belirli ko\u015fullar alt\u0131nda ba\u015fka bir kurulu\u015fa veya do\u011frudan size aktarmam\u0131z\u0131 talep etme hakk\u0131na sahipsiniz.<\/p>\n\n<p style=\"margin-bottom:var(--wp--preset--spacing--50)\">Bir talepte bulunursan\u0131z, size yan\u0131t vermek i\u00e7in bir ay s\u00fcremiz vard\u0131r. Bu haklardan herhangi birini kullanmak isterseniz, l\u00fctfen bizimle ileti\u015fime ge\u00e7in.<\/p>\n\n<h2 class=\"wp-block-heading\" id=\"children-s-information\">\u00c7ocuk Bilgileri<\/h2>\n\n<p>\u00d6nceli\u011fimizin bir di\u011fer par\u00e7as\u0131 da internet kullan\u0131m\u0131 s\u0131ras\u0131nda \u00e7ocuklar i\u00e7in koruma sa\u011flamakt\u0131r. Ebeveynleri ve velileri \u00e7ocuklar\u0131n \u00e7evrimi\u00e7i faaliyetlerini g\u00f6zlemlemeye, bunlara kat\u0131lmaya ve\/veya izlemeye ve y\u00f6nlendirmeye te\u015fvik ediyoruz.<\/p>\n\n<p style=\"margin-bottom:var(--wp--preset--spacing--50)\">RiderMade, 13 ya\u015f\u0131n alt\u0131ndaki \u00e7ocuklardan bilerek herhangi bir Ki\u015fisel Tan\u0131mlanabilir Bilgi toplamaz. \u00c7ocu\u011funuzun web sitemizde bu t\u00fcr bilgiler verdi\u011fini d\u00fc\u015f\u00fcn\u00fcyorsan\u0131z, derhal bizimle ileti\u015fime ge\u00e7menizi \u00f6nemle tavsiye ederiz ve bu t\u00fcr bilgileri kay\u0131tlar\u0131m\u0131zdan derhal kald\u0131rmak i\u00e7in elimizden geleni yapaca\u011f\u0131z.<\/p>\n\n<h2 class=\"wp-block-heading\" id=\"changes-to-this-privacy-policy\">Bu Gizlilik Politikas\u0131ndaki De\u011fi\u015fiklikler<\/h2>\n\n<p style=\"margin-bottom:var(--wp--preset--spacing--50)\">Gizlilik Politikam\u0131z\u0131 zaman zaman g\u00fcncelleyebiliriz. Bu nedenle, herhangi bir de\u011fi\u015fiklik i\u00e7in bu sayfay\u0131 periyodik olarak g\u00f6zden ge\u00e7irmenizi tavsiye ederiz. Yeni Gizlilik Politikas\u0131n\u0131 bu sayfada yay\u0131nlayarak de\u011fi\u015fiklikleri size bildirece\u011fiz. Bu de\u011fi\u015fiklikler, bu sayfada yay\u0131nland\u0131ktan sonra derhal y\u00fcr\u00fcrl\u00fc\u011fe girer.<\/p>\n\n<h2 class=\"wp-block-heading\" id=\"contact-us\">Bize Ula\u015f\u0131n<\/h2>\n\n<p>Gizlilik Politikam\u0131z hakk\u0131nda herhangi bir sorunuz veya \u00f6neriniz varsa, ileti\u015fim sayfam\u0131z arac\u0131l\u0131\u011f\u0131yla bizimle ileti\u015fime ge\u00e7mekten \u00e7ekinmeyin.<\/p>\n\n<hr class=\"wp-block-separator has-alpha-channel-opacity\" style=\"margin-top:var(--wp--preset--spacing--30);margin-bottom:var(--wp--preset--spacing--30)\"\/>\n","protected":false},"excerpt":{"rendered":"<p>https:\/\/ridermade.com adresinden eri\u015filebilen RiderMade&#8217;de temel \u00f6nceliklerimizden biri ziyaret\u00e7ilerimizin gizlili\u011fidir. Bu Gizlilik Politikas\u0131 belgesi, RiderMade taraf\u0131ndan toplanan ve kaydedilen bilgi t\u00fcrlerini ve bunlar\u0131 nas\u0131l kulland\u0131\u011f\u0131m\u0131z\u0131 i\u00e7erir. Ek sorular\u0131n\u0131z varsa veya Gizlilik Politikam\u0131z hakk\u0131nda daha fazla bilgiye ihtiyac\u0131n\u0131z varsa, bizimle ileti\u015fime ge\u00e7mekten \u00e7ekinmeyin. Bu Gizlilik Politikas\u0131 yaln\u0131zca \u00e7evrimi\u00e7i faaliyetlerimiz i\u00e7in ge\u00e7erlidir ve RiderMade&#8217;de payla\u015ft\u0131klar\u0131 ve\/veya toplad\u0131klar\u0131 bilgilerle [&hellip;]<\/p>\n","protected":false},"author":1,"featured_media":0,"parent":0,"menu_order":0,"comment_status":"closed","ping_status":"open","template":"","meta":{"_seopress_robots_primary_cat":"","_seopress_titles_title":"","_seopress_titles_desc":"","_seopress_robots_index":"","ghostkit_customizer_options":"","ghostkit_custom_css":"","ghostkit_custom_js_head":"","ghostkit_custom_js_foot":"","ghostkit_typography":"","_joinchat":[],"footnotes":""},"class_list":["post-310","page","type-page","status-publish","hentry"],"_links":{"self":[{"href":"https:\/\/ridermade.com\/tr\/wp-json\/wp\/v2\/pages\/310","targetHints":{"allow":["GET"]}}],"collection":[{"href":"https:\/\/ridermade.com\/tr\/wp-json\/wp\/v2\/pages"}],"about":[{"href":"https:\/\/ridermade.com\/tr\/wp-json\/wp\/v2\/types\/page"}],"author":[{"embeddable":true,"href":"https:\/\/ridermade.com\/tr\/wp-json\/wp\/v2\/users\/1"}],"replies":[{"embeddable":true,"href":"https:\/\/ridermade.com\/tr\/wp-json\/wp\/v2\/comments?post=310"}],"version-history":[{"count":0,"href":"https:\/\/ridermade.com\/tr\/wp-json\/wp\/v2\/pages\/310\/revisions"}],"wp:attachment":[{"href":"https:\/\/ridermade.com\/tr\/wp-json\/wp\/v2\/media?parent=310"}],"curies":[{"name":"wp","href":"https:\/\/api.w.org\/{rel}","templated":true}]}}