{"id":314,"date":"2024-02-07T10:59:51","date_gmt":"2024-02-07T07:59:51","guid":{"rendered":"https:\/\/wordpress1707176168692.app.runonflux.io\/geri-odeme-ve-iadeler\/"},"modified":"2024-02-08T12:06:41","modified_gmt":"2024-02-08T09:06:41","slug":"para-iadesi-ve-iade-politikasi","status":"publish","type":"page","link":"https:\/\/ridermade.com\/tr\/para-iadesi-ve-iade-politikasi\/","title":{"rendered":"\u0130ade ve De\u011fi\u015fim"},"content":{"rendered":"\n<div class=\"wp-block-group is-layout-flow wp-block-group-is-layout-flow\">\n<p>RiderMade.com&#8217;dan sipari\u015f etti\u011finiz bir RiderMade \u00fcr\u00fcn\u00fcyle ilgili bir sorun ya\u015faman\u0131z durumunda l\u00fctfen bizimle e-posta<a href=\"mailto:info@ridermade.com\">(info@ridermade.com)<\/a> veya &#8216;Bize Ula\u015f\u0131n&#8217; sayfas\u0131 arac\u0131l\u0131\u011f\u0131yla ileti\u015fime ge\u00e7in.<\/p>\n\n\n\n<p>Sorunuz RiderMade.com&#8217;dan de\u011fil de bir ma\u011fazadan veya \u00e7evrimi\u00e7i perakendeciden sat\u0131n al\u0131nan bir \u00fcr\u00fcnle ilgiliyse l\u00fctfen do\u011frudan onlarla ileti\u015fime ge\u00e7in.<\/p>\n\n\n\n<p>Bir RiderMade m\u00fc\u015fteri hizmetleri temsilcisinden yan\u0131t ald\u0131ktan ve iade konusunda anla\u015fmaya vard\u0131ktan sonra, l\u00fctfen RiderMade sat\u0131n ald\u0131\u011f\u0131n\u0131z \u00fcr\u00fcn\u00fc posta yoluyla iade edin ve faturan\u0131z\u0131n arkas\u0131na iade nedeninizin yaz\u0131l\u0131 bir a\u00e7\u0131klamas\u0131n\u0131 ekleyin. Bunu iade etti\u011finiz \u00fcr\u00fcn(ler)e eklemeyi unutmay\u0131n. Gelecek i\u00e7in hizmetlerimizi ve \u00fcr\u00fcnlerimizi g\u00f6zden ge\u00e7irirken g\u00f6r\u00fc\u015fleriniz bizim i\u00e7in \u00f6nemlidir.<\/p>\n\n\n\n<p>\u0130ade i\u00e7in uygun olmak:<\/p>\n\n\n\n<ul class=\"wp-block-list\">\n<li>Sat\u0131n alma tarihinden itibaren 30 g\u00fcn i\u00e7inde olmak<\/li>\n\n\n\n<li>\u00dcr\u00fcn\u00fcn\u00fcz kullan\u0131lmam\u0131\u015f ve teslim ald\u0131\u011f\u0131n\u0131z durumda olmal\u0131d\u0131r<\/li>\n\n\n\n<li>Ayr\u0131ca a\u00e7\u0131lmam\u0131\u015f orijinal ambalaj\u0131nda olmal\u0131d\u0131r<\/li>\n<\/ul>\n\n\n\n<p>\u00dcr\u00fcn\u00fcn bize g\u00fcvenli ve emniyetli bir \u015fekilde iade edilmesini sa\u011flamak sizin sorumlulu\u011funuzdad\u0131r, kay\u0131tl\u0131 bir posta\/kurye hizmeti kullanman\u0131z\u0131 \u00f6neririz. L\u00fctfen kulland\u0131\u011f\u0131n\u0131z posta hizmetinin RiderMade sipari\u015finizin de\u011ferini kar\u015f\u0131lad\u0131\u011f\u0131ndan emin olun. \u0130ade nakliye masraflar\u0131 iade edilmez. \u00dcr\u00fcn bizim hatam\u0131z nedeniyle iade ediliyorsa ve bu bir RiderMade m\u00fc\u015fteri hizmetleri temsilcisi taraf\u0131ndan kabul edilmi\u015fse, posta \u00fccreti geri \u00f6denecektir.<\/p>\n\n\n\n<p style=\"margin-bottom:var(--wp--preset--spacing--50)\">Kullan\u0131lan uluslararas\u0131 kurye hizmetine ba\u011fl\u0131 olarak paketinizin bize ula\u015fmas\u0131 4-6 hafta kadar s\u00fcrebilir. Paketiniz bize ula\u015ft\u0131\u011f\u0131nda, iadenizi 2 i\u015f g\u00fcn\u00fc i\u00e7inde inceleyecek ve i\u015fleme alaca\u011f\u0131z. \u0130adelerin hesab\u0131n\u0131zda g\u00f6r\u00fcnmesi bankan\u0131zda 3\/5 g\u00fcne kadar s\u00fcrebilir. \u0130ade i\u015fleminiz tamamland\u0131\u011f\u0131nda size bir e-posta g\u00fcncellemesi g\u00f6nderilecektir.<\/p>\n\n\n\n<h2 class=\"wp-block-heading\" id=\"exchanges-policy\">De\u011fi\u015fim Politikas\u0131<\/h2>\n\n\n\n<p>Uygun olmamas\u0131 durumunda \u00fcr\u00fcn\u00fcn\u00fcz\u00fc de\u011fi\u015ftirebilirsiniz, ancak sat\u0131n alma i\u015fleminizin uygun olmas\u0131 gerekir:<\/p>\n\n\n\n<ul class=\"wp-block-list\">\n<li>Sat\u0131n alma tarihinden itibaren 30 g\u00fcn i\u00e7inde olmal\u0131d\u0131r<\/li>\n\n\n\n<li>\u00dcr\u00fcn\u00fcn\u00fcz kullan\u0131lmam\u0131\u015f ve teslim ald\u0131\u011f\u0131n\u0131z durumda olmal\u0131d\u0131r<\/li>\n\n\n\n<li>Ayr\u0131ca a\u00e7\u0131lmam\u0131\u015f orijinal ambalaj\u0131nda olmal\u0131d\u0131r<\/li>\n<\/ul>\n\n\n\n<p>\u00dcr\u00fcn\u00fcn bize g\u00fcvenli ve emniyetli bir \u015fekilde iade edilmesini sa\u011flamak sizin sorumlulu\u011funuzdad\u0131r, kay\u0131tl\u0131 bir posta\/kurye hizmeti kullanman\u0131z\u0131 \u00f6neririz. L\u00fctfen kulland\u0131\u011f\u0131n\u0131z posta hizmetinin RiderMade sipari\u015finizin de\u011ferini kar\u015f\u0131lad\u0131\u011f\u0131ndan emin olun.<\/p>\n\n\n\n<p>\u0130ade posta \u00fccreti ve riski size aittir. Mallar sizin m\u00fclkiyetinizdeyken onlara makul \u00f6l\u00e7\u00fcde \u00f6zen g\u00f6sterme konusunda yasal bir y\u00fck\u00fcml\u00fcl\u00fc\u011f\u00fcn\u00fcz bulunmaktad\u0131r. \u0130ade nakliye masraflar\u0131 iade edilmez. \u00dcr\u00fcn bizim hatam\u0131z nedeniyle iade ediliyorsa ve bu bir RiderMade m\u00fc\u015fteri hizmetleri temsilcisi taraf\u0131ndan kabul edilmi\u015fse, posta \u00fccreti geri \u00f6denecektir.<\/p>\n\n\n\n<p style=\"margin-bottom:var(--wp--preset--spacing--50)\">Paketinizin bize ula\u015fmas\u0131, kullan\u0131lan kurye hizmetine ba\u011fl\u0131 olarak 4-6 hafta kadar s\u00fcrebilir. Paketinizi ald\u0131ktan sonra 2 i\u015f g\u00fcn\u00fc i\u00e7inde de\u011fi\u015fiminizi inceleyecek ve i\u015fleme koyaca\u011f\u0131z. Herhangi bir de\u011fi\u015fimin hesab\u0131n\u0131zda g\u00f6r\u00fcnmesi bankan\u0131zda 5 g\u00fcne kadar s\u00fcrebilir. De\u011fi\u015fim i\u015fleminiz tamamland\u0131\u011f\u0131nda bir e-posta g\u00fcncellemesi alacaks\u0131n\u0131z.<\/p>\n\n\n\n<h2 class=\"wp-block-heading\" id=\"custom-duties-and-import-vat\">G\u00fcmr\u00fck Vergileri ve \u0130thalat KDV&#8217;si<\/h2>\n\n\n\n<p>Bir paket uluslararas\u0131 olarak g\u00f6nderildi\u011finde, var\u0131\u015f \u00fclkesi taraf\u0131ndan uygulanan ithalat vergilerine, g\u00fcmr\u00fck vergilerine ve\/veya \u00fccretlere tabi olabilir. Bu \u00fccretler genellikle sevk edilen mallar var\u0131\u015f \u00fclkesine ula\u015ft\u0131\u011f\u0131nda \u00f6denecektir.<\/p>\n\n\n\n<p>Var\u0131\u015f \u00fclkesinin yasa ve y\u00f6netmeliklerine uyulmas\u0131n\u0131 sa\u011flamak sizin sorumlulu\u011funuzdad\u0131r. RiderMade&#8217;in uygulanabilecek bu ek \u00fccretler konusunda herhangi bir sorumlulu\u011fu bulunmamaktad\u0131r.<\/p>\n\n\n\n<p>Baz\u0131 \u00fclkelerin, \u00fcr\u00fcnler g\u00f6nderilmeden \u00f6nce belirli belgeler talep edebilece\u011fini l\u00fctfen unutmay\u0131n. Gerekli bilgilerin sa\u011flanmamas\u0131 sipari\u015fte gecikmelere neden olabilir.<\/p>\n\n\n\n<p>G\u00fcmr\u00fck vergileri, har\u00e7lar ve g\u00fcmr\u00fckleme \u00fccretleri gibi ek masraflardan siz sorumlusunuz. \u0130thalat \u00fccretleri b\u00fcy\u00fck \u00f6l\u00e7\u00fcde de\u011fi\u015febilir, ancak en yayg\u0131n olarak \u00fcr\u00fcn\u00fcn fiyat\u0131 ve t\u00fcr\u00fc, paket a\u011f\u0131rl\u0131\u011f\u0131 ve boyutlar\u0131, men\u015fe \u00fclke ve var\u0131\u015f \u00fclkesinin vergi, resim ve har\u00e7lar\u0131na dayan\u0131r.<\/p>\n\n\n\n<p>Politikam\u0131z, hijyen ve g\u00fcvenlik nedenleriyle y\u00fcz maskelerimizin hi\u00e7birinin iade edilmesine izin vermemektedir.<\/p>\n<\/div>\n","protected":false},"excerpt":{"rendered":"<p>RiderMade.com&#8217;dan sipari\u015f etti\u011finiz bir RiderMade \u00fcr\u00fcn\u00fcyle ilgili bir sorun ya\u015faman\u0131z durumunda l\u00fctfen bizimle e-posta(info@ridermade.com) veya &#8216;Bize Ula\u015f\u0131n&#8217; sayfas\u0131 arac\u0131l\u0131\u011f\u0131yla ileti\u015fime ge\u00e7in. Sorunuz RiderMade.com&#8217;dan de\u011fil de bir ma\u011fazadan veya \u00e7evrimi\u00e7i perakendeciden sat\u0131n al\u0131nan bir \u00fcr\u00fcnle ilgiliyse l\u00fctfen do\u011frudan onlarla ileti\u015fime ge\u00e7in. Bir RiderMade m\u00fc\u015fteri hizmetleri temsilcisinden yan\u0131t ald\u0131ktan ve iade konusunda anla\u015fmaya vard\u0131ktan sonra, l\u00fctfen RiderMade [&hellip;]<\/p>\n","protected":false},"author":1,"featured_media":0,"parent":0,"menu_order":0,"comment_status":"closed","ping_status":"closed","template":"","meta":{"_seopress_robots_primary_cat":"","_seopress_titles_title":"","_seopress_titles_desc":"","_seopress_robots_index":"","ghostkit_customizer_options":"","ghostkit_custom_css":"","ghostkit_custom_js_head":"","ghostkit_custom_js_foot":"","ghostkit_typography":"","_joinchat":[],"footnotes":""},"class_list":["post-314","page","type-page","status-publish","hentry"],"_links":{"self":[{"href":"https:\/\/ridermade.com\/tr\/wp-json\/wp\/v2\/pages\/314","targetHints":{"allow":["GET"]}}],"collection":[{"href":"https:\/\/ridermade.com\/tr\/wp-json\/wp\/v2\/pages"}],"about":[{"href":"https:\/\/ridermade.com\/tr\/wp-json\/wp\/v2\/types\/page"}],"author":[{"embeddable":true,"href":"https:\/\/ridermade.com\/tr\/wp-json\/wp\/v2\/users\/1"}],"replies":[{"embeddable":true,"href":"https:\/\/ridermade.com\/tr\/wp-json\/wp\/v2\/comments?post=314"}],"version-history":[{"count":0,"href":"https:\/\/ridermade.com\/tr\/wp-json\/wp\/v2\/pages\/314\/revisions"}],"wp:attachment":[{"href":"https:\/\/ridermade.com\/tr\/wp-json\/wp\/v2\/media?parent=314"}],"curies":[{"name":"wp","href":"https:\/\/api.w.org\/{rel}","templated":true}]}}