{"id":352,"date":"2024-02-07T11:38:56","date_gmt":"2024-02-07T08:38:56","guid":{"rendered":"https:\/\/wordpress1707176168692.app.runonflux.io\/satis-sozlesmesi\/"},"modified":"2024-02-09T20:45:26","modified_gmt":"2024-02-09T17:45:26","slug":"satis-sozlesmesi","status":"publish","type":"page","link":"https:\/\/ridermade.com\/tr\/satis-sozlesmesi\/","title":{"rendered":"Sat\u0131\u015f S\u00f6zle\u015fmesi"},"content":{"rendered":"\n<p><strong>1. TARAFLAR<\/strong><\/p>\n\n<p>\u0130\u015fbu S\u00f6zle\u015fme a\u015fa\u011f\u0131da belirtilen taraflar aras\u0131nda a\u015fa\u011f\u0131da belirtilen h\u00fck\u00fcm ve ko\u015fullar \u00e7er\u00e7evesinde imzalanm\u0131\u015ft\u0131r.<\/p>\n\n<p> &#8216;ALICI&#8217;; (s\u00f6zle\u015fmede bundan b\u00f6yle &#8220;ALICI&#8221; olarak an\u0131lacakt\u0131r)<\/p>\n\n<p> &#8216;SATI\u015e K\u0130\u015e\u0130S\u0130&#8217; ; (s\u00f6zle\u015fmede bundan b\u00f6yle &#8220;SATICI&#8221; olarak an\u0131lacakt\u0131r)<\/p>\n\n<p>ALICI, i\u015fbu s\u00f6zle\u015fmeyi kabul etmekle, s\u00f6zle\u015fme konusu sipari\u015fi onaylamas\u0131 halinde sipari\u015fe konu bedeli ve varsa kargo \u00fccreti ve vergi gibi ek \u00fccretleri \u00f6demekle y\u00fck\u00fcml\u00fc olaca\u011f\u0131n\u0131 ve bu konuda bilgilendirildi\u011fini pe\u015finen kabul eder.<\/p>\n\n<p>\u200b<\/p>\n\n<p>2. TANIMLAR<\/p>\n\n<p>\u0130\u015fbu s\u00f6zle\u015fmenin uygulanmas\u0131nda ve yorumlanmas\u0131nda a\u015fa\u011f\u0131da yaz\u0131l\u0131 terimler kar\u015f\u0131lar\u0131nda yaz\u0131l\u0131 a\u00e7\u0131klamalar\u0131 ifade edecektir.<\/p>\n\n<p>G\u00fcmr\u00fck ve Ticaret Bakan\u0131,<\/p>\n\n<p>BAKANLIK G\u00fcmr\u00fck ve Ticaret Bakanl\u0131\u011f\u0131,<\/p>\n\n<p>KANUN: 6502 say\u0131l\u0131 T\u00fcketicinin Korunmas\u0131 Hakk\u0131nda Kanun,<\/p>\n\n<p>Y\u00d6NETMEL\u0130K: Mesafeli S\u00f6zle\u015fmeler Y\u00f6netmeli\u011fi (RG: 27.11.2014\/29188)<\/p>\n\n<p>H\u0130ZMET: Bir \u00fccret veya menfaat kar\u015f\u0131l\u0131\u011f\u0131nda yap\u0131lan ya da yap\u0131lmas\u0131 vaat edilen mal sa\u011flama d\u0131\u015f\u0131ndaki her t\u00fcrl\u00fc t\u00fcketici i\u015fleminin konusunu<\/p>\n\n<p>SATICI: Ticari veya mesleki faaliyetleri kapsam\u0131nda t\u00fcketiciye mal sunan ya da mal sunan\u0131n ad\u0131na ya da hesab\u0131na hareket eden \u015firket,<\/p>\n\n<p>ALICI: Bir mal veya hizmeti ticari veya mesleki olmayan ama\u00e7larla edinen, kullanan veya yararlanan ger\u00e7ek ya da t\u00fczel ki\u015fidir,<\/p>\n\n<p>S\u0130TE: SATICI&#8217;n\u0131n web sitesi,<\/p>\n\n<p>S\u0130PAR\u0130\u015e VEREN: SATICI&#8217;n\u0131n internet sitesi \u00fczerinden bir mal veya hizmeti talep eden ger\u00e7ek veya t\u00fczel ki\u015fi,<\/p>\n\n<p>TARAFLAR: SATICI ve ALICI,<\/p>\n\n<p>S\u00d6ZLE\u015eME: SATICI ile ALICI aras\u0131nda akdedilen bu anla\u015fmad\u0131r,<\/p>\n\n<p>MAL: Al\u0131\u015fveri\u015fe konu olan ta\u015f\u0131n\u0131r mallar ile elektronik ortamda kullan\u0131lmak \u00fczere haz\u0131rlanan yaz\u0131l\u0131m, ses, g\u00f6r\u00fcnt\u00fc ve benzeri gayri maddi mallar\u0131 ifade eder.<\/p>\n\n<p>3. KONU<\/p>\n\n<p>\u0130\u015fbu S\u00f6zle\u015fme, ALICI&#8217;n\u0131n SATICI&#8217;ya ait internet sitesi \u00fczerinden elektronik ortamda sipari\u015fini yapt\u0131\u011f\u0131 a\u015fa\u011f\u0131da nitelikleri ve sat\u0131\u015f fiyat\u0131 belirtilen \u00fcr\u00fcn\u00fcn sat\u0131\u015f\u0131 ve teslimi ile ilgili olarak 6502 say\u0131l\u0131 T\u00fcketicilerin Korunmas\u0131 Hakk\u0131ndaki Kanun ve Mesafeli S\u00f6zle\u015fmelere Dair Y\u00f6netmelik h\u00fck\u00fcmleri gere\u011fince taraflar\u0131n hak ve y\u00fck\u00fcml\u00fcl\u00fcklerini d\u00fczenlemektedir.<\/p>\n\n<p>Sitede listelenen ve ilan edilen fiyatlar sat\u0131\u015f fiyat\u0131d\u0131r. Beyan edilen fiyatlar ve vaatler g\u00fcncellenene veya de\u011fi\u015ftirilene kadar ge\u00e7erlidir. D\u00f6nemsel olarak a\u00e7\u0131klanan fiyatlar belirtilen s\u00fcrenin sonuna kadar ge\u00e7erlidir.<\/p>\n\n<p>4. SATICI BILGILERI<\/p>\n\n<p>Ba\u015fl\u0131k: RiderMade - KimyaFabrikasi Motosiklet Kimyasallari Ltd.<br\/>E-posta info@ridermade.com<\/p>\n\n<p>5. ALICI BI\u0307LGI\u0307LERI\u0307<\/p>\n\n<p>Teslimat g\u00f6revlisi<br\/>Teslimat Adresi<br\/>Telefon<br\/>Faks<br\/>E-posta\/kullan\u0131c\u0131 ad\u0131<\/p>\n\n<p>6. SIPARI\u015eI VEREN KI\u015eININ BILGILERI<\/p>\n\n<p>Ad\/Soyad\/Unvan<\/p>\n\n<p>Adres<br\/>Telefon<br\/>Faks<br\/>E-posta\/kullan\u0131c\u0131 ad\u0131<\/p>\n\n<p>7. S\u00d6ZLE\u015eME KONUSU \u00dcR\u00dcN\/\u00dcR\u00dcNLER BI\u0307LGI\u0307LERI\u0307<\/p>\n\n<p>1. Mal\/\u00dcr\u00fcn(ler)in\/Hizmetin temel \u00f6zellikleri (t\u00fcr\u00fc, miktar\u0131, marka\/modeli, rengi, adedi) SATICI&#8217;n\u0131n internet sitesinde yay\u0131nlanmaktad\u0131r. Sat\u0131c\u0131 taraf\u0131ndan bir kampanya d\u00fczenlenmi\u015fse, kampanya s\u00fcresince ilgili \u00fcr\u00fcn\u00fcn temel \u00f6zelliklerini inceleyebilirsiniz. Kampanya tarihine kadar ge\u00e7erlidir.<\/p>\n\n<p>7.2. Sitede listelenen ve ilan edilen fiyatlar sat\u0131\u015f fiyat\u0131d\u0131r. Beyan edilen fiyatlar ve vaatler g\u00fcncellenene veya de\u011fi\u015ftirilene kadar ge\u00e7erlidir. D\u00f6nemsel olarak a\u00e7\u0131klanan fiyatlar belirtilen s\u00fcrenin sonuna kadar ge\u00e7erlidir.<\/p>\n\n<p>7.3. S\u00f6zle\u015fme konusu mal veya hizmetlerin t\u00fcm vergiler dahil sat\u0131\u015f fiyat\u0131 a\u015fa\u011f\u0131da g\u00f6sterilmi\u015ftir.<\/p>\n\n<p>\u00dcr\u00fcn A\u00e7\u0131klamas\u0131<\/p>\n\n<p>Par\u00e7a<\/p>\n\n<p>Birim fiyat<\/p>\n\n<p>Ara Toplam<br\/>(KDV dahil)<\/p>\n\n<p>Kargo Tutar\u0131 (\u00dcr\u00fcn fiyat\u0131na dahildir)<\/p>\n\n<p>Toplam :<\/p>\n\n<p>\u00d6deme Y\u00f6ntemi ve Plan\u0131<\/p>\n\n<p>Teslimat adresi<\/p>\n\n<p>Teslimat g\u00f6revlisi<\/p>\n\n<p>Fatura adresi<\/p>\n\n<p>Sipari\u015f tarihi<\/p>\n\n<p>teslim tarihi<\/p>\n\n<p>Teslimat y\u00f6ntemi<\/p>\n\n<p>7.4. \u00dcr\u00fcn\u00fcn g\u00f6nderim bedeli olan kargo \u00fccreti (aksi belirtilmedik\u00e7e) ALICI taraf\u0131ndan \u00f6denecektir.<\/p>\n\n<p>8. FATURA BI\u0307LGI\u0307LERI\u0307<\/p>\n\n<p>Ad\/Soyad\/Unvan<\/p>\n\n<p>Adres<br\/>Telefon<br\/>Faks<br\/>E-posta\/kullan\u0131c\u0131 ad\u0131<br\/>Fatura teslimi: Fatura <br\/>sipari\u015f teslimat\u0131 s\u0131ras\u0131nda fatura adresine sipari\u015f ile birlikte teslim edilecektir.<\/p>\n\n<p>\u200b<\/p>\n\n<p>9. GENEL H\u00dcK\u00dcMLER<\/p>\n\n<p>9.1. ALICI, SATICI&#8217;ya ait internet sitesinde s\u00f6zle\u015fme konusu \u00fcr\u00fcn\u00fcn temel nitelikleri, sat\u0131\u015f fiyat\u0131 ve \u00f6deme \u015fekli ile teslimata ili\u015fkin \u00f6n bilgileri okuyup bilgi sahibi oldu\u011funu ve elektronik ortamda gerekli teyidi verdi\u011fini kabul, beyan ve taahh\u00fct eder. ALICI&#8217;n\u0131n; \u00d6n Bilgilendirmeyi elektronik ortamda teyit etti\u011fini ve mesafeli sat\u0131\u015f s\u00f6zle\u015fmesinin kurulmas\u0131ndan \u00f6nce SATICI taraf\u0131ndan ALICI&#8217;ya verilmesi gereken adresi, sipari\u015fi verilen \u00fcr\u00fcnlerin temel niteliklerini, \u00fcr\u00fcnlerin vergiler d\u00e2hil fiyat\u0131n\u0131, \u00f6deme ve teslimat bilgilerini do\u011fru ve eksiksiz olarak edindi\u011fini kabul, beyan ve taahh\u00fct eder. .<\/p>\n\n<p>9.2. S\u00f6zle\u015fme konusu her bir \u00fcr\u00fcn, 30 g\u00fcnl\u00fck yasal s\u00fcreyi a\u015fmamak ko\u015fulu ile ALICI&#8217;n\u0131n yerle\u015fim yerinin uzakl\u0131\u011f\u0131na ba\u011fl\u0131 olarak internet sitesinde yer alan \u00f6n bilgilendirme b\u00f6l\u00fcm\u00fcnde belirtilen s\u00fcre i\u00e7erisinde ALICI&#8217;ya veya g\u00f6sterdi\u011fi adresteki ki\u015fi ve\/veya kurulu\u015fa teslim edilir. Bu s\u00fcre i\u00e7inde \u00fcr\u00fcn\u00fcn ALICI&#8217;ya teslim edilememesi halinde ALICI&#8217;n\u0131n s\u00f6zle\u015fmeyi feshetme hakk\u0131 sakl\u0131d\u0131r.<\/p>\n\n<p>9.3. SATICI, s\u00f6zle\u015fme konusu \u00fcr\u00fcn\u00fc eksiksiz, sipari\u015fte belirtilen niteliklere uygun ve garanti belgeleri, varsa kullan\u0131m k\u0131lavuzlar\u0131 ve i\u015fin gere\u011fi olan bilgi ve belgelerle birlikte teslim etmeyi ve i\u015fi do\u011fruluk ve d\u00fcr\u00fcstl\u00fck esaslar\u0131 d\u00e2hilinde, her t\u00fcrl\u00fc ay\u0131ptan ari, yasal mevzuat gereklerine uygun, standartlara uygun olarak yapmay\u0131 taahh\u00fct eder. hizmet kalitesini korumay\u0131 ve geli\u015ftirmeyi, i\u015fin ifas\u0131 s\u0131ras\u0131nda gerekli \u00f6zen ve dikkati g\u00f6stermeyi, basiret ve ferasetle hareket etmeyi kabul, beyan ve taahh\u00fct eder.<\/p>\n\n<p>9.4. SATICI, s\u00f6zle\u015fmeden do\u011fan ifa y\u00fck\u00fcml\u00fcl\u00fc\u011f\u00fc sona ermeden \u00f6nce ALICI&#8217;y\u0131 bilgilendirmek ve a\u00e7\u0131k onay\u0131n\u0131 almak suretiyle e\u015fit kalite ve fiyatta farkl\u0131 bir \u00fcr\u00fcn tedarik edebilir.<\/p>\n\n<p>9.5. SATICI, sipari\u015f konusu \u00fcr\u00fcn veya hizmetin yerine getirilmesinin imkans\u0131zla\u015fmas\u0131 ve s\u00f6zle\u015fmeden do\u011fan y\u00fck\u00fcml\u00fcl\u00fcklerini yerine getirememesi halinde, bu durumu \u00f6\u011frendi\u011fi tarihten itibaren 3 g\u00fcn i\u00e7inde t\u00fcketiciye yaz\u0131l\u0131 olarak bildirece\u011fini ve toplam bedeli 14 g\u00fcn i\u00e7inde ALICI&#8217;ya iade edece\u011fini kabul, beyan ve taahh\u00fct eder. <\/p>\n\n<p>9.6. ALICI, s\u00f6zle\u015fme konusu \u00fcr\u00fcn\u00fcn teslimi i\u00e7in i\u015fbu S\u00f6zle\u015fme&#8217;yi elektronik ortamda teyit edece\u011fini, s\u00f6zle\u015fme konusu \u00fcr\u00fcn bedelinin herhangi bir nedenle \u00f6denmemesi ve\/veya banka kay\u0131tlar\u0131nda iptal edilmesi halinde SATICI&#8217;n\u0131n s\u00f6zle\u015fme konusu \u00fcr\u00fcn\u00fc teslim y\u00fck\u00fcml\u00fcl\u00fc\u011f\u00fcn\u00fcn sona erece\u011fini kabul, beyan ve taahh\u00fct eder.<\/p>\n\n<p>9.7. S\u00f6zle\u015fme konusu \u00fcr\u00fcn\u00fcn ALICI&#8217;ya veya ALICI&#8217;n\u0131n g\u00f6sterdi\u011fi adresteki ki\u015fi ve\/veya kurulu\u015fa tesliminden sonra ALICI&#8217;ya ait kredi kart\u0131n\u0131n yetkisiz ki\u015filerce haks\u0131z kullan\u0131lmas\u0131 nedeni ile s\u00f6zle\u015fme konusu \u00fcr\u00fcn bedelinin ilgili banka veya finans kurulu\u015fu taraf\u0131ndan SATICI&#8217;ya \u00f6denmemesi halinde ALICI s\u00f6zle\u015fme konusu \u00fcr\u00fcn\u00fc kabul etmi\u015f say\u0131l\u0131r. Kargo masraflar\u0131 SATICI&#8217;ya ait olmak \u00fczere 3 g\u00fcn i\u00e7inde SATICI&#8217;ya iade edece\u011fini kabul, beyan ve taahh\u00fct eder.<\/p>\n\n<p>9.8. SATICI, taraflar\u0131n iradesi d\u0131\u015f\u0131nda geli\u015fen, \u00f6nceden \u00f6ng\u00f6r\u00fclemeyen ve taraflar\u0131n y\u00fck\u00fcml\u00fcl\u00fcklerini yerine getirmesini engelleyen ve\/veya geciktiren m\u00fccbir sebep halleri nedeni ile s\u00f6zle\u015fme konusu \u00fcr\u00fcn\u00fc s\u00fcresi i\u00e7inde teslim edemez ise durumu ALICI&#8217;ya bildirmeyi kabul, beyan ve taahh\u00fct eder. ALICI ayr\u0131ca SATICI&#8217;dan sipari\u015fin iptal edilmesini, s\u00f6zle\u015fme konusu \u00fcr\u00fcn\u00fcn varsa emsali ile de\u011fi\u015ftirilmesini ve\/veya teslimat s\u00fcresinin engelleyici durumun ortadan kalkmas\u0131na kadar ertelenmesini talep etme hakk\u0131na sahiptir. Sipari\u015fin ALICI taraf\u0131ndan iptal edilmesi halinde, ALICI taraf\u0131ndan pe\u015fin olarak yap\u0131lan \u00f6demelerde \u00fcr\u00fcn bedeli 14 g\u00fcn i\u00e7inde nakden ve defaten \u00f6denir. ALICI taraf\u0131ndan kredi kart\u0131 ile yap\u0131lan \u00f6demelerde, sipari\u015fin ALICI taraf\u0131ndan iptal edilmesini m\u00fcteakip 14 g\u00fcn i\u00e7erisinde \u00fcr\u00fcn tutar\u0131 ilgili bankaya iade edilir. ALICI, SATICI taraf\u0131ndan kredi kart\u0131na iade edilen tutar\u0131n bankaya yans\u0131t\u0131lmas\u0131 i\u00e7in ortalama s\u00fcrecin <\/p>\n","protected":false},"excerpt":{"rendered":"<p>1. TARAFLAR \u0130\u015fbu S\u00f6zle\u015fme a\u015fa\u011f\u0131da belirtilen taraflar aras\u0131nda a\u015fa\u011f\u0131da belirtilen h\u00fck\u00fcm ve ko\u015fullar \u00e7er\u00e7evesinde imzalanm\u0131\u015ft\u0131r. &#8216;ALICI&#8217;; (s\u00f6zle\u015fmede bundan b\u00f6yle &#8220;ALICI&#8221; olarak an\u0131lacakt\u0131r) &#8216;SATI\u015e K\u0130\u015e\u0130S\u0130&#8217; ; (s\u00f6zle\u015fmede bundan b\u00f6yle &#8220;SATICI&#8221; olarak an\u0131lacakt\u0131r) ALICI, i\u015fbu s\u00f6zle\u015fmeyi kabul etmekle, s\u00f6zle\u015fme konusu sipari\u015fi onaylamas\u0131 halinde sipari\u015fe konu bedeli ve varsa kargo \u00fccreti ve vergi gibi ek \u00fccretleri \u00f6demekle y\u00fck\u00fcml\u00fc [&hellip;]<\/p>\n","protected":false},"author":1,"featured_media":0,"parent":0,"menu_order":0,"comment_status":"closed","ping_status":"closed","template":"","meta":{"_seopress_robots_primary_cat":"","_seopress_titles_title":"","_seopress_titles_desc":"","_seopress_robots_index":"","ghostkit_customizer_options":"","ghostkit_custom_css":"","ghostkit_custom_js_head":"","ghostkit_custom_js_foot":"","ghostkit_typography":"","_joinchat":[],"footnotes":""},"class_list":["post-352","page","type-page","status-publish","hentry"],"_links":{"self":[{"href":"https:\/\/ridermade.com\/tr\/wp-json\/wp\/v2\/pages\/352","targetHints":{"allow":["GET"]}}],"collection":[{"href":"https:\/\/ridermade.com\/tr\/wp-json\/wp\/v2\/pages"}],"about":[{"href":"https:\/\/ridermade.com\/tr\/wp-json\/wp\/v2\/types\/page"}],"author":[{"embeddable":true,"href":"https:\/\/ridermade.com\/tr\/wp-json\/wp\/v2\/users\/1"}],"replies":[{"embeddable":true,"href":"https:\/\/ridermade.com\/tr\/wp-json\/wp\/v2\/comments?post=352"}],"version-history":[{"count":0,"href":"https:\/\/ridermade.com\/tr\/wp-json\/wp\/v2\/pages\/352\/revisions"}],"wp:attachment":[{"href":"https:\/\/ridermade.com\/tr\/wp-json\/wp\/v2\/media?parent=352"}],"curies":[{"name":"wp","href":"https:\/\/api.w.org\/{rel}","templated":true}]}}