{"id":38,"date":"2024-02-06T01:49:19","date_gmt":"2024-02-05T22:49:19","guid":{"rendered":"https:\/\/wordpress1707176168692.app.runonflux.io\/cart-2\/"},"modified":"2025-09-03T19:31:42","modified_gmt":"2025-09-03T16:31:42","slug":"cart-2","status":"publish","type":"page","link":"https:\/\/ridermade.com\/tr\/cart-2\/","title":{"rendered":"Sepet"},"content":{"rendered":"\n<div data-block-name=\"woocommerce\/cart\" class=\"wp-block-woocommerce-cart alignwide is-loading\">\n<div data-block-name=\"woocommerce\/filled-cart-block\" class=\"wp-block-woocommerce-filled-cart-block\">\n<div data-block-name=\"woocommerce\/cart-items-block\" class=\"wp-block-woocommerce-cart-items-block\">\n<div data-block-name=\"woocommerce\/cart-line-items-block\" class=\"wp-block-woocommerce-cart-line-items-block\"><\/div>\n\n\n\n<div data-block-name=\"woocommerce\/cart-cross-sells-block\" class=\"wp-block-woocommerce-cart-cross-sells-block\">\n<h2 class=\"wp-block-heading has-large-font-size\">\u0130lginizi \u00e7ekebilir&#8230;<\/h2>\n\n\n\n<div data-block-name=\"woocommerce\/cart-cross-sells-products-block\" class=\"wp-block-woocommerce-cart-cross-sells-products-block\"><\/div>\n<\/div>\n<\/div>\n\n\n\n<div data-block-name=\"woocommerce\/cart-totals-block\" class=\"wp-block-woocommerce-cart-totals-block\">\n<div data-block-name=\"woocommerce\/cart-order-summary-block\" class=\"wp-block-woocommerce-cart-order-summary-block\">\n<div data-block-name=\"woocommerce\/cart-order-summary-heading-block\" data-content=\"Sepet toplamlar\u0131\" class=\"wp-block-woocommerce-cart-order-summary-heading-block\"><\/div>\n\n\n\n<div data-block-name=\"woocommerce\/cart-order-summary-coupon-form-block\" class=\"wp-block-woocommerce-cart-order-summary-coupon-form-block\"><\/div>\n\n\n\n<div data-block-name=\"woocommerce\/cart-order-summary-totals-block\" class=\"wp-block-woocommerce-cart-order-summary-totals-block\">\n<div data-block-name=\"woocommerce\/cart-order-summary-subtotal-block\" class=\"wp-block-woocommerce-cart-order-summary-subtotal-block\"><\/div>\n\n\n\n<div data-block-name=\"woocommerce\/cart-order-summary-fee-block\" class=\"wp-block-woocommerce-cart-order-summary-fee-block\"><\/div>\n\n\n\n<div data-block-name=\"woocommerce\/cart-order-summary-discount-block\" class=\"wp-block-woocommerce-cart-order-summary-discount-block\"><\/div>\n\n\n\n<div data-block-name=\"woocommerce\/cart-order-summary-shipping-block\" class=\"wp-block-woocommerce-cart-order-summary-shipping-block\"><\/div>\n\n\n\n<div data-block-name=\"woocommerce\/cart-order-summary-taxes-block\" class=\"wp-block-woocommerce-cart-order-summary-taxes-block\"><\/div>\n<\/div>\n<\/div>\n\n\n\n<div data-block-name=\"woocommerce\/cart-express-payment-block\" class=\"wp-block-woocommerce-cart-express-payment-block\"><\/div>\n\n\n\n<div data-block-name=\"woocommerce\/proceed-to-checkout-block\" class=\"wp-block-woocommerce-proceed-to-checkout-block\"><\/div>\n\n\n\n<div data-block-name=\"woocommerce\/cart-accepted-payment-methods-block\" class=\"wp-block-woocommerce-cart-accepted-payment-methods-block\"><\/div>\n<\/div>\n<\/div>\n\n\n\n<div data-block-name=\"woocommerce\/empty-cart-block\" class=\"wp-block-woocommerce-empty-cart-block\">\n<h2 class=\"wp-block-heading has-text-align-center with-empty-cart-icon wc-block-cart__empty-cart__title\">Sepetiniz \u015fu anda bo\u015f!<\/h2>\n\n\n\n<p class=\"has-text-align-center\"><a href=\"https:\/\/ridermade.com\/tr\/alisveris\/\">Ma\u011fazaya g\u00f6zat<\/a><\/p>\n\n\n\n<hr class=\"wp-block-separator has-alpha-channel-opacity is-style-dots\"\/>\n\n\n\n<h2 class=\"wp-block-heading has-text-align-center\">Ma\u011fazada yeni<\/h2>\n\n\n<div data-block-name=\"woocommerce\/product-new\" data-columns=\"4\" data-rows=\"1\" class=\"wc-block-grid wp-block-product-new wp-block-woocommerce-product-new wc-block-product-new has-4-columns\"><ul class=\"wc-block-grid__products\"><li class=\"wc-block-grid__product\">\n\t\t\t\t<a href=\"https:\/\/ridermade.com\/tr\/product\/carbon-core-grafen-seramik-sprey\/\" class=\"wc-block-grid__product-link\">\n\t\t\t\t\t<div class=\"wc-block-grid__product-onsale\">\n\t\t\t<span aria-hidden=\"true\">\u0130ndirimde<\/span>\n\t\t\t<span class=\"screen-reader-text\">\u0130ndirimdeki \u00fcr\u00fcn<\/span>\n\t\t<\/div>\n\t\t\t\t\t<div class=\"wc-block-grid__product-image\"><img loading=\"lazy\" decoding=\"async\" width=\"300\" height=\"300\" src=\"https:\/\/ridermade.com\/wp-content\/uploads\/2024\/02\/CarbonCore100ML-300x300.avif\" class=\"attachment-woocommerce_thumbnail size-woocommerce_thumbnail\" alt=\"Carbon Core - Grafen Seramik Sprey\" srcset=\"https:\/\/ridermade.com\/wp-content\/uploads\/2024\/02\/CarbonCore100ML-300x300.avif 300w, https:\/\/ridermade.com\/wp-content\/uploads\/2024\/02\/CarbonCore100ML-1024x1024.avif 1024w, https:\/\/ridermade.com\/wp-content\/uploads\/2024\/02\/CarbonCore100ML-150x150.avif 150w, https:\/\/ridermade.com\/wp-content\/uploads\/2024\/02\/CarbonCore100ML-768x768.avif 768w, https:\/\/ridermade.com\/wp-content\/uploads\/2024\/02\/CarbonCore100ML-1536x1536.avif 1536w, https:\/\/ridermade.com\/wp-content\/uploads\/2024\/02\/CarbonCore100ML-2048x2048.avif 2048w\" sizes=\"auto, (max-width: 300px) 100vw, 300px\" \/><\/div>\n\t\t\t\t\t<div class=\"wc-block-grid__product-title\">Carbon Core - Grafen Seramik Sprey<\/div>\n\t\t\t\t<\/a>\n\t\t\t\t<div class=\"wc-block-grid__product-price price\"><del aria-hidden=\"true\"><span class=\"woocommerce-Price-amount amount\">1.020,00<span class=\"woocommerce-Price-currencySymbol\">&#8378;<\/span><\/span><\/del> <span class=\"screen-reader-text\">Orijinal fiyat: 1.020,00&#8378;.<\/span><ins aria-hidden=\"true\"><span class=\"woocommerce-Price-amount amount\">900,00<span class=\"woocommerce-Price-currencySymbol\">&#8378;<\/span><\/span><\/ins><span class=\"screen-reader-text\">\u015eu andaki fiyat: 900,00&#8378;.<\/span><\/div>\n\t\t\t\t\n\t\t\t\t<div class=\"wp-block-button wc-block-grid__product-add-to-cart\"><a href=\"\/tr\/wp-json\/wp\/v2\/pages\/38?add-to-cart=2017\" aria-label=\"Sepete ekle: &quot;Carbon Core - Grafen Seramik Sprey&quot;\" data-quantity=\"1\" data-product_id=\"2017\" data-product_sku=\"nano-carbon-core\" data-price=\"900\" rel=\"nofollow\" class=\"wp-block-button__link wp-element-button add_to_cart_button ajax_add_to_cart\">Sepete Ekle<\/a><\/div>\n\t\t\t<\/li><li class=\"wc-block-grid__product\">\n\t\t\t\t<a href=\"https:\/\/ridermade.com\/tr\/product\/easy-coat-ceramic-30ml\/\" class=\"wc-block-grid__product-link\">\n\t\t\t\t\t<div class=\"wc-block-grid__product-onsale\">\n\t\t\t<span aria-hidden=\"true\">\u0130ndirimde<\/span>\n\t\t\t<span class=\"screen-reader-text\">\u0130ndirimdeki \u00fcr\u00fcn<\/span>\n\t\t<\/div>\n\t\t\t\t\t<div class=\"wc-block-grid__product-image\"><img loading=\"lazy\" decoding=\"async\" width=\"300\" height=\"300\" src=\"https:\/\/ridermade.com\/wp-content\/uploads\/2024\/02\/Ceramic-100ml-scaled-300x300.avif\" class=\"attachment-woocommerce_thumbnail size-woocommerce_thumbnail\" alt=\"Easy Coat Ceramic 30ML\" srcset=\"https:\/\/ridermade.com\/wp-content\/uploads\/2024\/02\/Ceramic-100ml-300x300.avif 300w, https:\/\/ridermade.com\/wp-content\/uploads\/2024\/02\/Ceramic-100ml-1024x1024.avif 1024w, https:\/\/ridermade.com\/wp-content\/uploads\/2024\/02\/Ceramic-100ml-150x150.avif 150w, https:\/\/ridermade.com\/wp-content\/uploads\/2024\/02\/Ceramic-100ml-768x768.avif 768w, https:\/\/ridermade.com\/wp-content\/uploads\/2024\/02\/Ceramic-100ml-1536x1536.avif 1536w, https:\/\/ridermade.com\/wp-content\/uploads\/2024\/02\/Ceramic-100ml-2048x2048.avif 2048w\" sizes=\"auto, (max-width: 300px) 100vw, 300px\" \/><\/div>\n\t\t\t\t\t<div class=\"wc-block-grid__product-title\">Easy Coat Ceramic 30ML<\/div>\n\t\t\t\t<\/a>\n\t\t\t\t<div class=\"wc-block-grid__product-price price\"><del aria-hidden=\"true\"><span class=\"woocommerce-Price-amount amount\">2.890,00<span class=\"woocommerce-Price-currencySymbol\">&#8378;<\/span><\/span><\/del> <span class=\"screen-reader-text\">Orijinal fiyat: 2.890,00&#8378;.<\/span><ins aria-hidden=\"true\"><span class=\"woocommerce-Price-amount amount\">2.350,00<span class=\"woocommerce-Price-currencySymbol\">&#8378;<\/span><\/span><\/ins><span class=\"screen-reader-text\">\u015eu andaki fiyat: 2.350,00&#8378;.<\/span><\/div>\n\t\t\t\t\n\t\t\t\t<div class=\"wp-block-button wc-block-grid__product-add-to-cart\"><a href=\"\/tr\/wp-json\/wp\/v2\/pages\/38?add-to-cart=440\" aria-label=\"Sepete ekle: &quot;Easy Coat Ceramic 30ML&quot;\" data-quantity=\"1\" data-product_id=\"440\" data-product_sku=\"nano-easy-coat\" data-price=\"2350\" rel=\"nofollow\" class=\"wp-block-button__link wp-element-button add_to_cart_button ajax_add_to_cart\">Sepete Ekle<\/a><\/div>\n\t\t\t<\/li><li class=\"wc-block-grid__product\">\n\t\t\t\t<a href=\"https:\/\/ridermade.com\/tr\/product\/plastic-renovator\/\" class=\"wc-block-grid__product-link\">\n\t\t\t\t\t\n\t\t\t\t\t<div class=\"wc-block-grid__product-image\"><img loading=\"lazy\" decoding=\"async\" width=\"300\" height=\"300\" src=\"https:\/\/ridermade.com\/wp-content\/uploads\/2024\/02\/Plastic-Renovator-100ml-1-scaled-300x300.avif\" class=\"attachment-woocommerce_thumbnail size-woocommerce_thumbnail\" alt=\"Plastic Renovator\" srcset=\"https:\/\/ridermade.com\/wp-content\/uploads\/2024\/02\/Plastic-Renovator-100ml-1-300x300.avif 300w, https:\/\/ridermade.com\/wp-content\/uploads\/2024\/02\/Plastic-Renovator-100ml-1-1024x1024.avif 1024w, https:\/\/ridermade.com\/wp-content\/uploads\/2024\/02\/Plastic-Renovator-100ml-1-150x150.avif 150w, https:\/\/ridermade.com\/wp-content\/uploads\/2024\/02\/Plastic-Renovator-100ml-1-768x768.avif 768w, https:\/\/ridermade.com\/wp-content\/uploads\/2024\/02\/Plastic-Renovator-100ml-1-1536x1536.avif 1536w, https:\/\/ridermade.com\/wp-content\/uploads\/2024\/02\/Plastic-Renovator-100ml-1-2048x2048.avif 2048w, https:\/\/ridermade.com\/wp-content\/uploads\/2024\/02\/Plastic-Renovator-100ml-1-100x100.avif 100w, https:\/\/ridermade.com\/wp-content\/uploads\/2024\/02\/Plastic-Renovator-100ml-1-50x50.avif 50w\" sizes=\"auto, (max-width: 300px) 100vw, 300px\" \/><\/div>\n\t\t\t\t\t<div class=\"wc-block-grid__product-title\">Plastic Renovator<\/div>\n\t\t\t\t<\/a>\n\t\t\t\t<div class=\"wc-block-grid__product-price price\"><span class=\"woocommerce-Price-amount amount\">265,00<span class=\"woocommerce-Price-currencySymbol\">&#8378;<\/span><\/span><\/div>\n\t\t\t\t\n\t\t\t\t<div class=\"wp-block-button wc-block-grid__product-add-to-cart\"><a href=\"\/tr\/wp-json\/wp\/v2\/pages\/38?add-to-cart=438\" aria-label=\"Sepete ekle: &quot;Plastic Renovator&quot;\" data-quantity=\"1\" data-product_id=\"438\" data-product_sku=\"\" data-price=\"265\" rel=\"nofollow\" class=\"wp-block-button__link wp-element-button add_to_cart_button ajax_add_to_cart\">Sepete Ekle<\/a><\/div>\n\t\t\t<\/li><li class=\"wc-block-grid__product\">\n\t\t\t\t<a href=\"https:\/\/ridermade.com\/tr\/product\/quick-shine\/\" class=\"wc-block-grid__product-link\">\n\t\t\t\t\t<div class=\"wc-block-grid__product-onsale\">\n\t\t\t<span aria-hidden=\"true\">\u0130ndirimde<\/span>\n\t\t\t<span class=\"screen-reader-text\">\u0130ndirimdeki \u00fcr\u00fcn<\/span>\n\t\t<\/div>\n\t\t\t\t\t<div class=\"wc-block-grid__product-image\"><img loading=\"lazy\" decoding=\"async\" width=\"300\" height=\"300\" src=\"https:\/\/ridermade.com\/wp-content\/uploads\/2024\/02\/Quick-Shine-500ml-1-scaled-300x300.avif\" class=\"attachment-woocommerce_thumbnail size-woocommerce_thumbnail\" alt=\"Quick Shine H\u0131zl\u0131 Cila\" srcset=\"https:\/\/ridermade.com\/wp-content\/uploads\/2024\/02\/Quick-Shine-500ml-1-300x300.avif 300w, https:\/\/ridermade.com\/wp-content\/uploads\/2024\/02\/Quick-Shine-500ml-1-1024x1024.avif 1024w, https:\/\/ridermade.com\/wp-content\/uploads\/2024\/02\/Quick-Shine-500ml-1-150x150.avif 150w, https:\/\/ridermade.com\/wp-content\/uploads\/2024\/02\/Quick-Shine-500ml-1-768x768.avif 768w, https:\/\/ridermade.com\/wp-content\/uploads\/2024\/02\/Quick-Shine-500ml-1-1536x1536.avif 1536w, https:\/\/ridermade.com\/wp-content\/uploads\/2024\/02\/Quick-Shine-500ml-1-2048x2048.avif 2048w\" sizes=\"auto, (max-width: 300px) 100vw, 300px\" \/><\/div>\n\t\t\t\t\t<div class=\"wc-block-grid__product-title\">Quick Shine H\u0131zl\u0131 Cila<\/div>\n\t\t\t\t<\/a>\n\t\t\t\t<div class=\"wc-block-grid__product-price price\"><del aria-hidden=\"true\"><span class=\"woocommerce-Price-amount amount\">465,00<span class=\"woocommerce-Price-currencySymbol\">&#8378;<\/span><\/span><\/del> <span class=\"screen-reader-text\">Orijinal fiyat: 465,00&#8378;.<\/span><ins aria-hidden=\"true\"><span class=\"woocommerce-Price-amount amount\">370,00<span class=\"woocommerce-Price-currencySymbol\">&#8378;<\/span><\/span><\/ins><span class=\"screen-reader-text\">\u015eu andaki fiyat: 370,00&#8378;.<\/span><\/div>\n\t\t\t\t\n\t\t\t\t<div class=\"wp-block-button wc-block-grid__product-add-to-cart\"><a href=\"\/tr\/wp-json\/wp\/v2\/pages\/38?add-to-cart=436\" aria-label=\"Sepete ekle: &quot;Quick Shine H\u0131zl\u0131 Cila&quot;\" data-quantity=\"1\" data-product_id=\"436\" data-product_sku=\"\" data-price=\"370\" rel=\"nofollow\" class=\"wp-block-button__link wp-element-button add_to_cart_button ajax_add_to_cart\">Sepete Ekle<\/a><\/div>\n\t\t\t<\/li><\/ul><\/div><\/div>\n<\/div>\n","protected":false},"excerpt":{"rendered":"","protected":false},"author":1,"featured_media":0,"parent":0,"menu_order":0,"comment_status":"closed","ping_status":"closed","template":"","meta":{"_seopress_robots_primary_cat":"","_seopress_titles_title":"","_seopress_titles_desc":"","_seopress_robots_index":"","ghostkit_customizer_options":"","ghostkit_custom_css":"","ghostkit_custom_js_head":"","ghostkit_custom_js_foot":"","ghostkit_typography":"","_joinchat":[],"footnotes":""},"class_list":["post-38","page","type-page","status-publish","hentry"],"_links":{"self":[{"href":"https:\/\/ridermade.com\/tr\/wp-json\/wp\/v2\/pages\/38","targetHints":{"allow":["GET"]}}],"collection":[{"href":"https:\/\/ridermade.com\/tr\/wp-json\/wp\/v2\/pages"}],"about":[{"href":"https:\/\/ridermade.com\/tr\/wp-json\/wp\/v2\/types\/page"}],"author":[{"embeddable":true,"href":"https:\/\/ridermade.com\/tr\/wp-json\/wp\/v2\/users\/1"}],"replies":[{"embeddable":true,"href":"https:\/\/ridermade.com\/tr\/wp-json\/wp\/v2\/comments?post=38"}],"version-history":[{"count":0,"href":"https:\/\/ridermade.com\/tr\/wp-json\/wp\/v2\/pages\/38\/revisions"}],"wp:attachment":[{"href":"https:\/\/ridermade.com\/tr\/wp-json\/wp\/v2\/media?parent=38"}],"curies":[{"name":"wp","href":"https:\/\/api.w.org\/{rel}","templated":true}]}}