{"id":45,"date":"2024-02-06T00:23:26","date_gmt":"2024-02-05T21:23:26","guid":{"rendered":"https:\/\/wordpress1707176168692.app.runonflux.io\/ornek-sayfa\/"},"modified":"2025-09-04T05:56:38","modified_gmt":"2025-09-04T02:56:38","slug":"ridermade-hakkinda","status":"publish","type":"page","link":"https:\/\/ridermade.com\/tr\/ridermade-hakkinda\/","title":{"rendered":"RiderMade Hakk\u0131nda"},"content":{"rendered":"\n<div class=\"wp-block-cover alignfull is-light has-custom-content-position is-position-bottom-center has-alpha-w-99-color has-text-color\" style=\"margin-bottom:var(--wp--preset--spacing--40);padding-top:var(--wp--preset--spacing--50);padding-bottom:var(--wp--preset--spacing--50);min-height:70vw;aspect-ratio:unset;\"><img loading=\"lazy\" decoding=\"async\" width=\"2560\" height=\"1707\" class=\"wp-block-cover__image-background wp-image-2183\" alt=\"\" src=\"https:\/\/ridermade.com\/wp-content\/uploads\/2024\/03\/WIPE1-scaled.webp\" data-object-fit=\"cover\" srcset=\"https:\/\/ridermade.com\/wp-content\/uploads\/2024\/03\/WIPE1-scaled.webp 2560w, https:\/\/ridermade.com\/wp-content\/uploads\/2024\/03\/WIPE1-300x200.webp 300w, https:\/\/ridermade.com\/wp-content\/uploads\/2024\/03\/WIPE1-1024x683.webp 1024w, https:\/\/ridermade.com\/wp-content\/uploads\/2024\/03\/WIPE1-768x512.webp 768w, https:\/\/ridermade.com\/wp-content\/uploads\/2024\/03\/WIPE1-1536x1024.webp 1536w, https:\/\/ridermade.com\/wp-content\/uploads\/2024\/03\/WIPE1-2048x1365.webp 2048w\" sizes=\"auto, (max-width: 2560px) 100vw, 2560px\" \/><span aria-hidden=\"true\" class=\"wp-block-cover__background has-background-dim-0 has-background-dim\"><\/span><div class=\"wp-block-cover__inner-container has-global-padding is-layout-constrained wp-block-cover-is-layout-constrained\">\n<h2 class=\"wp-block-heading\" id=\"excellence-made-by-motorcyclists\" style=\"font-size:clamp(2.2rem, 2.2rem + ((1vw - 0.2rem) * 1.8), 4rem);text-transform:uppercase\">M\u00fckemmellik. S\u00fcr\u00fcc\u00fcler taraf\u0131ndan \u00fcretildi.<\/h2>\n<\/div><\/div>\n\n<div class=\"wp-block-group alignwide has-global-padding is-layout-constrained wp-block-group-is-layout-constrained\">\n<p class=\"has-large-font-size\" style=\"margin-bottom:var(--wp--preset--spacing--40);margin-left:0px\">RiderMade, motosiklet detay\u0131nda eksik form\u00fcl\u00fc sa\u011flamaya y\u00f6nelik bir giri\u015fimdir: Motosikletlerimizi son derece g\u00fczel k\u0131lan, %100 motosiklet g\u00fcvenli, rakiplere k\u0131yasla beklenenden daha etkin sonu\u00e7lar veren, \u00e7evre, motosiklet ve insan dostu \u00fcr\u00fcnler.<\/p>\n\n\n\n<p style=\"margin-top:var(--wp--preset--spacing--40);margin-bottom:var(--wp--preset--spacing--40)\">Motosiklet detayland\u0131rma ve kimyas\u0131 konusunda kapsaml\u0131 ge\u00e7mi\u015fe sahip 2 \u00e7ok uzun s\u00fcreli motosiklet merakl\u0131s\u0131 olarak ba\u015flad\u0131k. Her zaman motosikletlerle uyumlu en g\u00fcvenli ve en iyi form\u00fclasyonlar\u0131 ararken, m\u00fckemmel tariflerimizi bulduk ve bunlar\u0131 toplulu\u011fun geri kalan\u0131yla payla\u015fmaya karar verdik.<\/p>\n\n\n\n<p style=\"margin-top:var(--wp--preset--spacing--40);margin-bottom:var(--wp--preset--spacing--40)\">Markam\u0131z\u0131n ad\u0131 <strong><mark style=\"background-color:rgba(0, 0, 0, 0)\" class=\"has-inline-color has-contrast-color\">RiderMade<\/mark><\/strong> bir nedeni var: Biz de sizin gibi s\u00fcr\u00fcc\u00fcleriz! Her zaman motosikletlerimiz i\u00e7in en iyisini arayan ana hedefimiz, \u00fcrettiklerimizi sevmek ve g\u00fcvenle motosikletlerimizde kulland\u0131\u011f\u0131m\u0131z\u0131 s\u00f6ylemektir. <\/p>\n\n\n\n<h3 class=\"wp-block-heading\" id=\"one-single-rule-for-ridermade-for-the-better-ride-and-safer-earth\">RiderMade i\u00e7in tek bir kural: Daha iyi s\u00fcr\u00fc\u015f ve Daha G\u00fcvenli D\u00fcnya i\u00e7in<\/h3>\n\n\n\n<p>\u00dcretti\u011fimiz her \u00fcr\u00fcnde belirli bir kalite seviyesini ve \u00e7evre g\u00fcvenli\u011fini takip etti\u011fimizden emin oluyoruz:<\/p>\n\n\n\n<div class=\"wp-block-group has-global-padding is-layout-constrained wp-container-core-group-is-layout-e6038ede wp-block-group-is-layout-constrained\" style=\"padding-top:var(--wp--preset--spacing--30);padding-bottom:var(--wp--preset--spacing--30)\">\n<div class=\"wp-block-columns is-layout-flex wp-container-core-columns-is-layout-1da03c2a wp-block-columns-is-layout-flex\">\n<div class=\"wp-block-column is-layout-flow wp-block-column-is-layout-flow\">\n<div class=\"wp-block-group is-nowrap is-layout-flex wp-container-core-group-is-layout-f66f9956 wp-block-group-is-layout-flex\">\n<div class=\"ghostkit-icon ghostkit-custom-2hLcl2\"><div class=\"ghostkit-icon-inner\"><svg xmlns=\"http:\/\/www.w3.org\/2000\/svg\" width=\"48\" height=\"48\" viewbox=\"0 0 48 48\" fill=\"none\"><path d=\"M33.629 13.751L22.205 30.281L13.538 21.611M4.28703 8.646V23.103C4.27893 27.7941 5.68968 32.3779 8.33403 36.2526C10.9784 40.1273 14.7327 43.1117 19.104 44.814L21.123 45.597C22.4688 46.1175 23.9603 46.1175 25.306 45.597L27.325 44.814C31.6971 43.1126 35.4524 40.1287 38.0977 36.2541C40.743 32.3795 42.1545 27.7955 42.147 23.104V8.646C42.1517 8.08742 41.9953 7.53932 41.6967 7.06724C41.398 6.59517 40.9697 6.2191 40.463 5.984C35.0296 3.59716 29.1513 2.39123 23.217 2.446C17.2827 2.39123 11.4044 3.59716 5.97103 5.984C5.46431 6.2191 5.03602 6.59517 4.73739 7.06724C4.43875 7.53932 4.2824 8.08742 4.28703 8.646Z\" stroke=\"currentColor\" stroke-linecap=\"round\" stroke-linejoin=\"round\" stroke-width=\"1.5\"><\/path><\/svg><\/div><\/div>\n\n\n\n<p>Motosikletler i\u00e7in %100 g\u00fcvenli \u00fcr\u00fcnler sunmay\u0131 hedefliyoruz<\/p>\n<\/div>\n<\/div>\n\n\n\n<div class=\"wp-block-column is-layout-flow wp-block-column-is-layout-flow\">\n<div class=\"wp-block-group is-nowrap is-layout-flex wp-container-core-group-is-layout-f66f9956 wp-block-group-is-layout-flex\">\n<div class=\"ghostkit-icon ghostkit-custom-wRDSp\"><div class=\"ghostkit-icon-inner\"><svg xmlns=\"http:\/\/www.w3.org\/2000\/svg\" width=\"48\" height=\"48\" viewbox=\"0 0 48 48\" fill=\"none\"><path d=\"M9.573 40.7447C29.885 47.5217 22.388 47.5787 45.541 36.0117C44.9042 35.1502 44.0171 34.5061 43.0008 34.1674C41.9845 33.8286 40.8883 33.8116 39.862 34.1187L31.475 36.9587M9.573 30.3897H15.252C18.4743 30.5054 21.5271 31.8623 23.772 34.1767H29.451C29.9532 34.1767 30.4348 34.3762 30.7899 34.7313C31.145 35.0864 31.3445 35.568 31.3445 36.0702C31.3445 36.5724 31.145 37.054 30.7899 37.4091C30.4348 37.7642 29.9532 37.9637 29.451 37.9637H19.037M14.02 23.9347C12.6978 21.2985 12.1741 18.3335 12.5132 15.4038C12.8523 12.4741 14.0394 9.70713 15.9288 7.44256C17.8182 5.178 20.3277 3.51437 23.1493 2.65588C25.9708 1.7974 28.9817 1.78141 31.8122 2.60989C34.6427 3.43837 37.1697 5.07526 39.0831 7.31964C40.9964 9.56402 42.2128 12.3182 42.583 15.2442C42.9532 18.1701 42.461 21.1405 41.1669 23.7906C39.8728 26.4408 37.833 28.6554 35.298 30.1627M38.744 6.93474C38.5561 7.93787 38.1674 8.89267 37.6011 9.74176C37.0349 10.5909 36.3029 11.3167 35.449 11.8757C32.817 11.2127 30.187 13.1827 30.849 13.1827C31.511 13.1827 32.156 15.8147 32.156 15.8147C32.819 16.4777 34.144 15.8147 34.144 15.8147C35.791 17.4617 31.512 20.4337 31.512 21.0957C31.512 21.7577 33.159 22.0797 32.156 22.9887C31.6233 23.5519 30.9784 23.9972 30.263 24.2957C30.263 27.5907 26.968 27.5907 26.326 27.5907C25.684 27.5907 24.338 24.9587 24.338 24.2957C24.338 23.6327 25.001 22.9887 25.001 22.4027C25.001 21.8167 23.676 20.5097 23.676 20.5097C23.676 17.8777 21.783 18.6167 19.739 18.6167C17.695 18.6167 17.674 15.8127 17.674 15.8127C17.674 15.8127 17.674 11.2127 20.969 10.5507C24.264 9.88874 24.264 11.2137 24.264 11.2137C25.589 12.5207 28.22 11.2137 29.526 11.2137C29.526 11.2137 30.189 6.59474 28.882 7.25774C27.575 7.92074 26.383 7.40974 26.25 5.95074C26.042 3.88774 31.929 2.65574 31.929 2.65574M2.946 28.4967H8.625C8.625 28.4967 9.571 28.4967 9.571 29.4427V42.6937C9.571 42.6937 9.571 43.6397 8.625 43.6397H2.946C2.946 43.6397 2 43.6397 2 42.6937V29.4427C2 29.4427 2 28.4967 2.946 28.4967Z\" stroke=\"currentColor\" stroke-linecap=\"round\" stroke-linejoin=\"round\" stroke-width=\"1.5\"><\/path><\/svg><\/div><\/div>\n\n\n\n<p>V\u00fccut dostu kimyasal i\u00e7erikler ve ambalaj <\/p>\n<\/div>\n<\/div>\n<\/div>\n\n\n\n<div class=\"wp-block-columns is-layout-flex wp-container-core-columns-is-layout-1da03c2a wp-block-columns-is-layout-flex\">\n<div class=\"wp-block-column is-layout-flow wp-block-column-is-layout-flow\">\n<div class=\"wp-block-group is-nowrap is-layout-flex wp-container-core-group-is-layout-f66f9956 wp-block-group-is-layout-flex\">\n<div class=\"ghostkit-icon ghostkit-custom-1il7kU\"><div class=\"ghostkit-icon-inner\"><svg xmlns=\"http:\/\/www.w3.org\/2000\/svg\" width=\"48\" height=\"48\" viewbox=\"0 0 48 48\" fill=\"none\"><path d=\"M22.8771 5.46094H36.1281L38.8271 11.4379M5.693 30.368L3 24.391L7.354 14.548M27.421 30.0699H20.0371L17.576 24.3909L20.0371 18.7119H27.4191L30.07 24.3909L27.4191 30.0699H27.421ZM27.421 30.0699L32.483 38.5929M20.0371 18.7109L15.1211 10.0509M24.5801 43.322H11.5191L8.85706 37.245M41.994 18.3149L44.648 24.3909L40.484 33.6669M40.292 18.7109C40.7965 18.7225 41.2983 18.6332 41.7677 18.4481C42.2372 18.2631 42.665 17.9861 43.0259 17.6333C43.3868 17.2806 43.6736 16.8593 43.8694 16.3942C44.0652 15.9291 44.166 15.4296 44.166 14.9249C44.166 14.4203 44.0652 13.9207 43.8694 13.4556C43.6736 12.9905 43.3868 12.5692 43.0259 12.2165C42.665 11.8638 42.2372 11.5868 41.7677 11.4018C41.2983 11.2167 40.7965 11.1273 40.292 11.1389C39.303 11.1617 38.3621 11.5705 37.6706 12.2781C36.9792 12.9856 36.592 13.9356 36.592 14.9249C36.592 15.9142 36.9792 16.8643 37.6706 17.5718C38.3621 18.2793 39.303 18.6882 40.292 18.7109ZM34.4251 45.594C34.9296 45.6056 35.4313 45.5162 35.9008 45.3312C36.3703 45.1461 36.7981 44.8691 37.159 44.5164C37.5199 44.1637 37.8067 43.7424 38.0024 43.2773C38.1982 42.8122 38.2991 42.3126 38.2991 41.808C38.2991 41.3034 38.1982 40.8038 38.0024 40.3387C37.8067 39.8736 37.5199 39.4523 37.159 39.0996C36.7981 38.7469 36.3703 38.4699 35.9008 38.2848C35.4313 38.0998 34.9296 38.0104 34.4251 38.022C33.436 38.0447 32.4952 38.4536 31.8037 39.1611C31.1122 39.8687 30.7251 40.8187 30.7251 41.808C30.7251 42.7973 31.1122 43.7473 31.8037 44.4549C32.4952 45.1624 33.436 45.5713 34.4251 45.594ZM13.2221 10.573C13.7266 10.5846 14.2283 10.4952 14.6978 10.3102C15.1673 10.1251 15.5951 9.84812 15.956 9.49541C16.3169 9.1427 16.6036 8.72141 16.7994 8.2563C16.9952 7.79119 17.0961 7.29164 17.0961 6.787C17.0961 6.28236 16.9952 5.78281 16.7994 5.3177C16.6036 4.85259 16.3169 4.4313 15.956 4.07859C15.5951 3.72588 15.1673 3.44886 14.6978 3.26381C14.2283 3.07876 13.7266 2.9894 13.2221 3.001C12.233 3.02373 11.2921 3.4326 10.6007 4.14013C9.90923 4.84767 9.52209 5.7977 9.52209 6.787C9.52209 7.7763 9.90923 8.72633 10.6007 9.43387C11.2921 10.1414 12.233 10.5503 13.2221 10.573ZM7.16506 37.6429C7.66957 37.6545 8.17131 37.5652 8.64079 37.3801C9.11028 37.1951 9.53804 36.9181 9.89896 36.5654C10.2599 36.2126 10.5466 35.7914 10.7424 35.3262C10.9382 34.8611 11.0391 34.3616 11.0391 33.8569C11.0391 33.3523 10.9382 32.8528 10.7424 32.3876C10.5466 31.9225 10.2599 31.5013 9.89896 31.1485C9.53804 30.7958 9.11028 30.5188 8.64079 30.3338C8.17131 30.1487 7.66957 30.0593 7.16506 30.0709C6.17602 30.0937 5.23514 30.5025 4.54368 31.2101C3.85222 31.9176 3.46509 32.8676 3.46509 33.8569C3.46509 34.8463 3.85222 35.7963 4.54368 36.5038C5.23514 37.2114 6.17602 37.6202 7.16506 37.6429Z\" stroke=\"currentColor\" stroke-width=\"1.5\" stroke-miterlimit=\"10\" stroke-linecap=\"round\" stroke-linejoin=\"round\"><\/path><\/svg><\/div><\/div>\n\n\n\n<p>S\u00fcrekli Ar-Ge ve e\u015fsiz kalite sa\u011flama tutkusu<\/p>\n<\/div>\n<\/div>\n\n\n\n<div class=\"wp-block-column is-layout-flow wp-block-column-is-layout-flow\">\n<div class=\"wp-block-group is-nowrap is-layout-flex wp-container-core-group-is-layout-f66f9956 wp-block-group-is-layout-flex\">\n<div class=\"ghostkit-icon ghostkit-custom-Z2nDPah\"><div class=\"ghostkit-icon-inner\"><svg xmlns=\"http:\/\/www.w3.org\/2000\/svg\" width=\"48\" height=\"48\" viewbox=\"0 0 48 48\" fill=\"none\"><path d=\"M5.17678 18.2812H31.4698C31.4698 27.8252 19.2968 33.7862 7.28378 35.8012M16.5798 43.1602C16.3666 43.2223 16.1382 43.2075 15.9348 43.1182C12.1921 41.4851 9.04281 38.7395 6.91464 35.2545C4.78647 31.7694 3.7826 27.7138 4.03937 23.6384C4.29614 19.563 5.80112 15.6654 8.34988 12.475C10.8986 9.28459 14.3677 6.95604 18.2857 5.80561C22.2038 4.65519 26.381 4.73864 30.25 6.04464C34.119 7.35065 37.4923 9.81589 39.9116 13.1055C42.3309 16.3952 43.679 20.3498 43.7728 24.4322C43.8666 28.5146 42.7015 32.5269 40.4358 35.9242C40.3121 36.1074 40.1281 36.2415 39.9158 36.3032L16.5798 43.1602Z\" stroke=\"currentColor\" stroke-width=\"1.5\" stroke-linecap=\"round\" stroke-linejoin=\"round\"><\/path><\/svg><\/div><\/div>\n\n\n\n<p>Her zaman \u00f6nce s\u00fcr\u00fcc\u00fc ol. Sadece halihaz\u0131rda kulland\u0131\u011f\u0131m\u0131z \u00fcr\u00fcnleri sunuyoruz<\/p>\n<\/div>\n<\/div>\n<\/div>\n<\/div>\n\n\n\n<p>RiderMade\u2019in yap\u0131s\u0131ndaki inovasyon, markay\u0131 s\u00fcrekli olarak s\u0131n\u0131rlar\u0131 zorlamaya ve motosiklet bak\u0131m\u0131nda yeni ufuklar ke\u015ffetmeye itiyor. Teknolojik geli\u015fmelerin \u00f6n saflar\u0131nda yer alma kararl\u0131l\u0131\u011f\u0131, \u00e7evresel etkiyi en aza indiren \u00e7evre dostu form\u00fcllerden bak\u0131m rit\u00fcellerini basitle\u015ftiren devrim niteli\u011findeki ara\u00e7lara kadar en yeni \u00e7\u00f6z\u00fcmleri sunmalar\u0131na olanak tan\u0131r. <\/p>\n\n\n\n<p>RiderMade sadece bir marka de\u011fil; g\u00fcvenlik, kalite ve inovasyonun kusursuz bir \u015fekilde i\u00e7 i\u00e7e ge\u00e7ti\u011finde nelerin m\u00fcmk\u00fcn olabilece\u011finin standard\u0131n\u0131 olu\u015fturmay\u0131 hedefler.<\/p>\n<\/div>\n","protected":false},"excerpt":{"rendered":"<p>RiderMade, motosiklet detay\u0131nda eksik form\u00fcl\u00fc sa\u011flamaya y\u00f6nelik bir giri\u015fimdir: Motosikletlerimizi son derece g\u00fczel k\u0131lan, %100 motosiklet g\u00fcvenli, rakiplere k\u0131yasla beklenenden daha etkin sonu\u00e7lar veren, \u00e7evre, motosiklet ve insan dostu \u00fcr\u00fcnler. Motosiklet detayland\u0131rma ve kimyas\u0131 konusunda kapsaml\u0131 ge\u00e7mi\u015fe sahip 2 \u00e7ok uzun s\u00fcreli motosiklet merakl\u0131s\u0131 olarak ba\u015flad\u0131k. Her zaman motosikletlerle uyumlu en g\u00fcvenli ve en iyi [&hellip;]<\/p>\n","protected":false},"author":1,"featured_media":0,"parent":0,"menu_order":0,"comment_status":"closed","ping_status":"open","template":"","meta":{"_seopress_robots_primary_cat":"","_seopress_titles_title":"","_seopress_titles_desc":"M\u00fckemmellik. S\u00fcr\u00fcc\u00fcler taraf\u0131ndan \u00fcretildi. Bizler, motosikletler i\u00e7in %100 g\u00fcvenli, \u00fcst s\u0131n\u0131f \u00fcr\u00fcnlerin \u00fcreticileriyiz. ","_seopress_robots_index":"","ghostkit_customizer_options":"","ghostkit_custom_css":"","ghostkit_custom_js_head":"","ghostkit_custom_js_foot":"","ghostkit_typography":"","_joinchat":[],"footnotes":""},"class_list":["post-45","page","type-page","status-publish","hentry"],"_links":{"self":[{"href":"https:\/\/ridermade.com\/tr\/wp-json\/wp\/v2\/pages\/45","targetHints":{"allow":["GET"]}}],"collection":[{"href":"https:\/\/ridermade.com\/tr\/wp-json\/wp\/v2\/pages"}],"about":[{"href":"https:\/\/ridermade.com\/tr\/wp-json\/wp\/v2\/types\/page"}],"author":[{"embeddable":true,"href":"https:\/\/ridermade.com\/tr\/wp-json\/wp\/v2\/users\/1"}],"replies":[{"embeddable":true,"href":"https:\/\/ridermade.com\/tr\/wp-json\/wp\/v2\/comments?post=45"}],"version-history":[{"count":0,"href":"https:\/\/ridermade.com\/tr\/wp-json\/wp\/v2\/pages\/45\/revisions"}],"wp:attachment":[{"href":"https:\/\/ridermade.com\/tr\/wp-json\/wp\/v2\/media?parent=45"}],"curies":[{"name":"wp","href":"https:\/\/api.w.org\/{rel}","templated":true}]}}