{"id":835,"date":"2024-02-09T16:05:20","date_gmt":"2024-02-09T13:05:20","guid":{"rendered":"https:\/\/wordpress1707176168692.app.runonflux.io\/bize-ulasin\/"},"modified":"2024-09-11T16:38:34","modified_gmt":"2024-09-11T13:38:34","slug":"bize-ulasin","status":"publish","type":"page","link":"https:\/\/ridermade.com\/tr\/bize-ulasin\/","title":{"rendered":"Bize Ula\u015f\u0131n"},"content":{"rendered":"\n<div class=\"alignfull ghostkit-google-maps\" style=\"min-height:650px\" data-lat=\"42.41618159277198\" data-lng=\"18.759638765078822\" data-zoom=\"13\" data-show-zoom-buttons=\"true\" data-show-map-type-buttons=\"true\" data-show-street-view-button=\"true\" data-show-fullscreen-button=\"true\" data-option-scroll-wheel=\"true\" data-option-draggable=\"true\" data-styles=\"[{&quot;featureType&quot;:&quot;administrative&quot;,&quot;elementType&quot;:&quot;all&quot;,&quot;stylers&quot;:[{&quot;visibility&quot;:&quot;on&quot;},{&quot;lightness&quot;:33}]},{&quot;featureType&quot;:&quot;landscape&quot;,&quot;elementType&quot;:&quot;all&quot;,&quot;stylers&quot;:[{&quot;color&quot;:&quot;#f2e5d4&quot;}]},{&quot;featureType&quot;:&quot;poi.park&quot;,&quot;elementType&quot;:&quot;geometry&quot;,&quot;stylers&quot;:[{&quot;color&quot;:&quot;#c5dac6&quot;}]},{&quot;featureType&quot;:&quot;poi.park&quot;,&quot;elementType&quot;:&quot;labels&quot;,&quot;stylers&quot;:[{&quot;visibility&quot;:&quot;on&quot;},{&quot;lightness&quot;:20}]},{&quot;featureType&quot;:&quot;road&quot;,&quot;elementType&quot;:&quot;all&quot;,&quot;stylers&quot;:[{&quot;lightness&quot;:20}]},{&quot;featureType&quot;:&quot;road.highway&quot;,&quot;elementType&quot;:&quot;geometry&quot;,&quot;stylers&quot;:[{&quot;color&quot;:&quot;#c5c6c6&quot;}]},{&quot;featureType&quot;:&quot;road.arterial&quot;,&quot;elementType&quot;:&quot;geometry&quot;,&quot;stylers&quot;:[{&quot;color&quot;:&quot;#e4d7c6&quot;}]},{&quot;featureType&quot;:&quot;road.local&quot;,&quot;elementType&quot;:&quot;geometry&quot;,&quot;stylers&quot;:[{&quot;color&quot;:&quot;#fbfaf7&quot;}]},{&quot;featureType&quot;:&quot;water&quot;,&quot;elementType&quot;:&quot;all&quot;,&quot;stylers&quot;:[{&quot;visibility&quot;:&quot;on&quot;},{&quot;color&quot;:&quot;#acbcc9&quot;}]}]\"><div class=\"ghostkit-google-maps-marker\" data-lat=\"42.4184649\" data-lng=\"18.7609513\" data-address=\"Skaljari Novo Naselje A-13, 85330, Montenegro\"><\/div><\/div>\n\n<p>\u00dcr\u00fcnlerimizle ilgili sorular\u0131n\u0131z, yorumlar\u0131n\u0131z veya bilgi talepleriniz i\u00e7in l\u00fctfen a\u015fa\u011f\u0131daki merkez ofis adresinden bize yaz\u0131n veya do\u011frudan hatt\u0131m\u0131zdan bizi aray\u0131n.  <\/p>\n\n<div class=\"wp-block-columns is-layout-flex wp-container-core-columns-is-layout-57ac904c wp-block-columns-is-layout-flex\" style=\"padding-top:var(--wp--preset--spacing--30);padding-bottom:var(--wp--preset--spacing--30)\">\n<div class=\"wp-block-column is-layout-flow wp-block-column-is-layout-flow\">\n<div class=\"wp-block-group ghostkit-custom-ZDC6Ah has-global-padding is-layout-constrained wp-block-group-is-layout-constrained\">\n<div class=\"ghostkit-icon-box ghostkit-has-frame ghostkit-custom-ZWtUdz\"><div class=\"ghostkit-icon-box-icon ghostkit-icon-box-icon-align-left\"><svg class=\"ghostkit-svg-icon\" width=\"24\" height=\"24\" viewBox=\"0 0 24 24\" fill=\"none\" xmlns=\"http:\/\/www.w3.org\/2000\/svg\"><path d=\"M11.2806 20.6368C5.98328 13.2316 5 12.4715 5 9.75C5 6.02207 8.13399 3 12 3C15.866 3 19 6.02207 19 9.75C19 12.4715 18.0167 13.2316 12.7194 20.6368C12.3718 21.1211 11.6282 21.121 11.2806 20.6368ZM12 12.5625C13.6108 12.5625 14.9167 11.3033 14.9167 9.75C14.9167 8.19669 13.6108 6.9375 12 6.9375C10.3892 6.9375 9.08333 8.19669 9.08333 9.75C9.08333 11.3033 10.3892 12.5625 12 12.5625Z\" stroke=\"currentColor\" stroke-width=\"1.5\"\/><\/svg><\/div><div class=\"ghostkit-icon-box-content is-layout-flow wp-block-ghostkit-icon-box-is-layout-flow\">\n<div class=\"wp-block-group has-global-padding is-layout-constrained wp-container-core-group-is-layout-7db9d80f wp-block-group-is-layout-constrained\" style=\"padding-right:0;padding-left:0\">\n<h5 class=\"wp-block-heading ghostkit-custom-Zt1YNi\" id=\"base-office\" style=\"font-style:normal;font-weight:400\">B\u00f6lge Ofisi<\/h5>\n\n\n\n<p style=\"margin-top:0;margin-bottom:0\">M. Sinan Mah. 2320 Sok. 7\/A<br\/>Aydin\/TURKIYE<\/p>\n<\/div>\n<\/div><\/div>\n<\/div>\n<\/div>\n\n\n\n<div class=\"wp-block-column is-layout-flow wp-block-column-is-layout-flow\">\n<div class=\"wp-block-group ghostkit-custom-2oiV6x has-global-padding is-layout-constrained wp-block-group-is-layout-constrained\">\n<div class=\"ghostkit-icon-box ghostkit-has-frame ghostkit-custom-ZNt2Yy\"><div class=\"ghostkit-icon-box-icon ghostkit-icon-box-icon-align-left\"><svg class=\"ghostkit-svg-icon\" width=\"24\" height=\"24\" viewBox=\"0 0 24 24\" fill=\"none\" xmlns=\"http:\/\/www.w3.org\/2000\/svg\"><path d=\"M11.2806 20.6368C5.98328 13.2316 5 12.4715 5 9.75C5 6.02207 8.13399 3 12 3C15.866 3 19 6.02207 19 9.75C19 12.4715 18.0167 13.2316 12.7194 20.6368C12.3718 21.1211 11.6282 21.121 11.2806 20.6368ZM12 12.5625C13.6108 12.5625 14.9167 11.3033 14.9167 9.75C14.9167 8.19669 13.6108 6.9375 12 6.9375C10.3892 6.9375 9.08333 8.19669 9.08333 9.75C9.08333 11.3033 10.3892 12.5625 12 12.5625Z\" stroke=\"currentColor\" stroke-width=\"1.5\"\/><\/svg><\/div><div class=\"ghostkit-icon-box-content is-layout-flow wp-block-ghostkit-icon-box-is-layout-flow\">\n<div class=\"wp-block-group has-global-padding is-layout-constrained wp-block-group-is-layout-constrained\">\n<h5 class=\"wp-block-heading ghostkit-custom-ZY2uJ8\" id=\"base-office\" style=\"font-style:normal;font-weight:400\">LAbs<\/h5>\n\n\n\n<p style=\"margin-top:0;margin-bottom:0\">Skaljari Novo Naselje A-13 Kotor\/MONTENEGRO<\/p>\n<\/div>\n<\/div><\/div>\n<\/div>\n<\/div>\n<\/div>\n\n<div class=\"wp-block-columns is-layout-flex wp-container-core-columns-is-layout-328c6305 wp-block-columns-is-layout-flex\" style=\"border-top-color:var(--wp--preset--color--faded);border-top-width:1px;padding-top:var(--wp--preset--spacing--30)\">\n<div class=\"wp-block-column is-layout-flow wp-block-column-is-layout-flow\">\n<div class=\"wp-block-group ghostkit-custom-ehM3p has-global-padding is-layout-constrained wp-block-group-is-layout-constrained\">\n<div class=\"ghostkit-icon-box ghostkit-has-frame ghostkit-custom-Z1JLsse\"><div class=\"ghostkit-icon-box-icon ghostkit-icon-box-icon-align-left\"><svg class=\"ghostkit-svg-icon ghostkit-svg-icon-fa\" aria-hidden=\"true\" role=\"img\" xmlns=\"http:\/\/www.w3.org\/2000\/svg\" viewBox=\"0 0 512 512\"><path fill=\"currentColor\" d=\"M497.39 361.8l-112-48a24 24 0 0 0-28 6.9l-49.6 60.6A370.66 370.66 0 0 1 130.6 204.11l60.6-49.6a23.94 23.94 0 0 0 6.9-28l-48-112A24.16 24.16 0 0 0 122.6.61l-104 24A24 24 0 0 0 0 48c0 256.5 207.9 464 464 464a24 24 0 0 0 23.4-18.6l24-104a24.29 24.29 0 0 0-14.01-27.6z\"><\/path><\/svg><\/div><div class=\"ghostkit-icon-box-content is-layout-flow wp-block-ghostkit-icon-box-is-layout-flow\">\n<div class=\"wp-block-group has-global-padding is-layout-constrained wp-container-core-group-is-layout-7db9d80f wp-block-group-is-layout-constrained\" style=\"padding-right:0;padding-left:0\">\n<h5 class=\"wp-block-heading ghostkit-custom-22HX41\" id=\"base-office\" style=\"font-style:normal;font-weight:400\">Aray\u0131n<\/h5>\n\n\n\n<p style=\"margin-top:0;margin-bottom:0\">+90 531 241 93 83<\/p>\n<\/div>\n<\/div><\/div>\n<\/div>\n<\/div>\n\n\n\n<div class=\"wp-block-column is-layout-flow wp-block-column-is-layout-flow\">\n<div class=\"wp-block-group ghostkit-custom-25vMuq has-global-padding is-layout-constrained wp-block-group-is-layout-constrained\">\n<div class=\"ghostkit-icon-box ghostkit-has-frame ghostkit-custom-Z1hazhX\"><div class=\"ghostkit-icon-box-icon ghostkit-icon-box-icon-align-left\"><svg class=\"ghostkit-svg-icon ghostkit-svg-icon-fa\" aria-hidden=\"true\" role=\"img\" xmlns=\"http:\/\/www.w3.org\/2000\/svg\" viewBox=\"0 0 512 512\"><path fill=\"currentColor\" d=\"M464 64H48C21.49 64 0 85.49 0 112v288c0 26.51 21.49 48 48 48h416c26.51 0 48-21.49 48-48V112c0-26.51-21.49-48-48-48zm0 48v40.805c-22.422 18.259-58.168 46.651-134.587 106.49-16.841 13.247-50.201 45.072-73.413 44.701-23.208.375-56.579-31.459-73.413-44.701C106.18 199.465 70.425 171.067 48 152.805V112h416zM48 400V214.398c22.914 18.251 55.409 43.862 104.938 82.646 21.857 17.205 60.134 55.186 103.062 54.955 42.717.231 80.509-37.199 103.053-54.947 49.528-38.783 82.032-64.401 104.947-82.653V400H48z\"><\/path><\/svg><\/div><div class=\"ghostkit-icon-box-content is-layout-flow wp-block-ghostkit-icon-box-is-layout-flow\">\n<div class=\"wp-block-group has-global-padding is-layout-constrained wp-container-core-group-is-layout-7db9d80f wp-block-group-is-layout-constrained\" style=\"padding-right:0;padding-left:0\">\n<h5 class=\"wp-block-heading ghostkit-custom-1AUA2y\" id=\"base-office\" style=\"font-style:normal;font-weight:400\">E-posta<\/h5>\n\n\n\n<p style=\"margin-top:0;margin-bottom:0\">info@ridermade.com.tr<\/p>\n<\/div>\n<\/div><\/div>\n<\/div>\n<\/div>\n<\/div>\n\n<div class=\"ghostkit-divider ghostkit-divider-type-solid ghostkit-custom-Z238JtI\"><\/div>\n\n<div class=\"wp-block-columns is-layout-flex wp-container-core-columns-is-layout-4f277bdd wp-block-columns-is-layout-flex\" style=\"padding-top:var(--wp--preset--spacing--30);padding-bottom:var(--wp--preset--spacing--30)\">\n<div class=\"wp-block-column is-layout-flow wp-block-column-is-layout-flow\" style=\"flex-basis:33.33%\">\n<h3 class=\"wp-block-heading\" id=\"send-us-a-message\">Bize Mesaj G\u00f6nderin<\/h3>\n\n\n\n<p class=\"has-small-font-size\">T\u00fcm soru ve dilekleriniz i\u00e7in formu doldurman\u0131z yeterli. Size k\u0131sa s\u00fcrede d\u00f6n\u00fc\u015f yapaca\u011f\u0131z.<\/p>\n<\/div>\n\n\n\n<div class=\"wp-block-column is-layout-flow wp-block-column-is-layout-flow\" style=\"flex-basis:66.66%\"><form class=\"ghostkit-form is-layout-flow wp-block-ghostkit-form-is-layout-flow\" id=\"gkt_form_fe8826db\" method=\"POST\" name=\"ghostkit-form\" action=\"\/tr\/wp-json\/wp\/v2\/pages\/835#gkt_form_fe8826db\">\n\n\t\t<div class=\"ghostkit-form-field ghostkit-form-field-name ghostkit-form-field-name-with-last\">\n\t\t\t\t\t\t\t\t\t\t<label class=\"ghostkit-form-field-label\"  for=\"gkt_form_fe8826db_field_name\">\n\t\t\t\t\tAd\u0131n\u0131z\t\t\t\t<\/label>\n\t\t\t\t\t\t<input type=\"hidden\" name=\"field_name[label]\" value=\"Ad\u0131n\u0131z\" \/>\n\t\t\t\n\t\t\t\t\t\t\t<div class=\"ghostkit-form-field-row\">\n\t\t\t\t\t<div class=\"ghostkit-form-field-name-first\">\n\t\t\t\n\t\t\t\t<input type=\"text\"  name=\"field_name[value]\" id=\"gkt_form_fe8826db_field_name\" \/>\n\n\t\t\t\t\t\t\t<small class=\"ghostkit-form-field-description\">\n\t\t\t\tAd\t\t\t<\/small>\n\t\t\t<input type=\"hidden\" name=\"field_name[description]\" value=\"Ad\" \/>\n\t\t\t\n\t\t\t\n\t\t\t\t\t\t\t\t<\/div>\n\t\t\t\t\t<div class=\"ghostkit-form-field-name-last\">\n\t\t\t\t\t\t<input type=\"text\"  name=\"field_name[last]\" id=\"gkt_form_fe8826db_field_name\" \/>\n\n\t\t\t\t\t\t\t\t\t<small class=\"ghostkit-form-field-description\">\n\t\t\t\tSoyad\t\t\t<\/small>\n\t\t\t<input type=\"hidden\" name=\"field_name[description]\" value=\"Soyad\" \/>\n\t\t\t\t\t\t\t\t<\/div>\n\t\t\t\t<\/div>\n\t\t\t\t\t<\/div>\n\n\t\t\n\n\n\t\t<div class=\"ghostkit-form-field ghostkit-form-field-email\">\n\t\t\t\t\t\t\t\t\t\t<label class=\"ghostkit-form-field-label\"  for=\"gkt_form_fe8826db_field_email\">\n\t\t\t\t\tE-posta<span class=\"required\">*<\/span>\t\t\t\t<\/label>\n\t\t\t\t\t\t<input type=\"hidden\" name=\"field_email[label]\" value=\"E-posta\" \/>\n\t\t\t\n\t\t\t\n\t\t\t\t<input type=\"email\"  required=\"required\" name=\"field_email[value]\" id=\"gkt_form_fe8826db_field_email\" \/>\n\n\t\t\t\t\n\t\t\t\t\t<\/div>\n\n\t\t\n\n\n\t\t<div class=\"ghostkit-form-field ghostkit-form-field-phone\">\n\t\t\t\t\t\t\t\t\t\t<label class=\"ghostkit-form-field-label\"  for=\"gkt_form_fe8826db_field_phone\">\n\t\t\t\t\tTelefon\t\t\t\t<\/label>\n\t\t\t\t\t\t<input type=\"hidden\" name=\"field_phone[label]\" value=\"Telefon\" \/>\n\t\t\t\n\t\t\t<input type=\"tel\"  name=\"field_phone[value]\" id=\"gkt_form_fe8826db_field_phone\" \/>\n\n\t\t\t\t\t<\/div>\n\n\t\t\n\n\n\t\t<div class=\"ghostkit-form-field ghostkit-form-field-text\">\n\t\t\t\t\t\t\t\t\t\t<label class=\"ghostkit-form-field-label\"  for=\"gkt_form_fe8826db_field_subject\">\n\t\t\t\t\tKonu<span class=\"required\">*<\/span>\t\t\t\t<\/label>\n\t\t\t\t\t\t<input type=\"hidden\" name=\"field_subject[label]\" value=\"Konu\" \/>\n\t\t\t\n\t\t\t<input type=\"text\"  required=\"required\" name=\"field_subject[value]\" id=\"gkt_form_fe8826db_field_subject\" \/>\n\n\t\t\t\t\t<\/div>\n\n\t\t\n\n\n\t\t<div class=\"ghostkit-form-field ghostkit-form-field-textarea\">\n\t\t\t\t\t\t\t\t\t\t<label class=\"ghostkit-form-field-label\"  for=\"gkt_form_fe8826db_field_message\">\n\t\t\t\t\tMesaj\u0131n\u0131z<span class=\"required\">*<\/span>\t\t\t\t<\/label>\n\t\t\t\t\t\t<input type=\"hidden\" name=\"field_message[label]\" value=\"Mesaj\u0131n\u0131z\" \/>\n\t\t\t\n\t\t\t<textarea  required=\"required\" name=\"field_message[value]\" id=\"gkt_form_fe8826db_field_message\"><\/textarea>\n\n\t\t\t\t\t<\/div>\n\n\t\t\n\n\n<div class=\"ghostkit-form-submit-button\">\n<button class=\"ghostkit-button ghostkit-button-md ghostkit-button-with-outline ghostkit-custom-Z11Qxay\"><span class=\"ghostkit-button-text\">G\u00f6nder<\/span><\/button>\n<\/div>\n\n\t\t<input aria-label=\"Verify your Email\" type=\"email\" name=\"ghostkit_verify_email\" autocomplete=\"off\" placeholder=\"E-posta\" tabindex=\"-1\">\n\t\t<input type=\"hidden\" id=\"__gkt_form_fe8826db\" name=\"__gkt_form_fe8826db\" value=\"044937813f\" \/><input type=\"hidden\" name=\"_wp_http_referer\" value=\"\/tr\/wp-json\/wp\/v2\/pages\/835\" \/>\t\t<input type=\"hidden\" name=\"ghostkit_form_id\" value=\"gkt_form_fe8826db\">\n\t\t<\/form><\/div>\n<\/div>\n","protected":false},"excerpt":{"rendered":"<p>\u00dcr\u00fcnlerimizle ilgili sorular\u0131n\u0131z, yorumlar\u0131n\u0131z veya bilgi talepleriniz i\u00e7in l\u00fctfen a\u015fa\u011f\u0131daki merkez ofis adresinden bize yaz\u0131n veya do\u011frudan hatt\u0131m\u0131zdan bizi aray\u0131n. B\u00f6lge Ofisi M. Sinan Mah. 2320 Sok. 7\/AAydin\/TURKIYE LAbs Skaljari Novo Naselje A-13 Kotor\/MONTENEGRO Aray\u0131n +90 531 241 93 83 E-posta info@ridermade.com.tr Bize Mesaj G\u00f6nderin T\u00fcm soru ve dilekleriniz i\u00e7in formu doldurman\u0131z yeterli. Size k\u0131sa [&hellip;]<\/p>\n","protected":false},"author":1,"featured_media":0,"parent":0,"menu_order":0,"comment_status":"closed","ping_status":"closed","template":"","meta":{"_seopress_robots_primary_cat":"","_seopress_titles_title":"","_seopress_titles_desc":"\u00dcr\u00fcnlerimizle ilgili sorular\u0131n\u0131z i\u00e7in bize telefon veya e-posta yoluyla ula\u015f\u0131n. Size yard\u0131mc\u0131 olmak i\u00e7in her zaman buraday\u0131z!","_seopress_robots_index":"","ghostkit_customizer_options":"","ghostkit_custom_css":"","ghostkit_custom_js_head":"","ghostkit_custom_js_foot":"","ghostkit_typography":"","_joinchat":[],"footnotes":""},"class_list":["post-835","page","type-page","status-publish","hentry"],"_links":{"self":[{"href":"https:\/\/ridermade.com\/tr\/wp-json\/wp\/v2\/pages\/835","targetHints":{"allow":["GET"]}}],"collection":[{"href":"https:\/\/ridermade.com\/tr\/wp-json\/wp\/v2\/pages"}],"about":[{"href":"https:\/\/ridermade.com\/tr\/wp-json\/wp\/v2\/types\/page"}],"author":[{"embeddable":true,"href":"https:\/\/ridermade.com\/tr\/wp-json\/wp\/v2\/users\/1"}],"replies":[{"embeddable":true,"href":"https:\/\/ridermade.com\/tr\/wp-json\/wp\/v2\/comments?post=835"}],"version-history":[{"count":0,"href":"https:\/\/ridermade.com\/tr\/wp-json\/wp\/v2\/pages\/835\/revisions"}],"wp:attachment":[{"href":"https:\/\/ridermade.com\/tr\/wp-json\/wp\/v2\/media?parent=835"}],"curies":[{"name":"wp","href":"https:\/\/api.w.org\/{rel}","templated":true}]}}