{"id":2017,"date":"2024-02-21T19:09:56","date_gmt":"2024-02-21T16:09:56","guid":{"rendered":"https:\/\/ridermade.com\/product\/karbon-cekirdek-grafen-seramik-sprey\/"},"modified":"2026-01-28T17:25:13","modified_gmt":"2026-01-28T14:25:13","slug":"carbon-core-grafen-seramik-sprey","status":"publish","type":"product","link":"https:\/\/ridermade.com\/tr\/product\/carbon-core-grafen-seramik-sprey\/","title":{"rendered":"Carbon Core - Grafen Seramik Sprey"},"content":{"rendered":"\n<div class=\"wp-block-group editor-product has-global-padding is-layout-constrained wp-block-group-is-layout-constrained\">\n<p><\/p>\n\n\n\n<p><\/p>\n<\/div>\n","protected":false},"excerpt":{"rendered":"<p><span style=\"font-weight: 400;\">Grafen bazli SiO2 seramik kaplama sprey. Normal seramik kaplamalardan \u00e7ok daha \u00fcst\u00fcn, s\u00fcper bir kalkan ve parlakl\u0131k olu\u015fturucu! Bir kez uyguland\u0131\u011f\u0131nda 12 aya kadar dayan\u0131r.<\/span><\/p>\n<ul>\n<li style=\"font-weight: 400;\" aria-level=\"1\"><span style=\"font-weight: 400;\">Grafen ve SiO2 kombinasyonuna sahiptir, seramik spreylerden daha \u00fcst\u00fcnd\u00fcr.<\/span><\/li>\n<li style=\"font-weight: 400;\" aria-level=\"1\"><span style=\"font-weight: 400;\">Kolay ve basit uygulama.<\/span><\/li>\n<li style=\"font-weight: 400;\" aria-level=\"1\"><span style=\"font-weight: 400;\">\u00c7ift katmanl\u0131 koruyucu etki.<\/span><\/li>\n<li style=\"font-weight: 400;\" aria-level=\"1\"><span style=\"font-weight: 400;\">Ola\u011fan\u00fcst\u00fc parlak ve \u015f\u0131k sonu\u00e7lar. Kimyasal temizleyicilere kar\u015f\u0131 rakipsiz diren\u00e7<\/span><\/li>\n<\/ul>\n","protected":false},"featured_media":2014,"comment_status":"open","ping_status":"closed","template":"","meta":{"_seopress_robots_primary_cat":"","_seopress_titles_title":"","_seopress_titles_desc":"","_seopress_robots_index":"","ghostkit_customizer_options":"","ghostkit_custom_css":"","ghostkit_custom_js_head":"","ghostkit_custom_js_foot":"","ghostkit_typography":"","_joinchat":[]},"product_brand":[],"product_cat":[32,34],"product_tag":[],"class_list":{"0":"post-2017","1":"product","2":"type-product","3":"status-publish","4":"has-post-thumbnail","6":"product_cat-motosiklet-bakimi","7":"product_cat-nano-bakim","9":"first","10":"instock","11":"sale","12":"shipping-taxable","13":"purchasable","14":"product-type-simple"},"_links":{"self":[{"href":"https:\/\/ridermade.com\/tr\/wp-json\/wp\/v2\/product\/2017","targetHints":{"allow":["GET"]}}],"collection":[{"href":"https:\/\/ridermade.com\/tr\/wp-json\/wp\/v2\/product"}],"about":[{"href":"https:\/\/ridermade.com\/tr\/wp-json\/wp\/v2\/types\/product"}],"replies":[{"embeddable":true,"href":"https:\/\/ridermade.com\/tr\/wp-json\/wp\/v2\/comments?post=2017"}],"wp:featuredmedia":[{"embeddable":true,"href":"https:\/\/ridermade.com\/tr\/wp-json\/wp\/v2\/media\/2014"}],"wp:attachment":[{"href":"https:\/\/ridermade.com\/tr\/wp-json\/wp\/v2\/media?parent=2017"}],"wp:term":[{"taxonomy":"product_brand","embeddable":true,"href":"https:\/\/ridermade.com\/tr\/wp-json\/wp\/v2\/product_brand?post=2017"},{"taxonomy":"product_cat","embeddable":true,"href":"https:\/\/ridermade.com\/tr\/wp-json\/wp\/v2\/product_cat?post=2017"},{"taxonomy":"product_tag","embeddable":true,"href":"https:\/\/ridermade.com\/tr\/wp-json\/wp\/v2\/product_tag?post=2017"}],"curies":[{"name":"wp","href":"https:\/\/api.w.org\/{rel}","templated":true}]}}