{"id":265,"date":"2024-02-07T09:54:14","date_gmt":"2024-02-07T06:54:14","guid":{"rendered":"https:\/\/wordpress1707176168692.app.runonflux.io\/product\/super-yikama\/"},"modified":"2025-09-05T08:09:43","modified_gmt":"2025-09-05T05:09:43","slug":"super-wash","status":"publish","type":"product","link":"https:\/\/ridermade.com\/tr\/product\/super-wash\/","title":{"rendered":"Super Wash Periyodik Y\u0131kama Deterjan\u0131"},"content":{"rendered":"\n<div style=\"height:2vw\" aria-hidden=\"true\" class=\"wp-block-spacer\"><\/div>\n\n\n\n<div class=\"wp-block-group editor-product has-global-padding is-layout-constrained wp-block-group-is-layout-constrained\">\n<div class=\"wp-block-group alignfull has-global-padding is-layout-constrained wp-container-core-group-is-layout-99dce78a wp-block-group-is-layout-constrained\" style=\"padding-right:var(--wp--preset--spacing--30);padding-bottom:var(--wp--preset--spacing--20);padding-left:var(--wp--preset--spacing--30)\">\n<div class=\"wp-block-columns alignwide are-vertically-aligned-bottom is-layout-flex wp-container-core-columns-is-layout-658170e2 wp-block-columns-is-layout-flex\">\n<div class=\"wp-block-column is-vertically-aligned-bottom is-layout-flow wp-block-column-is-layout-flow\" style=\"flex-basis:58%\">\n<h2 class=\"wp-block-heading\" id=\"safe-and-effective-formula-for-the-periodic-washes-1\">Periyodik y\u0131kamalar i\u00e7in g\u00fcvenli ve etkili form\u00fcl<\/h2>\n<\/div>\n\n\n\n<div class=\"wp-block-column is-vertically-aligned-bottom is-layout-flow wp-block-column-is-layout-flow\">\n<p>M\u00fckemmel denge: Kiri, kiri ve yol kal\u0131nt\u0131lar\u0131n\u0131 ba\u015far\u0131yla \u00e7\u00f6zerken hassas y\u00fczeyler ve karma\u015f\u0131k bile\u015fenler \u00fczerinde nazik kal\u0131r.<\/p>\n<\/div>\n<\/div>\n<\/div>\n\n\n\n<div class=\"wp-block-cover alignfull is-light has-custom-content-position is-position-bottom-center has-alpha-w-99-color has-text-color\" style=\"padding-top:var(--wp--preset--spacing--40);padding-right:var(--wp--preset--spacing--30);padding-bottom:var(--wp--preset--spacing--40);padding-left:var(--wp--preset--spacing--30);min-height:40vw;aspect-ratio:unset;\"><span aria-hidden=\"true\" class=\"wp-block-cover__background has-background-dim\"><\/span><video class=\"wp-block-cover__video-background intrinsic-ignore\" autoplay muted loop playsinline src=\"https:\/\/jetpack2_38080.app.runonflux.io\/ipfs\/Qmbk4a7y8DUPxphKgrVwf24AnS8K1EJhk2RJVbfQ9kjNJQ\" data-object-fit=\"cover\"><\/video><div class=\"wp-block-cover__inner-container has-global-padding is-layout-constrained wp-container-core-cover-is-layout-f90d3be4 wp-block-cover-is-layout-constrained\">\n<div class=\"wp-block-group alignwide has-global-padding is-content-justification-left is-layout-constrained wp-container-core-group-is-layout-74cbbf86 wp-block-group-is-layout-constrained\">\n<p>An\u0131nda temizleme becerisinin \u00f6tesinde, Super Wash sevgili arac\u0131n\u0131z\u0131n \u00f6mr\u00fcn\u00fc uzatmak i\u00e7in titizlikle tasarlanm\u0131\u015ft\u0131r. pH a\u00e7\u0131s\u0131ndan g\u00fcvenli bile\u015fik, kirlere kar\u015f\u0131 sert olsa da boya, krom, plastik ve kau\u00e7u\u011fa kar\u015f\u0131 nazik olmas\u0131n\u0131 sa\u011flar. Boyan\u0131n solmas\u0131 veya korozyon olu\u015fmas\u0131 endi\u015fesine elveda deyin.<\/p>\n<\/div>\n<\/div><\/div>\n\n\n\n<div class=\"wp-block-columns alignwide are-vertically-aligned-center is-layout-flex wp-container-core-columns-is-layout-f798d21e wp-block-columns-is-layout-flex\" style=\"margin-top:0;margin-bottom:0\">\n<div class=\"wp-block-column is-vertically-aligned-center has-global-padding is-content-justification-left is-layout-constrained wp-container-core-column-is-layout-74cbbf86 wp-block-column-is-layout-constrained\">\n<div class=\"wp-block-columns is-layout-flex wp-container-core-columns-is-layout-c2382d39 wp-block-columns-is-layout-flex\" style=\"padding-top:var(--wp--preset--spacing--30);padding-right:var(--wp--preset--spacing--40);padding-bottom:var(--wp--preset--spacing--30);padding-left:var(--wp--preset--spacing--40)\">\n<div class=\"wp-block-column is-layout-flow wp-block-column-is-layout-flow\">\n<div class=\"wp-block-group is-nowrap is-layout-flex wp-container-core-group-is-layout-6c531013 wp-block-group-is-layout-flex\">\n<div class=\"ghostkit-icon ghostkit-custom-Zqi8Bh\"><div class=\"ghostkit-icon-inner\"><svg width=\"48\" height=\"48\" viewBox=\"0 0 48 48\" fill=\"none\" xmlns=\"http:\/\/www.w3.org\/2000\/svg\"><path d=\"M1.44598 24.163H5.23298C9.09182 23.945 12.7189 22.2507 15.3623 19.4311C18.0058 16.6115 19.463 12.8828 19.432 9.01798C19.432 6.02598 25.111 5.64698 25.111 11.326C24.8208 15.0245 24.187 18.6879 23.218 22.269H38.363C39.1068 22.2829 39.8155 22.5882 40.3366 23.1192C40.8578 23.6502 41.1497 24.3645 41.1497 25.1085C41.1497 25.8525 40.8578 26.5667 40.3366 27.0977C39.8155 27.6287 39.1068 27.934 38.363 27.948H36.47C37.2138 27.9619 37.9225 28.2672 38.4436 28.7982C38.9647 29.3292 39.2567 30.0435 39.2567 30.7875C39.2567 31.5315 38.9647 32.2457 38.4436 32.7767C37.9225 33.3077 37.2138 33.613 36.47 33.627H34.577M34.575 33.629C35.3188 33.6429 36.0275 33.9482 36.5486 34.4792C37.0698 35.0102 37.3617 35.7245 37.3617 36.4685C37.3617 37.2125 37.0698 37.9267 36.5486 38.4577C36.0275 38.9887 35.3188 39.294 34.575 39.308H32.682C33.4258 39.3219 34.1345 39.6272 34.6556 40.1582C35.1768 40.6892 35.4687 41.4035 35.4687 42.1475C35.4687 42.8915 35.1768 43.6057 34.6556 44.1367C34.1345 44.6677 33.4258 44.973 32.682 44.987H20.377C12.805 44.987 16.59 41.2 1.44698 41.2M7.12498 14.699V10.912M5.23298 12.805H9.01998M14.699 5.23298V1.44598M12.805 3.33998H16.592M33.629 9.01998V5.23298M31.736 7.12498H35.523M43.095 18.484V14.697M41.2 16.591H44.987\" stroke=\"currentColor\" stroke-linecap=\"round\" stroke-linejoin=\"round\"><\/path><\/svg><\/div><\/div>\n\n\n\n<p>H\u0131zl\u0131 ve etkili temizlik<\/p>\n<\/div>\n<\/div>\n\n\n\n<div class=\"wp-block-column is-layout-flow wp-block-column-is-layout-flow\">\n<div class=\"wp-block-group is-nowrap is-layout-flex wp-container-core-group-is-layout-6c531013 wp-block-group-is-layout-flex\">\n<div class=\"ghostkit-icon ghostkit-custom-Z139LlG\"><div class=\"ghostkit-icon-inner\"><svg width=\"48\" height=\"48\" viewBox=\"0 0 48 48\" fill=\"none\" xmlns=\"http:\/\/www.w3.org\/2000\/svg\"><path d=\"M33.629 13.751L22.205 30.281L13.538 21.611M4.28703 8.646V23.103C4.27893 27.7941 5.68968 32.3779 8.33403 36.2526C10.9784 40.1273 14.7327 43.1117 19.104 44.814L21.123 45.597C22.4688 46.1175 23.9603 46.1175 25.306 45.597L27.325 44.814C31.6971 43.1126 35.4524 40.1287 38.0977 36.2541C40.743 32.3795 42.1545 27.7955 42.147 23.104V8.646C42.1517 8.08742 41.9953 7.53932 41.6967 7.06724C41.398 6.59517 40.9697 6.2191 40.463 5.984C35.0296 3.59716 29.1513 2.39123 23.217 2.446C17.2827 2.39123 11.4044 3.59716 5.97103 5.984C5.46431 6.2191 5.03602 6.59517 4.73739 7.06724C4.43875 7.53932 4.2824 8.08742 4.28703 8.646Z\" stroke=\"currentColor\" stroke-linecap=\"round\" stroke-linejoin=\"round\"><\/path><\/svg><\/div><\/div>\n\n\n\n<p>Metaller ve plastikler \u00fczerinde g\u00fcvenlidir<\/p>\n<\/div>\n<\/div>\n<\/div>\n\n\n\n<div class=\"wp-block-columns is-layout-flex wp-container-core-columns-is-layout-fa1360b8 wp-block-columns-is-layout-flex\" style=\"border-bottom-color:var(--wp--preset--color--faded);border-bottom-width:1px;margin-bottom:var(--wp--preset--spacing--40);padding-top:var(--wp--preset--spacing--30);padding-right:var(--wp--preset--spacing--40);padding-bottom:var(--wp--preset--spacing--50);padding-left:var(--wp--preset--spacing--40)\">\n<div class=\"wp-block-column is-layout-flow wp-block-column-is-layout-flow\">\n<div class=\"wp-block-group is-nowrap is-layout-flex wp-container-core-group-is-layout-6c531013 wp-block-group-is-layout-flex\">\n<div class=\"ghostkit-icon ghostkit-custom-Z2ev5ie\"><div class=\"ghostkit-icon-inner\"><svg width=\"48\" height=\"48\" viewBox=\"0 0 48 48\" fill=\"none\" xmlns=\"http:\/\/www.w3.org\/2000\/svg\"><path d=\"M9.573 40.7447C29.885 47.5217 22.388 47.5787 45.541 36.0117C44.9042 35.1502 44.0171 34.5061 43.0008 34.1674C41.9845 33.8286 40.8883 33.8116 39.862 34.1187L31.475 36.9587M9.573 30.3897H15.252C18.4743 30.5054 21.5271 31.8623 23.772 34.1767H29.451C29.9532 34.1767 30.4348 34.3762 30.7899 34.7313C31.145 35.0864 31.3445 35.568 31.3445 36.0702C31.3445 36.5724 31.145 37.054 30.7899 37.4091C30.4348 37.7642 29.9532 37.9637 29.451 37.9637H19.037M14.02 23.9347C12.6978 21.2985 12.1741 18.3335 12.5132 15.4038C12.8523 12.4741 14.0394 9.70713 15.9288 7.44256C17.8182 5.178 20.3277 3.51437 23.1493 2.65588C25.9708 1.7974 28.9817 1.78141 31.8122 2.60989C34.6427 3.43837 37.1697 5.07526 39.0831 7.31964C40.9964 9.56402 42.2128 12.3182 42.583 15.2442C42.9532 18.1701 42.461 21.1405 41.1669 23.7906C39.8728 26.4408 37.833 28.6554 35.298 30.1627M38.744 6.93474C38.5561 7.93787 38.1674 8.89267 37.6011 9.74176C37.0349 10.5909 36.3029 11.3167 35.449 11.8757C32.817 11.2127 30.187 13.1827 30.849 13.1827C31.511 13.1827 32.156 15.8147 32.156 15.8147C32.819 16.4777 34.144 15.8147 34.144 15.8147C35.791 17.4617 31.512 20.4337 31.512 21.0957C31.512 21.7577 33.159 22.0797 32.156 22.9887C31.6233 23.5519 30.9784 23.9972 30.263 24.2957C30.263 27.5907 26.968 27.5907 26.326 27.5907C25.684 27.5907 24.338 24.9587 24.338 24.2957C24.338 23.6327 25.001 22.9887 25.001 22.4027C25.001 21.8167 23.676 20.5097 23.676 20.5097C23.676 17.8777 21.783 18.6167 19.739 18.6167C17.695 18.6167 17.674 15.8127 17.674 15.8127C17.674 15.8127 17.674 11.2127 20.969 10.5507C24.264 9.88874 24.264 11.2137 24.264 11.2137C25.589 12.5207 28.22 11.2137 29.526 11.2137C29.526 11.2137 30.189 6.59474 28.882 7.25774C27.575 7.92074 26.383 7.40974 26.25 5.95074C26.042 3.88774 31.929 2.65574 31.929 2.65574M2.946 28.4967H8.625C8.625 28.4967 9.571 28.4967 9.571 29.4427V42.6937C9.571 42.6937 9.571 43.6397 8.625 43.6397H2.946C2.946 43.6397 2 43.6397 2 42.6937V29.4427C2 29.4427 2 28.4967 2.946 28.4967Z\" stroke=\"currentColor\" stroke-linecap=\"round\" stroke-linejoin=\"round\"><\/path><\/svg><\/div><\/div>\n\n\n\n<p>Biyolojik olarak par\u00e7alanabilir ve cilt dostu<\/p>\n<\/div>\n<\/div>\n\n\n\n<div class=\"wp-block-column is-layout-flow wp-block-column-is-layout-flow\">\n<div class=\"wp-block-group is-nowrap is-layout-flex wp-container-core-group-is-layout-6c531013 wp-block-group-is-layout-flex\">\n<div class=\"ghostkit-icon ghostkit-custom-ZdEIl2\"><div class=\"ghostkit-icon-inner\"><svg width=\"48\" height=\"48\" viewBox=\"0 0 48 48\" fill=\"none\" xmlns=\"http:\/\/www.w3.org\/2000\/svg\"><path d=\"M37.969 8.62598H45.541M37.022 4.841L43.649 2M37.022 12.412L43.647 15.252M27.5569 19.038C26.0508 19.038 24.6063 18.4397 23.5413 17.3747C22.4763 16.3096 21.8779 14.8652 21.8779 13.359M32.2899 5.78699V11.466M15.253 3.89397H27.557C27.8079 3.89397 28.0485 3.99364 28.2259 4.17104C28.4033 4.34845 28.503 4.58907 28.503 4.83997V12.412C28.503 12.6629 28.4033 12.9035 28.2259 13.0809C28.0485 13.2583 27.8079 13.358 27.557 13.358H5.78699C5.78699 10.8474 6.7843 8.43971 8.55951 6.66449C10.3347 4.88928 12.7424 3.89197 15.253 3.89197V3.89397ZM13.359 13.359H20.931V20.931H13.359V13.359ZM22.561 45.5409H11.729C9.14871 45.5409 6.6741 44.5159 4.84956 42.6914C3.02502 40.8668 2 38.3922 2 35.8119C1.99998 33.5362 2.79754 31.3325 4.254 29.5839L10.897 21.6119C11.0746 21.3988 11.297 21.2273 11.5482 21.1096C11.7995 20.9919 12.0735 20.9309 12.351 20.9309H21.937C22.2145 20.9309 22.4885 20.9919 22.7398 21.1096C22.991 21.2273 23.2134 21.3988 23.391 21.6119L30.034 29.5829C31.4905 31.3315 32.288 33.5352 32.288 35.8109C32.288 37.0885 32.0364 38.3537 31.5474 39.534C31.0585 40.7144 30.3419 41.7869 29.4384 42.6903C28.535 43.5938 27.4625 44.3104 26.2821 44.7993C25.1018 45.2883 23.8366 45.5399 22.559 45.5399L22.561 45.5409Z\" stroke=\"currentColor\" stroke-linecap=\"round\" stroke-linejoin=\"round\"><\/path><\/svg><\/div><\/div>\n\n\n\n<p>Y\u00fcksek kaliteli k\u00f6p\u00fck ve sprey tetikleyici<\/p>\n<\/div>\n<\/div>\n<\/div>\n\n\n\n<div class=\"wp-block-group has-global-padding is-layout-constrained wp-container-core-group-is-layout-97829e9f wp-block-group-is-layout-constrained\" style=\"padding-right:var(--wp--preset--spacing--40);padding-left:var(--wp--preset--spacing--40)\">\n<p>\u0130ster s\u0131radan bir s\u00fcr\u00fcc\u00fc ister deneyimli bir maceraperest olun, motosikletiniz m\u00fcmk\u00fcn olan en iyi bak\u0131m\u0131 hak ediyor - RiderMade Super Wash i\u015fte bu noktada parl\u0131yor!<br><br>Motosiklet bak\u0131m\u0131n\u0131n gelece\u011fini kucaklay\u0131n ve s\u00fcr\u00fc\u015f deneyiminizi y\u00fckseltin. Super Wash ile motosikletinizin di\u011ferlerinden farkl\u0131 oldu\u011funu bilerek g\u00fcvenle ve gururla s\u00fcrebilirsiniz.<\/p>\n<\/div>\n<\/div>\n\n\n\n<div class=\"wp-block-column is-vertically-aligned-center col-offset-right is-layout-flow wp-block-column-is-layout-flow\">\n<figure class=\"wp-block-image size-full\"><img loading=\"lazy\" decoding=\"async\" width=\"1448\" height=\"1954\" src=\"https:\/\/ridermade.com\/wp-content\/uploads\/2024\/02\/SW6-vertical.avif\" alt=\"\" class=\"wp-image-1645\" srcset=\"https:\/\/ridermade.com\/wp-content\/uploads\/2024\/02\/SW6-vertical.avif 1448w, https:\/\/ridermade.com\/wp-content\/uploads\/2024\/02\/SW6-vertical-1024x1382.avif 1024w, https:\/\/ridermade.com\/wp-content\/uploads\/2024\/02\/SW6-vertical-222x300.avif 222w, https:\/\/ridermade.com\/wp-content\/uploads\/2024\/02\/SW6-vertical-759x1024.avif 759w, https:\/\/ridermade.com\/wp-content\/uploads\/2024\/02\/SW6-vertical-768x1036.avif 768w, https:\/\/ridermade.com\/wp-content\/uploads\/2024\/02\/SW6-vertical-1138x1536.avif 1138w\" sizes=\"auto, (max-width: 1448px) 100vw, 1448px\" \/><\/figure>\n<\/div>\n<\/div>\n\n\n\n<div class=\"wp-block-columns alignwide are-vertically-aligned-center is-layout-flex wp-container-core-columns-is-layout-f798d21e wp-block-columns-is-layout-flex\" style=\"margin-top:0;margin-bottom:0\">\n<div class=\"wp-block-column is-vertically-aligned-center col-offset-left has-global-padding is-content-justification-left is-layout-constrained wp-container-core-column-is-layout-c4d06299 wp-block-column-is-layout-constrained\">\n<figure class=\"wp-block-image size-full\"><img loading=\"lazy\" decoding=\"async\" width=\"2263\" height=\"2560\" src=\"https:\/\/ridermade.com\/wp-content\/uploads\/2024\/02\/SQ-Superwash-Vespa-Spray-2-scaled.avif\" alt=\"\" class=\"wp-image-1648\" srcset=\"https:\/\/ridermade.com\/wp-content\/uploads\/2024\/02\/SQ-Superwash-Vespa-Spray-2-scaled.avif 2263w, https:\/\/ridermade.com\/wp-content\/uploads\/2024\/02\/SQ-Superwash-Vespa-Spray-2-scaled-1024x1158.avif 1024w, https:\/\/ridermade.com\/wp-content\/uploads\/2024\/02\/SQ-Superwash-Vespa-Spray-2-265x300.avif 265w, https:\/\/ridermade.com\/wp-content\/uploads\/2024\/02\/SQ-Superwash-Vespa-Spray-2-905x1024.avif 905w, https:\/\/ridermade.com\/wp-content\/uploads\/2024\/02\/SQ-Superwash-Vespa-Spray-2-768x869.avif 768w, https:\/\/ridermade.com\/wp-content\/uploads\/2024\/02\/SQ-Superwash-Vespa-Spray-2-1358x1536.avif 1358w, https:\/\/ridermade.com\/wp-content\/uploads\/2024\/02\/SQ-Superwash-Vespa-Spray-2-1810x2048.avif 1810w\" sizes=\"auto, (max-width: 2263px) 100vw, 2263px\" \/><\/figure>\n<\/div>\n\n\n\n<div class=\"wp-block-column is-vertically-aligned-center has-global-padding is-content-justification-center is-layout-constrained wp-container-core-column-is-layout-fbfe0159 wp-block-column-is-layout-constrained\">\n<div class=\"wp-block-group has-global-padding is-layout-constrained wp-container-core-group-is-layout-b60d1f4d wp-block-group-is-layout-constrained\" style=\"padding-right:var(--wp--preset--spacing--40);padding-left:var(--wp--preset--spacing--40)\">\n<h2 class=\"wp-block-heading\" id=\"yikama-talimatlari\">Y\u0131kama Talimatlar\u0131<\/h2>\n\n\n\n<div class=\"wp-block-group is-nowrap is-layout-flex wp-container-core-group-is-layout-f66f9956 wp-block-group-is-layout-flex\">\n<div class=\"ghostkit-icon ghostkit-custom-CDpRG\"><div class=\"ghostkit-icon-inner\"><svg width=\"48\" height=\"48\" viewBox=\"0 0 48 48\" fill=\"none\" xmlns=\"http:\/\/www.w3.org\/2000\/svg\"><path d=\"M23.25 35H23.75V34.5V14.0625V13.2127L23.0072 13.6254L18.7884 15.9692L18.7707 15.979L18.7668 15.9816C18.7567 15.9825 18.7311 15.9823 18.6855 15.9671C18.6468 15.9542 18.6074 15.9339 18.5734 15.9093C18.5388 15.8841 18.5187 15.861 18.5098 15.8476L18.4823 15.8065L18.4608 15.785C18.4613 15.7832 18.4619 15.7813 18.4626 15.7792C18.4774 15.735 18.5242 15.6719 18.5986 15.6347L18.611 15.6285L18.6231 15.6216L23.8731 12.6216L23.9312 12.5884L23.9722 12.5474C23.9893 12.5496 24.0319 12.5597 24.0977 12.6035L24.1236 12.6208L24.1473 12.6327C24.1493 12.6341 24.1555 12.6387 24.1652 12.6481C24.1815 12.6638 24.1999 12.6856 24.2168 12.7109C24.2337 12.7363 24.2445 12.7584 24.25 12.7728V34.5V35H24.75H30C30.0249 35 30.0916 35.0175 30.1621 35.0879C30.2325 35.1584 30.25 35.2251 30.25 35.25C30.25 35.3415 30.2171 35.3961 30.1778 35.4322C30.1319 35.4742 30.0659 35.5 30 35.5H18C17.8659 35.5 17.8173 35.4617 17.8028 35.4472C17.7883 35.4327 17.75 35.3841 17.75 35.25C17.75 35.1841 17.7758 35.1181 17.8178 35.0722C17.8539 35.0329 17.9085 35 18 35H23.25ZM24 0.5C36.9426 0.5 47.5 11.0574 47.5 24C47.5 37.0351 36.9439 47.5 24 47.5C10.9636 47.5 0.5 37.0364 0.5 24C0.5 11.0561 10.9649 0.5 24 0.5ZM24 47C36.6498 47 47 36.7462 47 24C47 11.3489 36.6511 1 24 1C11.2538 1 1 11.3502 1 24C1 36.7449 11.2551 47 24 47Z\" stroke=\"currentColor\"><\/path><\/svg><\/div><\/div>\n\n\n\n<p>Serin bir yerde oldu\u011funuzdan ve do\u011frudan g\u00fcne\u015f \u0131\u015f\u0131\u011f\u0131 alt\u0131nda olmad\u0131\u011f\u0131n\u0131zdan emin olun. Super Wash uygulamadan \u00f6nce motosikletinizi iyice durulay\u0131n.<\/p>\n<\/div>\n\n\n\n<div class=\"wp-block-group is-nowrap is-layout-flex wp-container-core-group-is-layout-f66f9956 wp-block-group-is-layout-flex\">\n<div class=\"ghostkit-icon ghostkit-custom-ZkiIiP\"><div class=\"ghostkit-icon-inner\"><svg width=\"48\" height=\"48\" viewBox=\"0 0 48 48\" fill=\"none\" xmlns=\"http:\/\/www.w3.org\/2000\/svg\"><path d=\"M15.4743 35.3731C15.4544 35.3132 15.4509 35.2127 15.5691 35.0187L27.6992 24.5681C27.6996 24.5678 27.7 24.5674 27.7004 24.5671C30.443 22.2297 30.745 18.1646 28.4119 15.4258L28.4109 15.4246C27.2025 14.0148 25.5817 13.2001 23.7602 13.0953C21.9249 12.8954 20.2022 13.5125 18.8013 14.7127C18.8007 14.7132 18.8002 14.7136 18.7996 14.7141L17.0217 16.2113L17.0053 16.2251L16.9902 16.2402C16.9784 16.252 16.9544 16.2697 16.8901 16.2617C16.819 16.2528 16.7325 16.2129 16.6661 16.1464C16.6542 16.1346 16.6365 16.1107 16.6446 16.0464C16.6531 15.9781 16.6903 15.8955 16.7521 15.8303L18.5131 14.2546C20.0078 13.0268 21.8449 12.4164 23.8629 12.5919L23.8732 12.5928L23.8835 12.5932C25.7899 12.6799 27.5378 13.6338 28.7703 15.1304L28.7702 15.1304L28.7758 15.137C31.3112 18.1095 30.9713 22.3912 27.9842 25.0291C27.9834 25.0298 27.9825 25.0306 27.9817 25.0313L17.3931 34.1206L16.3686 35H17.7188H32.25C32.2749 35 32.3416 35.0175 32.4121 35.0879C32.4825 35.1584 32.5 35.2251 32.5 35.25C32.5 35.3415 32.4671 35.3961 32.4278 35.4322C32.3819 35.4742 32.3159 35.5 32.25 35.5H15.75C15.6454 35.5 15.5769 35.474 15.538 35.4493C15.5007 35.4255 15.483 35.3991 15.4743 35.3731ZM24 0.5C36.9426 0.5 47.5 11.0574 47.5 24C47.5 37.0351 36.9439 47.5 24 47.5C10.9636 47.5 0.5 37.0364 0.5 24C0.5 11.0561 10.9649 0.5 24 0.5ZM24 47C36.6498 47 47 36.7462 47 24C47 11.3489 36.6511 1 24 1C11.2538 1 1 11.3502 1 24C1 36.7449 11.2551 47 24 47Z\" stroke=\"currentColor\"><\/path><\/svg><\/div><\/div>\n\n\n\n<p>Super Wash&#8217;\u0131 t\u00fcm motosikletin \u00fczerine p\u00fcsk\u00fcrt\u00fcn ve bir dakika bekletin. P\u00fcsk\u00fcrtme s\u0131ras\u0131nda daha derin alanlar i\u00e7in k\u00f6p\u00fck veya p\u00fcsk\u00fcrtme ba\u015fl\u0131\u011f\u0131 aras\u0131nda ge\u00e7i\u015f yapabilirsiniz.<\/p>\n<\/div>\n\n\n\n<div class=\"wp-block-group is-nowrap is-layout-flex wp-container-core-group-is-layout-f66f9956 wp-block-group-is-layout-flex\">\n<div class=\"ghostkit-icon ghostkit-custom-1RuXiJ\"><div class=\"ghostkit-icon-inner\"><svg width=\"48\" height=\"48\" viewBox=\"0 0 48 48\" fill=\"none\" xmlns=\"http:\/\/www.w3.org\/2000\/svg\"><path d=\"M30.8382 12.7206C30.8582 12.7807 30.8616 12.8816 30.7425 13.0765L20.3897 22.1235L19.3867 23H20.7188H26.25C29.6301 23 32.5 25.8699 32.5 29.25C32.5 32.7194 29.6346 35.5 26.25 35.5H19.875C17.8392 35.5 16.0755 34.2335 15.4824 32.3982C15.4684 32.3292 15.4776 32.2414 15.5117 32.1685C15.5469 32.093 15.5835 32.0804 15.59 32.0788L15.6433 32.0655L15.6924 32.041C15.7052 32.0346 15.7427 32.0237 15.8077 32.0584C15.8773 32.0955 15.9134 32.1526 15.9212 32.1838L15.9247 32.1978L15.929 32.2116C16.4699 33.9424 18.0865 35 19.875 35H26.25C29.3328 35 32 32.4382 32 29.25C32 26.1614 29.3386 23.5 26.25 23.5H18.75C18.6452 23.5 18.5902 23.4743 18.5636 23.455C18.5408 23.4384 18.507 23.4041 18.4851 23.3162L18.4804 23.2976L18.4743 23.2794C18.4498 23.2059 18.4663 23.1216 18.5322 23.0503L29.0168 13.8763L30.0182 13H28.6875H15.75C15.6159 13 15.5673 12.9617 15.5528 12.9472C15.5383 12.9327 15.5 12.8841 15.5 12.75C15.5 12.6841 15.5258 12.6181 15.5678 12.5722C15.6039 12.5329 15.6585 12.5 15.75 12.5H30.7205C30.7226 12.5022 30.7251 12.5048 30.7279 12.508C30.7624 12.5469 30.8047 12.6203 30.8382 12.7206ZM24 0.5C36.9426 0.5 47.5 11.0574 47.5 24C47.5 37.0351 36.9439 47.5 24 47.5C10.9636 47.5 0.5 37.0364 0.5 24C0.5 11.0561 10.9649 0.5 24 0.5ZM24 47C36.6498 47 47 36.7462 47 24C47 11.3489 36.6511 1 24 1C11.2538 1 1 11.3502 1 24C1 36.7449 11.2551 47 24 47Z\" stroke=\"currentColor\"><\/path><\/svg><\/div><\/div>\n\n\n\n<p>Bez \u00e7ok kirliyse, mikrofiberlerdeki \u00fcr\u00fcn kal\u0131nt\u0131lar\u0131n\u0131 gidermeye yard\u0131mc\u0131 olaca\u011f\u0131ndan y\u0131kamaya yar\u0131m fincan sirke eklenmesi \u00f6nerilir. Daha sonra ya havayla kurutun ya da makinede kurutuyorsan\u0131z d\u00fc\u015f\u00fck s\u0131cakl\u0131k ayar\u0131 kullan\u0131n.<\/p>\n<\/div>\n\n\n\n<div class=\"wp-block-group is-nowrap is-layout-flex wp-container-core-group-is-layout-f66f9956 wp-block-group-is-layout-flex\">\n<div class=\"ghostkit-icon ghostkit-custom-Z1i49ki\"><div class=\"ghostkit-icon-inner\"><svg width=\"48\" height=\"48\" viewBox=\"0 0 48 48\" fill=\"none\" xmlns=\"http:\/\/www.w3.org\/2000\/svg\"><path d=\"M30 29.5H29.5V30V35.25C29.5 35.3415 29.4671 35.3961 29.4278 35.4322C29.3819 35.4742 29.3159 35.5 29.25 35.5C29.1159 35.5 29.0673 35.4617 29.0528 35.4472C29.0383 35.4327 29 35.3841 29 35.25V30V29.5H28.5H15C14.9667 29.5 14.9139 29.4871 14.8588 29.4541C14.833 29.4386 14.8131 29.4224 14.7998 29.4091C14.7935 29.4028 14.79 29.3985 14.7886 29.3966L14.7547 29.3288L14.6973 29.2714C14.6953 29.2694 14.6943 29.2679 14.6932 29.2655C14.6919 29.2626 14.6899 29.2567 14.6889 29.2471C14.6879 29.2374 14.6884 29.226 14.6905 29.2146C14.6926 29.203 14.6958 29.1953 14.6972 29.1924L14.7056 29.1755L14.7128 29.1581L21.4545 12.6782C21.5033 12.5873 21.5508 12.5622 21.5683 12.5564L21.5684 12.5563C21.5769 12.5535 21.6363 12.5336 21.774 12.6162L21.7905 12.6261L21.8076 12.6347C21.9088 12.6853 21.9543 12.7459 21.9701 12.7829C21.9817 12.8098 21.988 12.8435 21.959 12.9014L21.9511 12.9172L21.9444 12.9335L15.5694 28.3085L15.2827 29H16.0312H28.5H29V28.5V18.75C29 18.6841 29.0258 18.6181 29.0678 18.5722C29.1039 18.5329 29.1585 18.5 29.25 18.5C29.2749 18.5 29.3416 18.5175 29.4121 18.5879C29.4825 18.6584 29.5 18.7251 29.5 18.75V28.5V29H30H32.25C32.2749 29 32.3416 29.0175 32.4121 29.0879C32.4825 29.1584 32.5 29.2251 32.5 29.25C32.5 29.3415 32.4671 29.3961 32.4278 29.4322C32.3819 29.4742 32.3159 29.5 32.25 29.5H30ZM24 0.5C36.9426 0.5 47.5 11.0574 47.5 24C47.5 37.0351 36.9439 47.5 24 47.5C10.9636 47.5 0.5 37.0364 0.5 24C0.5 11.0561 10.9649 0.5 24 0.5ZM24 47C36.6498 47 47 36.7462 47 24C47 11.3489 36.6511 1 24 1C11.2538 1 1 11.3502 1 24C1 36.7449 11.2551 47 24 47Z\" stroke=\"currentColor\"><\/path><\/svg><\/div><\/div>\n\n\n\n<p>Motosikletinizin her yerini kaplad\u0131\u011f\u0131n\u0131zdan emin olana kadar iyice durulay\u0131n. Motosikletinizi kurulamak i\u00e7in kaliteli bir mikrofiber havlu kullan\u0131n.<\/p>\n<\/div>\n<\/div>\n<\/div>\n<\/div>\n<\/div>\n","protected":false},"excerpt":{"rendered":"<p>RiderMade <strong>Super Wash<\/strong>: Motosikletinizin yeni en favori arkada\u015f\u0131!<\/p>\n<p>PH dengeli etkili bir form\u00fclle \u00f6zel olarak form\u00fcle edilen bu geli\u015fmi\u015f motosiklet y\u0131kama s\u0131v\u0131s\u0131, motosikletinizin hassas y\u00fczeyleri i\u00e7in en \u00fcst d\u00fczeyde bak\u0131m sa\u011flarken benzersiz temizleme g\u00fcc\u00fc sunmak \u00fczere tasarlanm\u0131\u015ft\u0131r.<\/p>\n","protected":false},"featured_media":950,"comment_status":"open","ping_status":"closed","template":"","meta":{"_seopress_robots_primary_cat":"","_seopress_titles_title":"","_seopress_titles_desc":"","_seopress_robots_index":"","ghostkit_customizer_options":"","ghostkit_custom_css":"","ghostkit_custom_js_head":"","ghostkit_custom_js_foot":"","ghostkit_typography":"","_joinchat":[]},"product_brand":[],"product_cat":[33],"product_tag":[],"class_list":{"0":"post-265","1":"product","2":"type-product","3":"status-publish","4":"has-post-thumbnail","6":"product_cat-motosiklet-temizligi","8":"first","9":"instock","10":"shipping-taxable","11":"purchasable","12":"product-type-simple"},"_links":{"self":[{"href":"https:\/\/ridermade.com\/tr\/wp-json\/wp\/v2\/product\/265","targetHints":{"allow":["GET"]}}],"collection":[{"href":"https:\/\/ridermade.com\/tr\/wp-json\/wp\/v2\/product"}],"about":[{"href":"https:\/\/ridermade.com\/tr\/wp-json\/wp\/v2\/types\/product"}],"replies":[{"embeddable":true,"href":"https:\/\/ridermade.com\/tr\/wp-json\/wp\/v2\/comments?post=265"}],"wp:featuredmedia":[{"embeddable":true,"href":"https:\/\/ridermade.com\/tr\/wp-json\/wp\/v2\/media\/950"}],"wp:attachment":[{"href":"https:\/\/ridermade.com\/tr\/wp-json\/wp\/v2\/media?parent=265"}],"wp:term":[{"taxonomy":"product_brand","embeddable":true,"href":"https:\/\/ridermade.com\/tr\/wp-json\/wp\/v2\/product_brand?post=265"},{"taxonomy":"product_cat","embeddable":true,"href":"https:\/\/ridermade.com\/tr\/wp-json\/wp\/v2\/product_cat?post=265"},{"taxonomy":"product_tag","embeddable":true,"href":"https:\/\/ridermade.com\/tr\/wp-json\/wp\/v2\/product_tag?post=265"}],"curies":[{"name":"wp","href":"https:\/\/api.w.org\/{rel}","templated":true}]}}