{"id":419,"date":"2024-02-07T15:27:23","date_gmt":"2024-02-07T12:27:23","guid":{"rendered":"https:\/\/wordpress1707176168692.app.runonflux.io\/product\/bug-off\/"},"modified":"2026-01-28T18:55:26","modified_gmt":"2026-01-28T15:55:26","slug":"bug-off","status":"publish","type":"product","link":"https:\/\/ridermade.com\/tr\/product\/bug-off\/","title":{"rendered":"Bug Off 100ML"},"content":{"rendered":"\n<div class=\"wp-block-group editor-product has-global-padding is-layout-constrained wp-block-group-is-layout-constrained\">\n<div class=\"wp-block-group alignfull has-global-padding is-layout-constrained wp-container-core-group-is-layout-99dce78a wp-block-group-is-layout-constrained\" style=\"padding-right:var(--wp--preset--spacing--30);padding-bottom:var(--wp--preset--spacing--20);padding-left:var(--wp--preset--spacing--30)\">\n<div class=\"wp-block-columns alignwide are-vertically-aligned-bottom is-layout-flex wp-container-core-columns-is-layout-658170e2 wp-block-columns-is-layout-flex\">\n<div class=\"wp-block-column is-vertically-aligned-bottom is-layout-flow wp-block-column-is-layout-flow\" style=\"flex-basis:58%\">\n<h2 class=\"wp-block-heading\" id=\"our-best-insect-remover-yet-instant-eliminator\">\u015eimdiye kadarki En \u0130yi B\u00f6cek Temizleyicimiz. An\u0131nda Temizlik.<\/h2>\n<\/div>\n\n\n\n<div class=\"wp-block-column is-vertically-aligned-bottom is-layout-flow wp-block-column-is-layout-flow\">\n<p>G\u00fc\u00e7l\u00fc temizlik maddeleri, b\u00f6cek s\u0131\u00e7ramalar\u0131n\u0131 ve b\u00f6cek kal\u0131nt\u0131lar\u0131n\u0131 temas halinde an\u0131nda \u00e7\u00f6zerek temizlik i\u00e7in gereken zaman\u0131 ve \u00e7abay\u0131 en aza indirir.<\/p>\n<\/div>\n<\/div>\n<\/div>\n\n\n\n<div class=\"wp-block-cover alignfull has-custom-content-position is-position-bottom-center\" style=\"min-height:500px;aspect-ratio:unset;\"><span aria-hidden=\"true\" class=\"wp-block-cover__background has-background-dim\"><\/span><img loading=\"lazy\" decoding=\"async\" width=\"2560\" height=\"1707\" class=\"wp-block-cover__image-background wp-image-1660\" alt=\"\" src=\"https:\/\/ridermade.com\/wp-content\/uploads\/2024\/02\/2-scaled.avif\" data-object-fit=\"cover\" srcset=\"https:\/\/ridermade.com\/wp-content\/uploads\/2024\/02\/2-scaled.avif 2560w, https:\/\/ridermade.com\/wp-content\/uploads\/2024\/02\/2-300x200.avif 300w, https:\/\/ridermade.com\/wp-content\/uploads\/2024\/02\/2-1024x683.avif 1024w, https:\/\/ridermade.com\/wp-content\/uploads\/2024\/02\/2-768x512.avif 768w, https:\/\/ridermade.com\/wp-content\/uploads\/2024\/02\/2-1536x1024.avif 1536w, https:\/\/ridermade.com\/wp-content\/uploads\/2024\/02\/2-2048x1365.avif 2048w\" sizes=\"auto, (max-width: 2560px) 100vw, 2560px\" \/><div class=\"wp-block-cover__inner-container has-global-padding is-layout-constrained wp-block-cover-is-layout-constrained\">\n<div class=\"wp-block-group alignwide has-global-padding is-content-justification-left is-layout-constrained wp-container-core-group-is-layout-12dd3699 wp-block-group-is-layout-constrained\">\n<p>Kendini i\u015fine adam\u0131\u015f bir s\u00fcr\u00fcc\u00fc olarak, kask\u0131n\u0131z\u0131n viz\u00f6r\u00fcne ve motosiklet y\u00fczeyine yap\u0131\u015fan b\u00f6ceklerle u\u011fra\u015fman\u0131n ne kadar zor oldu\u011funu bilirsiniz. RiderMade Bug Off, bu zorlu\u011fun \u00fcstesinden gelmek i\u00e7in tasarlanm\u0131\u015ft\u0131r ve size b\u00f6cek kal\u0131nt\u0131lar\u0131ndan kurtulman\u0131n en h\u0131zl\u0131 ve en kolay yolunu sunar. Art\u0131k ovalamak veya u\u011fra\u015fmak yok - sadece \u00f6n\u00fcn\u00fczdeki yola odaklanman\u0131z\u0131 sa\u011flayan temiz, b\u00f6ceklerden ar\u0131nm\u0131\u015f bir y\u00fczey.<\/p>\n<\/div>\n<\/div><\/div>\n\n\n\n<div class=\"wp-block-columns alignwide are-vertically-aligned-center is-layout-flex wp-container-core-columns-is-layout-f0342b05 wp-block-columns-is-layout-flex\" style=\"margin-top:0;margin-bottom:0\">\n<div class=\"wp-block-column is-vertically-aligned-center is-layout-flow wp-block-column-is-layout-flow\">\n<div class=\"wp-block-columns is-layout-flex wp-container-core-columns-is-layout-c2382d39 wp-block-columns-is-layout-flex\" style=\"padding-top:var(--wp--preset--spacing--30);padding-right:var(--wp--preset--spacing--40);padding-bottom:var(--wp--preset--spacing--30);padding-left:var(--wp--preset--spacing--40)\">\n<div class=\"wp-block-column is-layout-flow wp-block-column-is-layout-flow\">\n<div class=\"wp-block-group is-nowrap is-layout-flex wp-container-core-group-is-layout-6c531013 wp-block-group-is-layout-flex\">\n<div class=\"ghostkit-icon ghostkit-custom-ZxhwCs\"><div class=\"ghostkit-icon-inner\"><svg xmlns=\"http:\/\/www.w3.org\/2000\/svg\" width=\"48\" height=\"48\" viewbox=\"0 0 48 48\" fill=\"none\"><path d=\"M1.44598 24.163H5.23298C9.09182 23.945 12.7189 22.2507 15.3623 19.4311C18.0058 16.6115 19.463 12.8828 19.432 9.01798C19.432 6.02598 25.111 5.64698 25.111 11.326C24.8208 15.0245 24.187 18.6879 23.218 22.269H38.363C39.1068 22.2829 39.8155 22.5882 40.3366 23.1192C40.8578 23.6502 41.1497 24.3645 41.1497 25.1085C41.1497 25.8525 40.8578 26.5667 40.3366 27.0977C39.8155 27.6287 39.1068 27.934 38.363 27.948H36.47C37.2138 27.9619 37.9225 28.2672 38.4436 28.7982C38.9647 29.3292 39.2567 30.0435 39.2567 30.7875C39.2567 31.5315 38.9647 32.2457 38.4436 32.7767C37.9225 33.3077 37.2138 33.613 36.47 33.627H34.577M34.575 33.629C35.3188 33.6429 36.0275 33.9482 36.5486 34.4792C37.0698 35.0102 37.3617 35.7245 37.3617 36.4685C37.3617 37.2125 37.0698 37.9267 36.5486 38.4577C36.0275 38.9887 35.3188 39.294 34.575 39.308H32.682C33.4258 39.3219 34.1345 39.6272 34.6556 40.1582C35.1768 40.6892 35.4687 41.4035 35.4687 42.1475C35.4687 42.8915 35.1768 43.6057 34.6556 44.1367C34.1345 44.6677 33.4258 44.973 32.682 44.987H20.377C12.805 44.987 16.59 41.2 1.44698 41.2M7.12498 14.699V10.912M5.23298 12.805H9.01998M14.699 5.23298V1.44598M12.805 3.33998H16.592M33.629 9.01998V5.23298M31.736 7.12498H35.523M43.095 18.484V14.697M41.2 16.591H44.987\" stroke=\"currentColor\" stroke-linecap=\"round\" stroke-linejoin=\"round\"><\/path><\/svg><\/div><\/div>\n\n\n\n<p>An\u0131nda p\u00fcsk\u00fcrtme ve silme<\/p>\n<\/div>\n<\/div>\n\n\n\n<div class=\"wp-block-column is-layout-flow wp-block-column-is-layout-flow\">\n<div class=\"wp-block-group is-nowrap is-layout-flex wp-container-core-group-is-layout-6c531013 wp-block-group-is-layout-flex\">\n<div class=\"ghostkit-icon ghostkit-custom-1wQjrf\"><div class=\"ghostkit-icon-inner\"><svg xmlns=\"http:\/\/www.w3.org\/2000\/svg\" width=\"48\" height=\"48\" viewbox=\"0 0 48 48\" fill=\"none\"><path d=\"M33.629 13.751L22.205 30.281L13.538 21.611M4.28703 8.646V23.103C4.27893 27.7941 5.68968 32.3779 8.33403 36.2526C10.9784 40.1273 14.7327 43.1117 19.104 44.814L21.123 45.597C22.4688 46.1175 23.9603 46.1175 25.306 45.597L27.325 44.814C31.6971 43.1126 35.4524 40.1287 38.0977 36.2541C40.743 32.3795 42.1545 27.7955 42.147 23.104V8.646C42.1517 8.08742 41.9953 7.53932 41.6967 7.06724C41.398 6.59517 40.9697 6.2191 40.463 5.984C35.0296 3.59716 29.1513 2.39123 23.217 2.446C17.2827 2.39123 11.4044 3.59716 5.97103 5.984C5.46431 6.2191 5.03602 6.59517 4.73739 7.06724C4.43875 7.53932 4.2824 8.08742 4.28703 8.646Z\" stroke=\"currentColor\" stroke-linecap=\"round\" stroke-linejoin=\"round\"><\/path><\/svg><\/div><\/div>\n\n\n\n<p>Kask, viz\u00f6r ve kaportalarda g\u00fcvenlidir.<\/p>\n<\/div>\n<\/div>\n<\/div>\n\n\n\n<div class=\"wp-block-columns is-layout-flex wp-container-core-columns-is-layout-fa1360b8 wp-block-columns-is-layout-flex\" style=\"border-bottom-color:var(--wp--preset--color--faded);border-bottom-width:1px;margin-bottom:var(--wp--preset--spacing--40);padding-top:var(--wp--preset--spacing--30);padding-right:var(--wp--preset--spacing--40);padding-bottom:var(--wp--preset--spacing--50);padding-left:var(--wp--preset--spacing--40)\">\n<div class=\"wp-block-column is-layout-flow wp-block-column-is-layout-flow\">\n<div class=\"wp-block-group is-nowrap is-layout-flex wp-container-core-group-is-layout-6c531013 wp-block-group-is-layout-flex\">\n<div class=\"ghostkit-icon ghostkit-custom-geVXR\"><div class=\"ghostkit-icon-inner\"><svg xmlns=\"http:\/\/www.w3.org\/2000\/svg\" width=\"48\" height=\"48\" viewbox=\"0 0 48 48\" fill=\"none\"><path d=\"M9.573 40.7447C29.885 47.5217 22.388 47.5787 45.541 36.0117C44.9042 35.1502 44.0171 34.5061 43.0008 34.1674C41.9845 33.8286 40.8883 33.8116 39.862 34.1187L31.475 36.9587M9.573 30.3897H15.252C18.4743 30.5054 21.5271 31.8623 23.772 34.1767H29.451C29.9532 34.1767 30.4348 34.3762 30.7899 34.7313C31.145 35.0864 31.3445 35.568 31.3445 36.0702C31.3445 36.5724 31.145 37.054 30.7899 37.4091C30.4348 37.7642 29.9532 37.9637 29.451 37.9637H19.037M14.02 23.9347C12.6978 21.2985 12.1741 18.3335 12.5132 15.4038C12.8523 12.4741 14.0394 9.70713 15.9288 7.44256C17.8182 5.178 20.3277 3.51437 23.1493 2.65588C25.9708 1.7974 28.9817 1.78141 31.8122 2.60989C34.6427 3.43837 37.1697 5.07526 39.0831 7.31964C40.9964 9.56402 42.2128 12.3182 42.583 15.2442C42.9532 18.1701 42.461 21.1405 41.1669 23.7906C39.8728 26.4408 37.833 28.6554 35.298 30.1627M38.744 6.93474C38.5561 7.93787 38.1674 8.89267 37.6011 9.74176C37.0349 10.5909 36.3029 11.3167 35.449 11.8757C32.817 11.2127 30.187 13.1827 30.849 13.1827C31.511 13.1827 32.156 15.8147 32.156 15.8147C32.819 16.4777 34.144 15.8147 34.144 15.8147C35.791 17.4617 31.512 20.4337 31.512 21.0957C31.512 21.7577 33.159 22.0797 32.156 22.9887C31.6233 23.5519 30.9784 23.9972 30.263 24.2957C30.263 27.5907 26.968 27.5907 26.326 27.5907C25.684 27.5907 24.338 24.9587 24.338 24.2957C24.338 23.6327 25.001 22.9887 25.001 22.4027C25.001 21.8167 23.676 20.5097 23.676 20.5097C23.676 17.8777 21.783 18.6167 19.739 18.6167C17.695 18.6167 17.674 15.8127 17.674 15.8127C17.674 15.8127 17.674 11.2127 20.969 10.5507C24.264 9.88874 24.264 11.2137 24.264 11.2137C25.589 12.5207 28.22 11.2137 29.526 11.2137C29.526 11.2137 30.189 6.59474 28.882 7.25774C27.575 7.92074 26.383 7.40974 26.25 5.95074C26.042 3.88774 31.929 2.65574 31.929 2.65574M2.946 28.4967H8.625C8.625 28.4967 9.571 28.4967 9.571 29.4427V42.6937C9.571 42.6937 9.571 43.6397 8.625 43.6397H2.946C2.946 43.6397 2 43.6397 2 42.6937V29.4427C2 29.4427 2 28.4967 2.946 28.4967Z\" stroke=\"currentColor\" stroke-linecap=\"round\" stroke-linejoin=\"round\"><\/path><\/svg><\/div><\/div>\n\n\n\n<p>Biyolojik olarak par\u00e7alanabilir ve cilt dostu<\/p>\n<\/div>\n<\/div>\n\n\n\n<div class=\"wp-block-column is-layout-flow wp-block-column-is-layout-flow\"><\/div>\n<\/div>\n\n\n\n<div class=\"wp-block-group has-global-padding is-layout-constrained wp-container-core-group-is-layout-97829e9f wp-block-group-is-layout-constrained\" style=\"padding-right:var(--wp--preset--spacing--40);padding-left:var(--wp--preset--spacing--40)\">\n<p><strong>Kullan\u0131m \u015eekli:<\/strong> Bug Off&#8217;u y\u00fczeye yakla\u015f\u0131k 6-8 in\u00e7 uza\u011fa p\u00fcsk\u00fcrt\u00fcn ve an\u0131nda silin. \u00dcr\u00fcn\u00fcn y\u00fczeyde kurumas\u0131n\u0131 \u00f6nleyin.<\/p>\n<\/div>\n<\/div>\n\n\n\n<div class=\"wp-block-column is-vertically-aligned-center col-offset-right is-layout-flow wp-block-column-is-layout-flow\">\n<figure class=\"wp-block-image size-1536x1536\"><img loading=\"lazy\" decoding=\"async\" width=\"1533\" height=\"1536\" src=\"https:\/\/ridermade.com\/wp-content\/uploads\/2024\/02\/Bo-Almost-Square-1533x1536.avif\" alt=\"\" class=\"wp-image-1665\" srcset=\"https:\/\/ridermade.com\/wp-content\/uploads\/2024\/02\/Bo-Almost-Square-1533x1536.avif 1533w, https:\/\/ridermade.com\/wp-content\/uploads\/2024\/02\/Bo-Almost-Square-300x300.avif 300w, https:\/\/ridermade.com\/wp-content\/uploads\/2024\/02\/Bo-Almost-Square-1022x1024.avif 1022w, https:\/\/ridermade.com\/wp-content\/uploads\/2024\/02\/Bo-Almost-Square-150x150.avif 150w, https:\/\/ridermade.com\/wp-content\/uploads\/2024\/02\/Bo-Almost-Square-768x770.avif 768w, https:\/\/ridermade.com\/wp-content\/uploads\/2024\/02\/Bo-Almost-Square-1024x1026.avif 1024w, https:\/\/ridermade.com\/wp-content\/uploads\/2024\/02\/Bo-Almost-Square.avif 1932w\" sizes=\"auto, (max-width: 1533px) 100vw, 1533px\" \/><\/figure>\n<\/div>\n<\/div>\n<\/div>\n","protected":false},"excerpt":{"rendered":"<p>Bug Off, viz\u00f6r\u00fcn\u00fczden, kask\u0131n\u0131zdan ve motosikletinizden b\u00f6cekleri, katran\u0131 ve inat\u00e7\u0131 sinekleri an\u0131nda temizler. Sadece p\u00fcsk\u00fcrt\u00fcn ve silin. Bu kadar!<\/p>\n<ul>\n<li>Kal\u0131nt\u0131 b\u0131rakmayan, an\u0131nda b\u00f6cek temizli\u011fi<\/li>\n<li>Kompakt, kullan\u0131\u015fl\u0131 seyahat boyu<\/li>\n<\/ul>\n","protected":false},"featured_media":948,"comment_status":"open","ping_status":"closed","template":"","meta":{"_seopress_robots_primary_cat":"","_seopress_titles_title":"","_seopress_titles_desc":"","_seopress_robots_index":"","ghostkit_customizer_options":"","ghostkit_custom_css":"","ghostkit_custom_js_head":"","ghostkit_custom_js_foot":"","ghostkit_typography":"","_joinchat":[]},"product_brand":[],"product_cat":[32],"product_tag":[],"class_list":{"0":"post-419","1":"product","2":"type-product","3":"status-publish","4":"has-post-thumbnail","6":"product_cat-motosiklet-bakimi","8":"first","9":"instock","10":"sale","11":"shipping-taxable","12":"purchasable","13":"product-type-simple"},"_links":{"self":[{"href":"https:\/\/ridermade.com\/tr\/wp-json\/wp\/v2\/product\/419","targetHints":{"allow":["GET"]}}],"collection":[{"href":"https:\/\/ridermade.com\/tr\/wp-json\/wp\/v2\/product"}],"about":[{"href":"https:\/\/ridermade.com\/tr\/wp-json\/wp\/v2\/types\/product"}],"replies":[{"embeddable":true,"href":"https:\/\/ridermade.com\/tr\/wp-json\/wp\/v2\/comments?post=419"}],"wp:featuredmedia":[{"embeddable":true,"href":"https:\/\/ridermade.com\/tr\/wp-json\/wp\/v2\/media\/948"}],"wp:attachment":[{"href":"https:\/\/ridermade.com\/tr\/wp-json\/wp\/v2\/media?parent=419"}],"wp:term":[{"taxonomy":"product_brand","embeddable":true,"href":"https:\/\/ridermade.com\/tr\/wp-json\/wp\/v2\/product_brand?post=419"},{"taxonomy":"product_cat","embeddable":true,"href":"https:\/\/ridermade.com\/tr\/wp-json\/wp\/v2\/product_cat?post=419"},{"taxonomy":"product_tag","embeddable":true,"href":"https:\/\/ridermade.com\/tr\/wp-json\/wp\/v2\/product_tag?post=419"}],"curies":[{"name":"wp","href":"https:\/\/api.w.org\/{rel}","templated":true}]}}