{"id":421,"date":"2024-02-07T15:44:58","date_gmt":"2024-02-07T12:44:58","guid":{"rendered":"https:\/\/wordpress1707176168692.app.runonflux.io\/product\/kolay-temizlik\/"},"modified":"2025-09-05T08:08:51","modified_gmt":"2025-09-05T05:08:51","slug":"easy-clean","status":"publish","type":"product","link":"https:\/\/ridermade.com\/tr\/product\/easy-clean\/","title":{"rendered":"Easy Clean Susuz Temizlik"},"content":{"rendered":"","protected":false},"excerpt":{"rendered":"<div class=\"wp-block-post-excerpt\">\n<p class=\"wp-block-post-excerpt__excerpt\">RiderMade Easy Clean: Sorunsuz susuz temizlik i\u00e7in \u00f6zel olarak form\u00fcle edilmi\u015f m\u00fckemmel sprey. Su ihtiyac\u0131n\u0131 ortadan kald\u0131r\u0131r. Sadece p\u00fcsk\u00fcrt\u00fcn ve silin.<\/p>\n<\/div>\n","protected":false},"featured_media":1594,"comment_status":"open","ping_status":"closed","template":"","meta":{"_seopress_robots_primary_cat":"","_seopress_titles_title":"","_seopress_titles_desc":"","_seopress_robots_index":"","ghostkit_customizer_options":"","ghostkit_custom_css":"","ghostkit_custom_js_head":"","ghostkit_custom_js_foot":"","ghostkit_typography":"","_joinchat":[]},"product_brand":[],"product_cat":[32,33],"product_tag":[],"class_list":{"0":"post-421","1":"product","2":"type-product","3":"status-publish","4":"has-post-thumbnail","6":"product_cat-motosiklet-bakimi","7":"product_cat-motosiklet-temizligi","9":"first","10":"instock","11":"sale","12":"shipping-taxable","13":"purchasable","14":"product-type-simple"},"_links":{"self":[{"href":"https:\/\/ridermade.com\/tr\/wp-json\/wp\/v2\/product\/421","targetHints":{"allow":["GET"]}}],"collection":[{"href":"https:\/\/ridermade.com\/tr\/wp-json\/wp\/v2\/product"}],"about":[{"href":"https:\/\/ridermade.com\/tr\/wp-json\/wp\/v2\/types\/product"}],"replies":[{"embeddable":true,"href":"https:\/\/ridermade.com\/tr\/wp-json\/wp\/v2\/comments?post=421"}],"wp:featuredmedia":[{"embeddable":true,"href":"https:\/\/ridermade.com\/tr\/wp-json\/wp\/v2\/media\/1594"}],"wp:attachment":[{"href":"https:\/\/ridermade.com\/tr\/wp-json\/wp\/v2\/media?parent=421"}],"wp:term":[{"taxonomy":"product_brand","embeddable":true,"href":"https:\/\/ridermade.com\/tr\/wp-json\/wp\/v2\/product_brand?post=421"},{"taxonomy":"product_cat","embeddable":true,"href":"https:\/\/ridermade.com\/tr\/wp-json\/wp\/v2\/product_cat?post=421"},{"taxonomy":"product_tag","embeddable":true,"href":"https:\/\/ridermade.com\/tr\/wp-json\/wp\/v2\/product_tag?post=421"}],"curies":[{"name":"wp","href":"https:\/\/api.w.org\/{rel}","templated":true}]}}