{"id":426,"date":"2024-02-07T16:03:29","date_gmt":"2024-02-07T13:03:29","guid":{"rendered":"https:\/\/wordpress1707176168692.app.runonflux.io\/product\/detaylandirma-fircasi\/"},"modified":"2026-01-28T17:51:31","modified_gmt":"2026-01-28T14:51:31","slug":"detay-fircasi","status":"publish","type":"product","link":"https:\/\/ridermade.com\/tr\/product\/detay-fircasi\/","title":{"rendered":"Detay F\u0131r\u00e7as\u0131"},"content":{"rendered":"\n<div class=\"wp-block-group editor-product has-global-padding is-layout-constrained wp-block-group-is-layout-constrained\">\n<div class=\"wp-block-group alignfull has-global-padding is-layout-constrained wp-container-core-group-is-layout-99dce78a wp-block-group-is-layout-constrained\" style=\"padding-right:var(--wp--preset--spacing--30);padding-bottom:var(--wp--preset--spacing--20);padding-left:var(--wp--preset--spacing--30)\">\n<div class=\"wp-block-columns alignwide are-vertically-aligned-bottom is-layout-flex wp-container-core-columns-is-layout-658170e2 wp-block-columns-is-layout-flex\">\n<div class=\"wp-block-column is-vertically-aligned-bottom is-layout-flow wp-block-column-is-layout-flow\" style=\"flex-basis:58%\">\n<h2 class=\"wp-block-heading\" id=\"for-meticulous-riders-that-care-for-every-detail\">Her Ayr\u0131nt\u0131y\u0131 \u00d6nemseyen Titiz S\u00fcr\u00fcc\u00fcler \u0130\u00e7in<\/h2>\n<\/div>\n\n\n\n<div class=\"wp-block-column is-vertically-aligned-bottom is-layout-flow wp-block-column-is-layout-flow\">\n<p>Detay f\u0131r\u00e7am\u0131z\u0131n yo\u011fun yaban domuzu postu k\u0131llar\u0131, ula\u015f\u0131lmas\u0131 zor alanlardaki tozu, kiri ve kiri yakalay\u0131p \u00e7\u0131kararak motosikletinizin y\u00fczeylerini kusursuz bir \u015fekilde temiz b\u0131rak\u0131r.<\/p>\n<\/div>\n<\/div>\n<\/div>\n\n\n\n<div class=\"wp-block-cover alignfull\" style=\"min-height:40vw;aspect-ratio:unset;\"><span aria-hidden=\"true\" class=\"wp-block-cover__background has-background-dim-0 has-background-dim\"><\/span><img loading=\"lazy\" decoding=\"async\" width=\"2560\" height=\"1707\" class=\"wp-block-cover__image-background wp-image-1636\" alt=\"\" src=\"https:\/\/ridermade.com\/wp-content\/uploads\/2024\/02\/Detail-Brush-on-Gasket-scaled.avif\" data-object-fit=\"cover\" srcset=\"https:\/\/ridermade.com\/wp-content\/uploads\/2024\/02\/Detail-Brush-on-Gasket-scaled.avif 2560w, https:\/\/ridermade.com\/wp-content\/uploads\/2024\/02\/Detail-Brush-on-Gasket-1024x683.avif 1024w, https:\/\/ridermade.com\/wp-content\/uploads\/2024\/02\/Detail-Brush-on-Gasket-300x200.avif 300w, https:\/\/ridermade.com\/wp-content\/uploads\/2024\/02\/Detail-Brush-on-Gasket-768x512.avif 768w, https:\/\/ridermade.com\/wp-content\/uploads\/2024\/02\/Detail-Brush-on-Gasket-1536x1024.avif 1536w, https:\/\/ridermade.com\/wp-content\/uploads\/2024\/02\/Detail-Brush-on-Gasket-2048x1365.avif 2048w\" sizes=\"auto, (max-width: 2560px) 100vw, 2560px\" \/><div class=\"wp-block-cover__inner-container has-global-padding is-layout-constrained wp-block-cover-is-layout-constrained\">\n<p><\/p>\n<\/div><\/div>\n\n\n\n<div class=\"wp-block-columns alignwide are-vertically-aligned-center is-layout-flex wp-container-core-columns-is-layout-f798d21e wp-block-columns-is-layout-flex\" style=\"margin-top:0;margin-bottom:0\">\n<div class=\"wp-block-column is-vertically-aligned-center has-global-padding is-content-justification-left is-layout-constrained wp-container-core-column-is-layout-74cbbf86 wp-block-column-is-layout-constrained\">\n<div class=\"wp-block-group has-global-padding is-layout-constrained wp-container-core-group-is-layout-c51b1243 wp-block-group-is-layout-constrained\" style=\"padding-top:var(--wp--preset--spacing--30);padding-right:var(--wp--preset--spacing--30);padding-bottom:var(--wp--preset--spacing--30);padding-left:var(--wp--preset--spacing--30)\">\n<p>Sap\u0131n ergonomik tasar\u0131m\u0131 rahat bir tutu\u015f sa\u011flar ve motosikletinizin her k\u0131vr\u0131m\u0131 ve konturu etraf\u0131nda hassas kontrol ve zahmetsiz manevra sa\u011flar.  <\/p>\n\n\n\n<p>\u0130ster jant telleri gibi karma\u015f\u0131k bile\u015fenler, ister motorun etraf\u0131ndaki bo\u015fluklar veya hassas krom kaplamalar \u00fczerinde u\u011fra\u015f\u0131yor olun, Detay F\u0131r\u00e7as\u0131 motosikletinizin ger\u00e7ek g\u00fczelli\u011fini ortaya \u00e7\u0131karan benzersiz sonu\u00e7lar sunar.<\/p>\n<\/div>\n<\/div>\n\n\n\n<div class=\"wp-block-column is-vertically-aligned-center col-offset-right has-link-color wp-elements-bfb6ad520fdd2d670dbd387f5560de38 has-global-padding is-content-justification-center is-layout-constrained wp-container-core-column-is-layout-e5e6c1a2 wp-block-column-is-layout-constrained\" style=\"padding-right:0;padding-left:0\">\n<div class=\"wp-block-cover has-custom-content-position is-position-bottom-left has-alpha-w-99-color has-text-color\" style=\"padding-top:var(--wp--preset--spacing--40);padding-right:var(--wp--preset--spacing--40);padding-bottom:var(--wp--preset--spacing--40);padding-left:var(--wp--preset--spacing--40);min-height:60vh;aspect-ratio:unset;\"><span aria-hidden=\"true\" class=\"wp-block-cover__background has-background-dim-70 has-background-dim wp-block-cover__gradient-background has-background-gradient\" style=\"background:linear-gradient(170deg,rgba(0,0,0,0) 45%,rgb(0,0,0) 100%)\"><\/span><img loading=\"lazy\" decoding=\"async\" width=\"1828\" height=\"2560\" class=\"wp-block-cover__image-background wp-image-1639\" alt=\"\" src=\"https:\/\/ridermade.com\/wp-content\/uploads\/2024\/02\/Vert-Detail-Brush-on-Hand-scaled.avif\" data-object-fit=\"cover\" srcset=\"https:\/\/ridermade.com\/wp-content\/uploads\/2024\/02\/Vert-Detail-Brush-on-Hand-scaled.avif 1828w, https:\/\/ridermade.com\/wp-content\/uploads\/2024\/02\/Vert-Detail-Brush-on-Hand-scaled-1024x1434.avif 1024w, https:\/\/ridermade.com\/wp-content\/uploads\/2024\/02\/Vert-Detail-Brush-on-Hand-214x300.avif 214w, https:\/\/ridermade.com\/wp-content\/uploads\/2024\/02\/Vert-Detail-Brush-on-Hand-731x1024.avif 731w, https:\/\/ridermade.com\/wp-content\/uploads\/2024\/02\/Vert-Detail-Brush-on-Hand-768x1076.avif 768w, https:\/\/ridermade.com\/wp-content\/uploads\/2024\/02\/Vert-Detail-Brush-on-Hand-1097x1536.avif 1097w, https:\/\/ridermade.com\/wp-content\/uploads\/2024\/02\/Vert-Detail-Brush-on-Hand-1462x2048.avif 1462w\" sizes=\"auto, (max-width: 1828px) 100vw, 1828px\" \/><div class=\"wp-block-cover__inner-container has-global-padding is-layout-constrained wp-container-core-cover-is-layout-52009084 wp-block-cover-is-layout-constrained\">\n<p class=\"has-text-align-left has-small-font-size\"><a href=\"https:\/\/ridermade.com\/tr\/product\/uber-wash-nano\/\" data-type=\"product\" data-id=\"89\">Uber Wash<\/a> ile birlikte kullan\u0131ld\u0131\u011f\u0131nda, Detail Brush y\u00fczeydeki pas\u0131n \u00e7ok daha kolay bir \u015fekilde giderilmesini sa\u011flar ve metallere ekstra parlakl\u0131k eklenmesine de yard\u0131mc\u0131 olur.<\/p>\n<\/div><\/div>\n<\/div>\n<\/div>\n<\/div>\n","protected":false},"excerpt":{"rendered":"<div class=\"wp-block-post-excerpt\">\n<p class=\"wp-block-post-excerpt__excerpt\">Motosiklet temizli\u011finizi RiderMade Detay F\u0131r\u00e7as\u0131 ile bir sonraki seviyeye ta\u015f\u0131y\u0131n. Ger\u00e7ek yaban domuzu postundan elde edilen k\u0131llar, yumu\u015fakl\u0131\u011f\u0131 ve dayan\u0131kl\u0131l\u0131\u011f\u0131yla \u00fcnl\u00fcd\u00fcr ve hassas y\u00fczeylerde \u00e7iziksiz ve nazik bir dokunu\u015f sa\u011flayarak karma\u015f\u0131k motosiklet par\u00e7alar\u0131 i\u00e7in idealdir.<\/p>\n<\/div>\n","protected":false},"featured_media":936,"comment_status":"open","ping_status":"closed","template":"","meta":{"_seopress_robots_primary_cat":"","_seopress_titles_title":"","_seopress_titles_desc":"","_seopress_robots_index":"","ghostkit_customizer_options":"","ghostkit_custom_css":"","ghostkit_custom_js_head":"","ghostkit_custom_js_foot":"","ghostkit_typography":"","_joinchat":[]},"product_brand":[],"product_cat":[32],"product_tag":[],"class_list":{"0":"post-426","1":"product","2":"type-product","3":"status-publish","4":"has-post-thumbnail","6":"product_cat-motosiklet-bakimi","8":"first","9":"instock","10":"shipping-taxable","11":"purchasable","12":"product-type-simple"},"_links":{"self":[{"href":"https:\/\/ridermade.com\/tr\/wp-json\/wp\/v2\/product\/426","targetHints":{"allow":["GET"]}}],"collection":[{"href":"https:\/\/ridermade.com\/tr\/wp-json\/wp\/v2\/product"}],"about":[{"href":"https:\/\/ridermade.com\/tr\/wp-json\/wp\/v2\/types\/product"}],"replies":[{"embeddable":true,"href":"https:\/\/ridermade.com\/tr\/wp-json\/wp\/v2\/comments?post=426"}],"wp:featuredmedia":[{"embeddable":true,"href":"https:\/\/ridermade.com\/tr\/wp-json\/wp\/v2\/media\/936"}],"wp:attachment":[{"href":"https:\/\/ridermade.com\/tr\/wp-json\/wp\/v2\/media?parent=426"}],"wp:term":[{"taxonomy":"product_brand","embeddable":true,"href":"https:\/\/ridermade.com\/tr\/wp-json\/wp\/v2\/product_brand?post=426"},{"taxonomy":"product_cat","embeddable":true,"href":"https:\/\/ridermade.com\/tr\/wp-json\/wp\/v2\/product_cat?post=426"},{"taxonomy":"product_tag","embeddable":true,"href":"https:\/\/ridermade.com\/tr\/wp-json\/wp\/v2\/product_tag?post=426"}],"curies":[{"name":"wp","href":"https:\/\/api.w.org\/{rel}","templated":true}]}}