{"id":430,"date":"2024-02-07T16:14:13","date_gmt":"2024-02-07T13:14:13","guid":{"rendered":"https:\/\/wordpress1707176168692.app.runonflux.io\/product\/fiber-silme\/"},"modified":"2025-09-02T15:48:46","modified_gmt":"2025-09-02T12:48:46","slug":"fiber-wipe","status":"publish","type":"product","link":"https:\/\/ridermade.com\/tr\/product\/fiber-wipe\/","title":{"rendered":"Fiber Wipe"},"content":{"rendered":"\n<div style=\"height:10px\" aria-hidden=\"true\" class=\"wp-block-spacer\"><\/div>\n\n<div class=\"wp-block-group editor-product has-global-padding is-layout-constrained wp-block-group-is-layout-constrained\">\n<div class=\"wp-block-group alignfull has-global-padding is-layout-constrained wp-container-core-group-is-layout-99dce78a wp-block-group-is-layout-constrained\" style=\"padding-right:var(--wp--preset--spacing--30);padding-bottom:var(--wp--preset--spacing--20);padding-left:var(--wp--preset--spacing--30)\">\n<div class=\"wp-block-columns alignwide are-vertically-aligned-bottom is-layout-flex wp-container-core-columns-is-layout-658170e2 wp-block-columns-is-layout-flex\">\n<div class=\"wp-block-column is-vertically-aligned-bottom is-layout-flow wp-block-column-is-layout-flow\" style=\"flex-basis:58%\">\n<h2 class=\"wp-block-heading\" id=\"soft-safe-buffing-made-for-clarity\">Yumu\u015fak ve G\u00fcvenli Parlatma. Netlik i\u00e7in \u00dcretildi<\/h2>\n<\/div>\n\n\n\n<div class=\"wp-block-column is-vertically-aligned-bottom is-layout-flow wp-block-column-is-layout-flow\">\n<p>Elyaflar\u0131n ultra b\u00f6l\u00fcnm\u00fc\u015f yap\u0131s\u0131, Fiber Wipe&#8217;\u0131 kal\u0131nt\u0131 \u00e7\u0131karmada son derece etkili ve standart bezlerden \u00f6nemli \u00f6l\u00e7\u00fcde daha yumu\u015fak hale getirir.  <\/p>\n<\/div>\n<\/div>\n<\/div>\n\n\n\n<div class=\"wp-block-cover alignfull\" style=\"min-height:40vw;aspect-ratio:unset;\"><span aria-hidden=\"true\" class=\"wp-block-cover__background has-background-dim-0 has-background-dim\"><\/span><img loading=\"lazy\" decoding=\"async\" width=\"2560\" height=\"1707\" class=\"wp-block-cover__image-background wp-image-1511\" alt=\"\" src=\"https:\/\/ridermade.com\/wp-content\/uploads\/2024\/02\/Fiber-Wipe-SF-Fairing-scaled.avif\" data-object-fit=\"cover\" srcset=\"https:\/\/ridermade.com\/wp-content\/uploads\/2024\/02\/Fiber-Wipe-SF-Fairing-scaled.avif 2560w, https:\/\/ridermade.com\/wp-content\/uploads\/2024\/02\/Fiber-Wipe-SF-Fairing-1024x683.avif 1024w, https:\/\/ridermade.com\/wp-content\/uploads\/2024\/02\/Fiber-Wipe-SF-Fairing-300x200.avif 300w, https:\/\/ridermade.com\/wp-content\/uploads\/2024\/02\/Fiber-Wipe-SF-Fairing-768x512.avif 768w, https:\/\/ridermade.com\/wp-content\/uploads\/2024\/02\/Fiber-Wipe-SF-Fairing-1536x1024.avif 1536w, https:\/\/ridermade.com\/wp-content\/uploads\/2024\/02\/Fiber-Wipe-SF-Fairing-2048x1365.avif 2048w\" sizes=\"auto, (max-width: 2560px) 100vw, 2560px\" \/><div class=\"wp-block-cover__inner-container has-global-padding is-layout-constrained wp-block-cover-is-layout-constrained\">\n<p><\/p>\n<\/div><\/div>\n\n\n\n<div class=\"wp-block-columns alignwide are-vertically-aligned-center is-layout-flex wp-container-core-columns-is-layout-f798d21e wp-block-columns-is-layout-flex\" style=\"margin-top:0;margin-bottom:0\">\n<div class=\"wp-block-column is-vertically-aligned-center has-global-padding is-content-justification-left is-layout-constrained wp-container-core-column-is-layout-74cbbf86 wp-block-column-is-layout-constrained\">\n<div class=\"wp-block-group has-global-padding is-layout-constrained wp-container-core-group-is-layout-c51b1243 wp-block-group-is-layout-constrained\" style=\"padding-top:var(--wp--preset--spacing--30);padding-right:var(--wp--preset--spacing--30);padding-bottom:var(--wp--preset--spacing--30);padding-left:var(--wp--preset--spacing--30)\">\n<h2 class=\"wp-block-heading\" id=\"care-instructions\">Bak\u0131m Talimatlar\u0131<\/h2>\n\n\n\n<div class=\"wp-block-group has-global-padding is-layout-constrained wp-container-core-group-is-layout-92b9201d wp-block-group-is-layout-constrained\">\n<div class=\"wp-block-group is-nowrap is-layout-flex wp-container-core-group-is-layout-f66f9956 wp-block-group-is-layout-flex\">\n<div class=\"ghostkit-icon ghostkit-custom-CDpRG\"><div class=\"ghostkit-icon-inner\"><svg xmlns=\"http:\/\/www.w3.org\/2000\/svg\" width=\"48\" height=\"48\" viewbox=\"0 0 48 48\" fill=\"none\"><path d=\"M23.25 35H23.75V34.5V14.0625V13.2127L23.0072 13.6254L18.7884 15.9692L18.7707 15.979L18.7668 15.9816C18.7567 15.9825 18.7311 15.9823 18.6855 15.9671C18.6468 15.9542 18.6074 15.9339 18.5734 15.9093C18.5388 15.8841 18.5187 15.861 18.5098 15.8476L18.4823 15.8065L18.4608 15.785C18.4613 15.7832 18.4619 15.7813 18.4626 15.7792C18.4774 15.735 18.5242 15.6719 18.5986 15.6347L18.611 15.6285L18.6231 15.6216L23.8731 12.6216L23.9312 12.5884L23.9722 12.5474C23.9893 12.5496 24.0319 12.5597 24.0977 12.6035L24.1236 12.6208L24.1473 12.6327C24.1493 12.6341 24.1555 12.6387 24.1652 12.6481C24.1815 12.6638 24.1999 12.6856 24.2168 12.7109C24.2337 12.7363 24.2445 12.7584 24.25 12.7728V34.5V35H24.75H30C30.0249 35 30.0916 35.0175 30.1621 35.0879C30.2325 35.1584 30.25 35.2251 30.25 35.25C30.25 35.3415 30.2171 35.3961 30.1778 35.4322C30.1319 35.4742 30.0659 35.5 30 35.5H18C17.8659 35.5 17.8173 35.4617 17.8028 35.4472C17.7883 35.4327 17.75 35.3841 17.75 35.25C17.75 35.1841 17.7758 35.1181 17.8178 35.0722C17.8539 35.0329 17.9085 35 18 35H23.25ZM24 0.5C36.9426 0.5 47.5 11.0574 47.5 24C47.5 37.0351 36.9439 47.5 24 47.5C10.9636 47.5 0.5 37.0364 0.5 24C0.5 11.0561 10.9649 0.5 24 0.5ZM24 47C36.6498 47 47 36.7462 47 24C47 11.3489 36.6511 1 24 1C11.2538 1 1 11.3502 1 24C1 36.7449 11.2551 47 24 47Z\" stroke=\"currentColor\"><\/path><\/svg><\/div><\/div>\n\n\n\n<p>Mikrofiber bezleri, di\u011fer kuma\u015flar\u0131n t\u00fcyleri ile kirlenmelerini \u00f6nlemek i\u00e7in ayr\u0131 y\u0131kay\u0131n.<\/p>\n<\/div>\n\n\n\n<div class=\"wp-block-group is-nowrap is-layout-flex wp-container-core-group-is-layout-f66f9956 wp-block-group-is-layout-flex\">\n<div class=\"ghostkit-icon ghostkit-custom-ZkiIiP\"><div class=\"ghostkit-icon-inner\"><svg xmlns=\"http:\/\/www.w3.org\/2000\/svg\" width=\"48\" height=\"48\" viewbox=\"0 0 48 48\" fill=\"none\"><path d=\"M15.4743 35.3731C15.4544 35.3132 15.4509 35.2127 15.5691 35.0187L27.6992 24.5681C27.6996 24.5678 27.7 24.5674 27.7004 24.5671C30.443 22.2297 30.745 18.1646 28.4119 15.4258L28.4109 15.4246C27.2025 14.0148 25.5817 13.2001 23.7602 13.0953C21.9249 12.8954 20.2022 13.5125 18.8013 14.7127C18.8007 14.7132 18.8002 14.7136 18.7996 14.7141L17.0217 16.2113L17.0053 16.2251L16.9902 16.2402C16.9784 16.252 16.9544 16.2697 16.8901 16.2617C16.819 16.2528 16.7325 16.2129 16.6661 16.1464C16.6542 16.1346 16.6365 16.1107 16.6446 16.0464C16.6531 15.9781 16.6903 15.8955 16.7521 15.8303L18.5131 14.2546C20.0078 13.0268 21.8449 12.4164 23.8629 12.5919L23.8732 12.5928L23.8835 12.5932C25.7899 12.6799 27.5378 13.6338 28.7703 15.1304L28.7702 15.1304L28.7758 15.137C31.3112 18.1095 30.9713 22.3912 27.9842 25.0291C27.9834 25.0298 27.9825 25.0306 27.9817 25.0313L17.3931 34.1206L16.3686 35H17.7188H32.25C32.2749 35 32.3416 35.0175 32.4121 35.0879C32.4825 35.1584 32.5 35.2251 32.5 35.25C32.5 35.3415 32.4671 35.3961 32.4278 35.4322C32.3819 35.4742 32.3159 35.5 32.25 35.5H15.75C15.6454 35.5 15.5769 35.474 15.538 35.4493C15.5007 35.4255 15.483 35.3991 15.4743 35.3731ZM24 0.5C36.9426 0.5 47.5 11.0574 47.5 24C47.5 37.0351 36.9439 47.5 24 47.5C10.9636 47.5 0.5 37.0364 0.5 24C0.5 11.0561 10.9649 0.5 24 0.5ZM24 47C36.6498 47 47 36.7462 47 24C47 11.3489 36.6511 1 24 1C11.2538 1 1 11.3502 1 24C1 36.7449 11.2551 47 24 47Z\" stroke=\"currentColor\"><\/path><\/svg><\/div><\/div>\n\n\n\n<p>\u00c7ama\u015f\u0131r suyu i\u00e7ermeyen normal deterjan ile, standart deterjan miktar\u0131n\u0131n yar\u0131s\u0131 ile 30\u00b0C s\u0131cakl\u0131kta y\u0131kay\u0131n. Bezin mikro fiber b\u00f6lgelerini t\u0131kayarak etkinli\u011fini azaltabilece\u011finden yumu\u015fat\u0131c\u0131 kullanmaktan ka\u00e7\u0131n\u0131n.<\/p>\n<\/div>\n\n\n\n<div class=\"wp-block-group is-nowrap is-layout-flex wp-container-core-group-is-layout-f66f9956 wp-block-group-is-layout-flex\">\n<div class=\"ghostkit-icon ghostkit-custom-1RuXiJ\"><div class=\"ghostkit-icon-inner\"><svg xmlns=\"http:\/\/www.w3.org\/2000\/svg\" width=\"48\" height=\"48\" viewbox=\"0 0 48 48\" fill=\"none\"><path d=\"M30.8382 12.7206C30.8582 12.7807 30.8616 12.8816 30.7425 13.0765L20.3897 22.1235L19.3867 23H20.7188H26.25C29.6301 23 32.5 25.8699 32.5 29.25C32.5 32.7194 29.6346 35.5 26.25 35.5H19.875C17.8392 35.5 16.0755 34.2335 15.4824 32.3982C15.4684 32.3292 15.4776 32.2414 15.5117 32.1685C15.5469 32.093 15.5835 32.0804 15.59 32.0788L15.6433 32.0655L15.6924 32.041C15.7052 32.0346 15.7427 32.0237 15.8077 32.0584C15.8773 32.0955 15.9134 32.1526 15.9212 32.1838L15.9247 32.1978L15.929 32.2116C16.4699 33.9424 18.0865 35 19.875 35H26.25C29.3328 35 32 32.4382 32 29.25C32 26.1614 29.3386 23.5 26.25 23.5H18.75C18.6452 23.5 18.5902 23.4743 18.5636 23.455C18.5408 23.4384 18.507 23.4041 18.4851 23.3162L18.4804 23.2976L18.4743 23.2794C18.4498 23.2059 18.4663 23.1216 18.5322 23.0503L29.0168 13.8763L30.0182 13H28.6875H15.75C15.6159 13 15.5673 12.9617 15.5528 12.9472C15.5383 12.9327 15.5 12.8841 15.5 12.75C15.5 12.6841 15.5258 12.6181 15.5678 12.5722C15.6039 12.5329 15.6585 12.5 15.75 12.5H30.7205C30.7226 12.5022 30.7251 12.5048 30.7279 12.508C30.7624 12.5469 30.8047 12.6203 30.8382 12.7206ZM24 0.5C36.9426 0.5 47.5 11.0574 47.5 24C47.5 37.0351 36.9439 47.5 24 47.5C10.9636 47.5 0.5 37.0364 0.5 24C0.5 11.0561 10.9649 0.5 24 0.5ZM24 47C36.6498 47 47 36.7462 47 24C47 11.3489 36.6511 1 24 1C11.2538 1 1 11.3502 1 24C1 36.7449 11.2551 47 24 47Z\" stroke=\"currentColor\"><\/path><\/svg><\/div><\/div>\n\n\n\n<p>Bez \u00e7ok kirliyse, mikrofiberlerdeki \u00fcr\u00fcn kal\u0131nt\u0131lar\u0131n\u0131 gidermeye yard\u0131mc\u0131 oldu\u011fu i\u00e7in y\u0131kamaya yar\u0131m fincan sirke eklenmesi \u00f6nerilir. Daha sonra ya havayla kurutun ya da makinede kurutuyorsan\u0131z d\u00fc\u015f\u00fck s\u0131cakl\u0131k ayar\u0131 kullan\u0131n.<\/p>\n<\/div>\n<\/div>\n<\/div>\n<\/div>\n\n\n\n<div class=\"wp-block-column is-vertically-aligned-center col-offset-right has-global-padding is-content-justification-center is-layout-constrained wp-block-column-is-layout-constrained\">\n<div class=\"wp-block-cover has-custom-content-position is-position-bottom-left has-alpha-w-99-color has-text-color\" style=\"padding-top:var(--wp--preset--spacing--40);padding-right:var(--wp--preset--spacing--40);padding-bottom:var(--wp--preset--spacing--40);padding-left:var(--wp--preset--spacing--40);min-height:70vh;aspect-ratio:unset;\"><span aria-hidden=\"true\" class=\"wp-block-cover__background has-background-dim-0 has-background-dim\"><\/span><img loading=\"lazy\" decoding=\"async\" width=\"2200\" height=\"2200\" class=\"wp-block-cover__image-background wp-image-1507\" alt=\"\" src=\"https:\/\/ridermade.com\/wp-content\/uploads\/2024\/02\/SQ-Fiber-Wipe-SF-Seat.avif\" data-object-fit=\"cover\" srcset=\"https:\/\/ridermade.com\/wp-content\/uploads\/2024\/02\/SQ-Fiber-Wipe-SF-Seat.avif 2200w, https:\/\/ridermade.com\/wp-content\/uploads\/2024\/02\/SQ-Fiber-Wipe-SF-Seat-300x300.avif 300w, https:\/\/ridermade.com\/wp-content\/uploads\/2024\/02\/SQ-Fiber-Wipe-SF-Seat-1024x1024.avif 1024w, https:\/\/ridermade.com\/wp-content\/uploads\/2024\/02\/SQ-Fiber-Wipe-SF-Seat-150x150.avif 150w, https:\/\/ridermade.com\/wp-content\/uploads\/2024\/02\/SQ-Fiber-Wipe-SF-Seat-768x768.avif 768w, https:\/\/ridermade.com\/wp-content\/uploads\/2024\/02\/SQ-Fiber-Wipe-SF-Seat-1536x1536.avif 1536w, https:\/\/ridermade.com\/wp-content\/uploads\/2024\/02\/SQ-Fiber-Wipe-SF-Seat-2048x2048.avif 2048w, https:\/\/ridermade.com\/wp-content\/uploads\/2024\/02\/SQ-Fiber-Wipe-SF-Seat-100x100.avif 100w, https:\/\/ridermade.com\/wp-content\/uploads\/2024\/02\/SQ-Fiber-Wipe-SF-Seat-50x50.avif 50w\" sizes=\"auto, (max-width: 2200px) 100vw, 2200px\" \/><div class=\"wp-block-cover__inner-container has-global-padding is-layout-constrained wp-container-core-cover-is-layout-52009084 wp-block-cover-is-layout-constrained\">\n<p class=\"has-text-align-left has-small-font-size\">Fiber Wipe ile zahmetsiz temizlik, kurulama ve parlatma g\u00fcc\u00fc parmaklar\u0131n\u0131z\u0131n ucunda.<\/p>\n<\/div><\/div>\n<\/div>\n<\/div>\n<\/div>\n","protected":false},"excerpt":{"rendered":"<p class=\"wp-block-post-excerpt__excerpt\">Art\u0131k b\u0131rakmayan bir silme i\u00e7in y\u00fcksek yo\u011funluklu mikrofiber bez.<\/p>\n<ul>\n<li>40 x 40 cm<\/li>\n<li>Y\u00fcksek poliamid i\u00e7eri\u011fi<\/li>\n<li>Ultra yumu\u015fak ve kir temizleme i\u00e7in y\u00fcksek etki<\/li>\n<li>Kal\u0131nt\u0131s\u0131z bir sonu\u00e7 sa\u011flar<\/li>\n<li>Kenars\u0131z<\/li>\n<\/ul>\n","protected":false},"featured_media":944,"comment_status":"open","ping_status":"closed","template":"","meta":{"_seopress_robots_primary_cat":"","_seopress_titles_title":"","_seopress_titles_desc":"","_seopress_robots_index":"","ghostkit_customizer_options":"","ghostkit_custom_css":"","ghostkit_custom_js_head":"","ghostkit_custom_js_foot":"","ghostkit_typography":"","_joinchat":[]},"product_brand":[],"product_cat":[32],"product_tag":[],"class_list":{"0":"post-430","1":"product","2":"type-product","3":"status-publish","4":"has-post-thumbnail","6":"product_cat-motosiklet-bakimi","8":"first","9":"instock","10":"shipping-taxable","11":"purchasable","12":"product-type-simple"},"_links":{"self":[{"href":"https:\/\/ridermade.com\/tr\/wp-json\/wp\/v2\/product\/430","targetHints":{"allow":["GET"]}}],"collection":[{"href":"https:\/\/ridermade.com\/tr\/wp-json\/wp\/v2\/product"}],"about":[{"href":"https:\/\/ridermade.com\/tr\/wp-json\/wp\/v2\/types\/product"}],"replies":[{"embeddable":true,"href":"https:\/\/ridermade.com\/tr\/wp-json\/wp\/v2\/comments?post=430"}],"wp:featuredmedia":[{"embeddable":true,"href":"https:\/\/ridermade.com\/tr\/wp-json\/wp\/v2\/media\/944"}],"wp:attachment":[{"href":"https:\/\/ridermade.com\/tr\/wp-json\/wp\/v2\/media?parent=430"}],"wp:term":[{"taxonomy":"product_brand","embeddable":true,"href":"https:\/\/ridermade.com\/tr\/wp-json\/wp\/v2\/product_brand?post=430"},{"taxonomy":"product_cat","embeddable":true,"href":"https:\/\/ridermade.com\/tr\/wp-json\/wp\/v2\/product_cat?post=430"},{"taxonomy":"product_tag","embeddable":true,"href":"https:\/\/ridermade.com\/tr\/wp-json\/wp\/v2\/product_tag?post=430"}],"curies":[{"name":"wp","href":"https:\/\/api.w.org\/{rel}","templated":true}]}}