{"id":432,"date":"2024-02-07T16:34:39","date_gmt":"2024-02-07T13:34:39","guid":{"rendered":"https:\/\/wordpress1707176168692.app.runonflux.io\/product\/fren-parcalari-temizligi\/"},"modified":"2025-08-27T19:00:19","modified_gmt":"2025-08-27T16:00:19","slug":"brake-parts-clean","status":"publish","type":"product","link":"https:\/\/ridermade.com\/tr\/product\/brake-parts-clean\/","title":{"rendered":"Brake Parts Clean Fren ve Par\u00e7a Temizleyici"},"content":{"rendered":"","protected":false},"excerpt":{"rendered":"<div class=\"wp-block-post-excerpt\">\n<p class=\"wp-block-post-excerpt__excerpt\">Brake Parts Clean, g\u00fc\u00e7l\u00fc bir sprey ve ultra h\u0131zl\u0131 kuruyan, klorsuz solvent i\u00e7eren bir ya\u011f giderici ve temizleyicidir.<\/p>\n<ul>\n<li>Cilt dostu<\/li>\n<li>H\u0131zl\u0131 ve etkili temizleyici<\/li>\n<li>360\u00b0 ba\u015f a\u015fa\u011f\u0131 kullan\u0131m<\/li>\n<li>Chlorine i\u00e7ermez<\/li>\n<li>T\u00fcm metaller i\u00e7in g\u00fcvenlidir<\/li>\n<\/ul>\n<\/div>\n","protected":false},"featured_media":1675,"comment_status":"open","ping_status":"closed","template":"","meta":{"_seopress_robots_primary_cat":"","_seopress_titles_title":"","_seopress_titles_desc":"","_seopress_robots_index":"","ghostkit_customizer_options":"","ghostkit_custom_css":"","ghostkit_custom_js_head":"","ghostkit_custom_js_foot":"","ghostkit_typography":"","_joinchat":[]},"product_brand":[],"product_cat":[32,33],"product_tag":[],"class_list":{"0":"post-432","1":"product","2":"type-product","3":"status-publish","4":"has-post-thumbnail","6":"product_cat-motosiklet-bakimi","7":"product_cat-motosiklet-temizligi","9":"first","10":"instock","11":"shipping-taxable","12":"purchasable","13":"product-type-simple"},"_links":{"self":[{"href":"https:\/\/ridermade.com\/tr\/wp-json\/wp\/v2\/product\/432","targetHints":{"allow":["GET"]}}],"collection":[{"href":"https:\/\/ridermade.com\/tr\/wp-json\/wp\/v2\/product"}],"about":[{"href":"https:\/\/ridermade.com\/tr\/wp-json\/wp\/v2\/types\/product"}],"replies":[{"embeddable":true,"href":"https:\/\/ridermade.com\/tr\/wp-json\/wp\/v2\/comments?post=432"}],"wp:featuredmedia":[{"embeddable":true,"href":"https:\/\/ridermade.com\/tr\/wp-json\/wp\/v2\/media\/1675"}],"wp:attachment":[{"href":"https:\/\/ridermade.com\/tr\/wp-json\/wp\/v2\/media?parent=432"}],"wp:term":[{"taxonomy":"product_brand","embeddable":true,"href":"https:\/\/ridermade.com\/tr\/wp-json\/wp\/v2\/product_brand?post=432"},{"taxonomy":"product_cat","embeddable":true,"href":"https:\/\/ridermade.com\/tr\/wp-json\/wp\/v2\/product_cat?post=432"},{"taxonomy":"product_tag","embeddable":true,"href":"https:\/\/ridermade.com\/tr\/wp-json\/wp\/v2\/product_tag?post=432"}],"curies":[{"name":"wp","href":"https:\/\/api.w.org\/{rel}","templated":true}]}}