{"id":434,"date":"2024-02-07T16:35:36","date_gmt":"2024-02-07T13:35:36","guid":{"rendered":"https:\/\/wordpress1707176168692.app.runonflux.io\/product\/kar-kopugu\/"},"modified":"2025-09-04T06:41:28","modified_gmt":"2025-09-04T03:41:28","slug":"snow-foam","status":"publish","type":"product","link":"https:\/\/ridermade.com\/tr\/product\/snow-foam\/","title":{"rendered":"Snow Foam Motosiklet \u015eampuan\u0131"},"content":{"rendered":"\n<p><\/p>\n\n\n\n<p><\/p>\n","protected":false},"excerpt":{"rendered":"<div class=\"wp-block-post-excerpt\">\n<p class=\"wp-block-post-excerpt__excerpt\">Konsantre, y\u00fcksek k\u00f6p\u00fckl\u00fc \u015fampuan, kar k\u00f6p\u00fc\u011f\u00fc i\u00e7in \u00e7ok uygundur. PH dengeli form\u00fcl\u00fc sayesinde iz b\u0131rakma sorunu ya\u015famazs\u0131n\u0131z. Ayr\u0131ca her y\u0131kamadan sonra cilan\u0131z\u0131, s\u0131zd\u0131rmazl\u0131k maddelerinizi ve y\u00fczey koruman\u0131z\u0131 korursunuz.<\/p>\n<\/div>\n","protected":false},"featured_media":1668,"comment_status":"open","ping_status":"closed","template":"","meta":{"_seopress_robots_primary_cat":"","_seopress_titles_title":"","_seopress_titles_desc":"","_seopress_robots_index":"","ghostkit_customizer_options":"","ghostkit_custom_css":"","ghostkit_custom_js_head":"","ghostkit_custom_js_foot":"","ghostkit_typography":"","_joinchat":[]},"product_brand":[],"product_cat":[33],"product_tag":[],"class_list":{"0":"post-434","1":"product","2":"type-product","3":"status-publish","4":"has-post-thumbnail","6":"product_cat-motosiklet-temizligi","8":"first","9":"outofstock","10":"shipping-taxable","11":"purchasable","12":"product-type-simple"},"_links":{"self":[{"href":"https:\/\/ridermade.com\/tr\/wp-json\/wp\/v2\/product\/434","targetHints":{"allow":["GET"]}}],"collection":[{"href":"https:\/\/ridermade.com\/tr\/wp-json\/wp\/v2\/product"}],"about":[{"href":"https:\/\/ridermade.com\/tr\/wp-json\/wp\/v2\/types\/product"}],"replies":[{"embeddable":true,"href":"https:\/\/ridermade.com\/tr\/wp-json\/wp\/v2\/comments?post=434"}],"wp:featuredmedia":[{"embeddable":true,"href":"https:\/\/ridermade.com\/tr\/wp-json\/wp\/v2\/media\/1668"}],"wp:attachment":[{"href":"https:\/\/ridermade.com\/tr\/wp-json\/wp\/v2\/media?parent=434"}],"wp:term":[{"taxonomy":"product_brand","embeddable":true,"href":"https:\/\/ridermade.com\/tr\/wp-json\/wp\/v2\/product_brand?post=434"},{"taxonomy":"product_cat","embeddable":true,"href":"https:\/\/ridermade.com\/tr\/wp-json\/wp\/v2\/product_cat?post=434"},{"taxonomy":"product_tag","embeddable":true,"href":"https:\/\/ridermade.com\/tr\/wp-json\/wp\/v2\/product_tag?post=434"}],"curies":[{"name":"wp","href":"https:\/\/api.w.org\/{rel}","templated":true}]}}