{"id":436,"date":"2024-02-07T16:36:23","date_gmt":"2024-02-07T13:36:23","guid":{"rendered":"https:\/\/wordpress1707176168692.app.runonflux.io\/product\/hizli-parlaklik\/"},"modified":"2026-01-28T17:50:45","modified_gmt":"2026-01-28T14:50:45","slug":"quick-shine","status":"publish","type":"product","link":"https:\/\/ridermade.com\/tr\/product\/quick-shine\/","title":{"rendered":"Quick Shine H\u0131zl\u0131 Cila"},"content":{"rendered":"\n<div class=\"wp-block-group editor-product has-global-padding is-layout-constrained wp-block-group-is-layout-constrained\">\n<div class=\"wp-block-group alignfull has-global-padding is-layout-constrained wp-container-core-group-is-layout-99dce78a wp-block-group-is-layout-constrained\" style=\"padding-right:var(--wp--preset--spacing--30);padding-bottom:var(--wp--preset--spacing--20);padding-left:var(--wp--preset--spacing--30)\">\n<div class=\"wp-block-columns alignwide are-vertically-aligned-bottom is-layout-flex wp-container-core-columns-is-layout-658170e2 wp-block-columns-is-layout-flex\">\n<div class=\"wp-block-column is-vertically-aligned-bottom is-layout-flow wp-block-column-is-layout-flow\" style=\"flex-basis:58%\">\n<h2 class=\"wp-block-heading\" id=\"safe-and-effective-formula-for-the-periodic-washes-1\">H\u0131zl\u0131 Etkili, Uzun \u00d6m\u00fcrl\u00fc: G\u00f6z al\u0131c\u0131 sonu\u00e7.<\/h2>\n<\/div>\n\n\n\n<div class=\"wp-block-column is-vertically-aligned-bottom is-layout-flow wp-block-column-is-layout-flow\">\n<p>Quick Shine, bu tutkuyu s\u00fcr\u00fc\u015ften s\u00fcr\u00fc\u015fe s\u00fcren g\u00f6rkemli, ba\u015f d\u00f6nd\u00fcr\u00fcc\u00fc bir parlakl\u0131kla sergilemenizi sa\u011flar.<\/p>\n<\/div>\n<\/div>\n<\/div>\n\n\n\n<div class=\"wp-block-cover alignfull has-custom-content-position is-position-bottom-center has-alpha-w-99-color has-text-color\" style=\"padding-top:var(--wp--preset--spacing--40);padding-right:var(--wp--preset--spacing--30);padding-bottom:var(--wp--preset--spacing--40);padding-left:var(--wp--preset--spacing--30);min-height:40vw;aspect-ratio:unset;\"><span aria-hidden=\"true\" class=\"wp-block-cover__background has-background-dim wp-block-cover__gradient-background has-background-gradient\" style=\"background:linear-gradient(180deg,rgba(0,0,0,0) 38%,rgb(0,0,0) 100%)\"><\/span><video class=\"wp-block-cover__video-background intrinsic-ignore\" autoplay muted loop playsinline src=\"https:\/\/jetpack2_38080.app.runonflux.io\/ipfs\/QmTHAEW9EurvouYHPcaCnwGZuB6a88xZvbq8x7Qh4hEL2k\" data-object-fit=\"cover\"><\/video><div class=\"wp-block-cover__inner-container has-global-padding is-layout-constrained wp-container-core-cover-is-layout-f90d3be4 wp-block-cover-is-layout-constrained\">\n<div class=\"wp-block-group alignwide has-global-padding is-content-justification-left is-layout-constrained wp-container-core-group-is-layout-74cbbf86 wp-block-group-is-layout-constrained\">\n<p>Quick Shine, boyal\u0131 karenajlar \u00fczerinde koruyucu bir bariyer olu\u015fturan, parlakl\u0131\u011f\u0131 koruyan ve uygulamadan uzun s\u00fcre sonra kiri ve tozu uzakla\u015ft\u0131ran benzersiz bir form\u00fcle sahiptir. Motosikletiniz haftalarca muhte\u015fem g\u00f6r\u00fcnmeye devam edecek.<\/p>\n<\/div>\n<\/div><\/div>\n\n\n\n<div class=\"wp-block-columns alignwide are-vertically-aligned-center is-layout-flex wp-container-core-columns-is-layout-f798d21e wp-block-columns-is-layout-flex\" style=\"margin-top:0;margin-bottom:0\">\n<div class=\"wp-block-column is-vertically-aligned-center has-global-padding is-content-justification-left is-layout-constrained wp-container-core-column-is-layout-c4d06299 wp-block-column-is-layout-constrained\">\n<p style=\"border-bottom-color:var(--wp--preset--color--faded);border-bottom-width:1px;margin-bottom:var(--wp--preset--spacing--40);padding-top:var(--wp--preset--spacing--30);padding-right:var(--wp--preset--spacing--40);padding-bottom:var(--wp--preset--spacing--50);padding-left:var(--wp--preset--spacing--40)\">Quick Shine ile g\u00f6z kama\u015ft\u0131r\u0131c\u0131 bir g\u00f6r\u00fcn\u00fcm elde etmek \u00e7ocuk oyunca\u011f\u0131. Kullan\u0131m\u0131 kolay p\u00fcsk\u00fcrtme ve silme uygulama i\u015flemi, motosikletinize dakikalar i\u00e7inde parlakl\u0131k katarak de\u011ferli zaman\u0131n\u0131zdan ve \u00e7aban\u0131zdan tasarruf etmenizi sa\u011flar.<\/p>\n\n\n\n<div class=\"wp-block-columns is-layout-flex wp-container-core-columns-is-layout-c2382d39 wp-block-columns-is-layout-flex\" style=\"padding-top:var(--wp--preset--spacing--30);padding-right:var(--wp--preset--spacing--40);padding-bottom:var(--wp--preset--spacing--30);padding-left:var(--wp--preset--spacing--40)\">\n<div class=\"wp-block-column is-layout-flow wp-block-column-is-layout-flow\">\n<div class=\"wp-block-group is-nowrap is-layout-flex wp-container-core-group-is-layout-6c531013 wp-block-group-is-layout-flex\">\n<div class=\"ghostkit-icon ghostkit-custom-TNuN7\"><div class=\"ghostkit-icon-inner\"><svg xmlns=\"http:\/\/www.w3.org\/2000\/svg\" width=\"46\" height=\"46\" viewbox=\"0 0 46 46\" fill=\"none\"><path d=\"M33.183 1V6.679M30.3419 3.84094H36.0209M41.7009 35.075V40.754M38.8619 37.916H44.5409M20.878 4.78699C20.829 17.281 26.897 24.353 40.756 24.665C27.906 24.616 21.531 31.507 20.878 44.543C20.754 32.236 15.257 24.646 1 24.663C13.756 24.486 20.83 18.329 20.878 4.78699Z\" stroke=\"currentColor\" stroke-linecap=\"round\" stroke-linejoin=\"round\"><\/path><\/svg><\/div><\/div>\n\n\n\n<p>Saniyeler i\u00e7inde uzun s\u00fcren parlakl\u0131k<\/p>\n<\/div>\n<\/div>\n\n\n\n<div class=\"wp-block-column is-layout-flow wp-block-column-is-layout-flow\">\n<div class=\"wp-block-group is-nowrap is-layout-flex wp-container-core-group-is-layout-6c531013 wp-block-group-is-layout-flex\">\n<div class=\"ghostkit-icon ghostkit-custom-Z296JST\"><div class=\"ghostkit-icon-inner\"><svg xmlns=\"http:\/\/www.w3.org\/2000\/svg\" width=\"48\" height=\"48\" viewbox=\"0 0 48 48\" fill=\"none\"><path d=\"M29.784 24.791L11.302 40.033L1.88196 31.941M22.57 24.078H30.533V31.144M36.585 24.078H44.551V31.144M18.62 34L11.803 28.222M43.745 24.736L25.207 40.035L22.943 38.081M1.92596 44.768H43.573M29.085 13.004C29.0388 14.3743 28.4619 15.6731 27.4762 16.6261C26.4905 17.5792 25.1731 18.1119 23.802 18.1119C22.4309 18.1119 21.1134 17.5792 20.1277 16.6261C19.142 15.6731 18.5651 14.3743 18.519 13.004C18.519 10.906 21.435 6.568 22.934 4.47C23.0335 4.33304 23.164 4.22157 23.3149 4.14472C23.4657 4.06786 23.6326 4.0278 23.802 4.0278C23.9713 4.0278 24.1382 4.06786 24.289 4.14472C24.4399 4.22157 24.5704 4.33304 24.67 4.47C26.171 6.558 29.085 10.912 29.085 13.004ZM1.92596 10.641C1.94858 12.0191 2.51763 13.3318 3.50796 14.2905C4.49829 15.2491 5.82882 15.7752 7.20696 15.753C8.58528 15.7752 9.91602 15.2492 10.9067 14.2906C11.8973 13.332 12.4668 12.0193 12.49 10.641C12.49 8.543 9.57396 4.205 8.07496 2.107C7.97542 1.97004 7.84489 1.85857 7.69403 1.78172C7.54317 1.70486 7.37627 1.66479 7.20696 1.66479C7.03765 1.66479 6.87074 1.70486 6.71988 1.78172C6.56902 1.85857 6.43849 1.97004 6.33896 2.107C4.84096 4.2 1.92596 8.543 1.92596 10.641Z\" stroke=\"currentColor\" stroke-linecap=\"round\" stroke-linejoin=\"round\"><\/path><\/svg><\/div><\/div>\n\n\n\n<p>Su iticilik ve UV korumas\u0131 sa\u011flar<\/p>\n<\/div>\n<\/div>\n<\/div>\n\n\n\n<div class=\"wp-block-columns is-layout-flex wp-container-core-columns-is-layout-a3839c02 wp-block-columns-is-layout-flex\" style=\"margin-bottom:var(--wp--preset--spacing--40);padding-top:var(--wp--preset--spacing--30);padding-right:var(--wp--preset--spacing--40);padding-bottom:var(--wp--preset--spacing--20);padding-left:var(--wp--preset--spacing--40)\">\n<div class=\"wp-block-column is-layout-flow wp-block-column-is-layout-flow\">\n<div class=\"wp-block-group is-nowrap is-layout-flex wp-container-core-group-is-layout-6c531013 wp-block-group-is-layout-flex\">\n<div class=\"ghostkit-icon ghostkit-custom-jdAQz\"><div class=\"ghostkit-icon-inner\"><svg xmlns=\"http:\/\/www.w3.org\/2000\/svg\" width=\"44\" height=\"45\" viewbox=\"0 0 44 45\" fill=\"none\"><path d=\"M20.8771 3.46094H34.1281L36.8271 9.43794M3.693 28.368L1 22.391L5.354 12.548M25.421 28.0699H18.0371L15.576 22.3909L18.0371 16.7119H25.4191L28.07 22.3909L25.4191 28.0699H25.421ZM25.421 28.0699L30.483 36.5929M18.0371 16.7109L13.1211 8.0509M22.5801 41.322H9.51906L6.85706 35.245M39.994 16.3149L42.648 22.3909L38.484 31.6669M38.292 16.7109C38.7965 16.7225 39.2983 16.6332 39.7677 16.4481C40.2372 16.2631 40.665 15.9861 41.0259 15.6333C41.3868 15.2806 41.6736 14.8593 41.8694 14.3942C42.0652 13.9291 42.166 13.4296 42.166 12.9249C42.166 12.4203 42.0652 11.9207 41.8694 11.4556C41.6736 10.9905 41.3868 10.5692 41.0259 10.2165C40.665 9.86382 40.2372 9.5868 39.7677 9.40175C39.2983 9.2167 38.7965 9.12734 38.292 9.13894C37.303 9.16167 36.3621 9.57054 35.6706 10.2781C34.9792 10.9856 34.592 11.9356 34.592 12.9249C34.592 13.9142 34.9792 14.8643 35.6706 15.5718C36.3621 16.2793 37.303 16.6882 38.292 16.7109ZM32.4251 43.594C32.9296 43.6056 33.4313 43.5162 33.9008 43.3312C34.3703 43.1461 34.7981 42.8691 35.159 42.5164C35.5199 42.1637 35.8067 41.7424 36.0024 41.2773C36.1982 40.8122 36.2991 40.3126 36.2991 39.808C36.2991 39.3034 36.1982 38.8038 36.0024 38.3387C35.8067 37.8736 35.5199 37.4523 35.159 37.0996C34.7981 36.7469 34.3703 36.4699 33.9008 36.2848C33.4313 36.0998 32.9296 36.0104 32.4251 36.022C31.436 36.0447 30.4952 36.4536 29.8037 37.1611C29.1122 37.8687 28.7251 38.8187 28.7251 39.808C28.7251 40.7973 29.1122 41.7473 29.8037 42.4549C30.4952 43.1624 31.436 43.5713 32.4251 43.594ZM11.2221 8.573C11.7266 8.5846 12.2283 8.49524 12.6978 8.31019C13.1673 8.12514 13.5951 7.84812 13.956 7.49541C14.3169 7.1427 14.6036 6.72141 14.7994 6.2563C14.9952 5.79119 15.0961 5.29164 15.0961 4.787C15.0961 4.28236 14.9952 3.78281 14.7994 3.3177C14.6036 2.85259 14.3169 2.4313 13.956 2.07859C13.5951 1.72588 13.1673 1.44886 12.6978 1.26381C12.2283 1.07876 11.7266 0.989404 11.2221 1.001C10.233 1.02373 9.29215 1.4326 8.60069 2.14013C7.90923 2.84767 7.52209 3.7977 7.52209 4.787C7.52209 5.7763 7.90923 6.72633 8.60069 7.43387C9.29215 8.1414 10.233 8.55027 11.2221 8.573ZM5.16506 35.6429C5.66957 35.6545 6.17131 35.5652 6.64079 35.3801C7.11028 35.1951 7.53804 34.9181 7.89896 34.5654C8.25987 34.2126 8.54664 33.7914 8.74244 33.3262C8.93823 32.8611 9.03909 32.3616 9.03909 31.8569C9.03909 31.3523 8.93823 30.8528 8.74244 30.3876C8.54664 29.9225 8.25987 29.5013 7.89896 29.1485C7.53804 28.7958 7.11028 28.5188 6.64079 28.3338C6.17131 28.1487 5.66957 28.0593 5.16506 28.0709C4.17602 28.0937 3.23514 28.5025 2.54368 29.2101C1.85222 29.9176 1.46509 30.8676 1.46509 31.8569C1.46509 32.8463 1.85222 33.7963 2.54368 34.5038C3.23514 35.2114 4.17602 35.6202 5.16506 35.6429Z\" stroke=\"currentColor\" stroke-miterlimit=\"10\" stroke-linecap=\"round\" stroke-linejoin=\"round\"><\/path><\/svg><\/div><\/div>\n\n\n\n<p>Polimer bile\u015fik, Carnauba&#8217;dan daha \u00fcst\u00fcn<\/p>\n<\/div>\n<\/div>\n\n\n\n<div class=\"wp-block-column is-layout-flow wp-block-column-is-layout-flow\"><\/div>\n<\/div>\n<\/div>\n\n\n\n<div class=\"wp-block-column is-vertically-aligned-center col-offset-right is-layout-flow wp-block-column-is-layout-flow\">\n<figure class=\"wp-block-image size-full\"><img loading=\"lazy\" decoding=\"async\" width=\"2200\" height=\"2200\" src=\"https:\/\/ridermade.com\/wp-content\/uploads\/2024\/02\/Quickshine-Square-5.avif\" alt=\"\" class=\"wp-image-1549\" srcset=\"https:\/\/ridermade.com\/wp-content\/uploads\/2024\/02\/Quickshine-Square-5.avif 2200w, https:\/\/ridermade.com\/wp-content\/uploads\/2024\/02\/Quickshine-Square-5-300x300.avif 300w, https:\/\/ridermade.com\/wp-content\/uploads\/2024\/02\/Quickshine-Square-5-1024x1024.avif 1024w, https:\/\/ridermade.com\/wp-content\/uploads\/2024\/02\/Quickshine-Square-5-150x150.avif 150w, https:\/\/ridermade.com\/wp-content\/uploads\/2024\/02\/Quickshine-Square-5-768x768.avif 768w, https:\/\/ridermade.com\/wp-content\/uploads\/2024\/02\/Quickshine-Square-5-1536x1536.avif 1536w, https:\/\/ridermade.com\/wp-content\/uploads\/2024\/02\/Quickshine-Square-5-2048x2048.avif 2048w\" sizes=\"auto, (max-width: 2200px) 100vw, 2200px\" \/><\/figure>\n<\/div>\n<\/div>\n\n\n\n<div class=\"wp-block-cover alignfull is-light\" style=\"margin-top:0;margin-bottom:0;min-height:60vh;aspect-ratio:unset;\"><span aria-hidden=\"true\" class=\"wp-block-cover__background has-background-dim-0 has-background-dim\"><\/span><img loading=\"lazy\" decoding=\"async\" width=\"2560\" height=\"1706\" class=\"wp-block-cover__image-background wp-image-1562\" alt=\"\" src=\"https:\/\/ridermade.com\/wp-content\/uploads\/2024\/02\/Quick-Shine-on-Vespa-Seat-1-scaled.avif\" style=\"object-position:50% 71%\" data-object-fit=\"cover\" data-object-position=\"50% 71%\" srcset=\"https:\/\/ridermade.com\/wp-content\/uploads\/2024\/02\/Quick-Shine-on-Vespa-Seat-1-scaled.avif 2560w, https:\/\/ridermade.com\/wp-content\/uploads\/2024\/02\/Quick-Shine-on-Vespa-Seat-1-1024x683.avif 1024w, https:\/\/ridermade.com\/wp-content\/uploads\/2024\/02\/Quick-Shine-on-Vespa-Seat-1-300x200.avif 300w, https:\/\/ridermade.com\/wp-content\/uploads\/2024\/02\/Quick-Shine-on-Vespa-Seat-1-768x512.avif 768w, https:\/\/ridermade.com\/wp-content\/uploads\/2024\/02\/Quick-Shine-on-Vespa-Seat-1-1536x1024.avif 1536w, https:\/\/ridermade.com\/wp-content\/uploads\/2024\/02\/Quick-Shine-on-Vespa-Seat-1-2048x1365.avif 2048w\" sizes=\"auto, (max-width: 2560px) 100vw, 2560px\" \/><div class=\"wp-block-cover__inner-container has-global-padding is-layout-constrained wp-block-cover-is-layout-constrained\">\n<p class=\"has-text-align-center has-large-font-size\"><\/p>\n<\/div><\/div>\n<\/div>\n","protected":false},"excerpt":{"rendered":"<div class=\"wp-block-post-excerpt\">Uzun \u00f6m\u00fcrl\u00fc, g\u00f6z al\u0131c\u0131 bir parlakl\u0131k sa\u011flamak i\u00e7in tasarlanm\u0131\u015f polimer sprey cila RiderMade Quick Shine ile motosikletinizin parlakl\u0131\u011f\u0131n\u0131 art\u0131r\u0131n.<\/div>\n","protected":false},"featured_media":1583,"comment_status":"open","ping_status":"closed","template":"","meta":{"_seopress_robots_primary_cat":"","_seopress_titles_title":"","_seopress_titles_desc":"","_seopress_robots_index":"","ghostkit_customizer_options":"","ghostkit_custom_css":"","ghostkit_custom_js_head":"","ghostkit_custom_js_foot":"","ghostkit_typography":"","_joinchat":[]},"product_brand":[],"product_cat":[32],"product_tag":[],"class_list":{"0":"post-436","1":"product","2":"type-product","3":"status-publish","4":"has-post-thumbnail","6":"product_cat-motosiklet-bakimi","8":"first","9":"instock","10":"sale","11":"shipping-taxable","12":"purchasable","13":"product-type-simple"},"_links":{"self":[{"href":"https:\/\/ridermade.com\/tr\/wp-json\/wp\/v2\/product\/436","targetHints":{"allow":["GET"]}}],"collection":[{"href":"https:\/\/ridermade.com\/tr\/wp-json\/wp\/v2\/product"}],"about":[{"href":"https:\/\/ridermade.com\/tr\/wp-json\/wp\/v2\/types\/product"}],"replies":[{"embeddable":true,"href":"https:\/\/ridermade.com\/tr\/wp-json\/wp\/v2\/comments?post=436"}],"wp:featuredmedia":[{"embeddable":true,"href":"https:\/\/ridermade.com\/tr\/wp-json\/wp\/v2\/media\/1583"}],"wp:attachment":[{"href":"https:\/\/ridermade.com\/tr\/wp-json\/wp\/v2\/media?parent=436"}],"wp:term":[{"taxonomy":"product_brand","embeddable":true,"href":"https:\/\/ridermade.com\/tr\/wp-json\/wp\/v2\/product_brand?post=436"},{"taxonomy":"product_cat","embeddable":true,"href":"https:\/\/ridermade.com\/tr\/wp-json\/wp\/v2\/product_cat?post=436"},{"taxonomy":"product_tag","embeddable":true,"href":"https:\/\/ridermade.com\/tr\/wp-json\/wp\/v2\/product_tag?post=436"}],"curies":[{"name":"wp","href":"https:\/\/api.w.org\/{rel}","templated":true}]}}